{"id":12763,"date":"2019-10-14T13:47:30","date_gmt":"2019-10-14T13:47:30","guid":{"rendered":"http:\/\/www.3p-gmbh.de\/?post_type=product&#038;p=12763"},"modified":"2020-04-15T13:22:08","modified_gmt":"2020-04-15T13:22:08","slug":"bickel-30-50-nut-und-perforiermaschine","status":"publish","type":"product","link":"https:\/\/www.3p-gmbh.de\/da\/produkt\/bickel-30-50-nut-und-perforiermaschine\/","title":{"rendered":"Bickel 30-50 Nut- und Perforiermaschine"},"content":{"rendered":"<p>Die Maschine mit Arbeitsbreite 50cm wird zum wirtschaftlichen Einsatz bei Perforier- oder Nutarbeiten eingesetzt. Der Stanzvorgang wird \u00fcber eine elektrisch gesteuerte, mit Fuss ausgel\u00f6ste Kupplung get\u00e4tigt. Dadurch hat man beide H\u00e4nde zum Anlegen und Ausrichten der Bogen frei.<\/p>\n","protected":false},"excerpt":{"rendered":"<p>Die Maschine mit Arbeitsbreite 50cm wird zum wirtschaftlichen Einsatz bei Perforier- oder Nutarbeiten eingesetzt. Der Stanzvorgang wird \u00fcber eine elektrisch gesteuerte, mit Fuss ausgel\u00f6ste Kupplung get\u00e4tigt. Dadurch hat man beide H\u00e4nde zum Anlegen und Ausrichten der Bogen frei.<\/p>\n","protected":false},"featured_media":12764,"template":"","meta":[],"product_brand":[],"product_cat":[1755],"product_tag":[],"class_list":{"0":"post-12763","1":"product","2":"type-product","3":"status-publish","4":"has-post-thumbnail","6":"product_cat-nut-perforiermaschinen","7":"pa_bezeichnung_typ-bickel-30-50","8":"pa_hersteller-bickel","10":"first","11":"instock","12":"taxable","13":"shipping-taxable","14":"purchasable","15":"product-type-simple"},"jetpack_sharing_enabled":true,"_links":{"self":[{"href":"https:\/\/www.3p-gmbh.de\/da\/wp-json\/wp\/v2\/product\/12763","targetHints":{"allow":["GET"]}}],"collection":[{"href":"https:\/\/www.3p-gmbh.de\/da\/wp-json\/wp\/v2\/product"}],"about":[{"href":"https:\/\/www.3p-gmbh.de\/da\/wp-json\/wp\/v2\/types\/product"}],"wp:featuredmedia":[{"embeddable":true,"href":"https:\/\/www.3p-gmbh.de\/da\/wp-json\/wp\/v2\/media\/12764"}],"wp:attachment":[{"href":"https:\/\/www.3p-gmbh.de\/da\/wp-json\/wp\/v2\/media?parent=12763"}],"wp:term":[{"taxonomy":"product_brand","embeddable":true,"href":"https:\/\/www.3p-gmbh.de\/da\/wp-json\/wp\/v2\/product_brand?post=12763"},{"taxonomy":"product_cat","embeddable":true,"href":"https:\/\/www.3p-gmbh.de\/da\/wp-json\/wp\/v2\/product_cat?post=12763"},{"taxonomy":"product_tag","embeddable":true,"href":"https:\/\/www.3p-gmbh.de\/da\/wp-json\/wp\/v2\/product_tag?post=12763"}],"curies":[{"name":"wp","href":"https:\/\/api.w.org\/{rel}","templated":true}]}}