{"id":125233,"date":"2026-03-16T10:27:03","date_gmt":"2026-03-16T10:27:03","guid":{"rendered":"https:\/\/www.3p-gmbh.de\/?post_type=product&#038;p=125233"},"modified":"2026-03-16T10:27:03","modified_gmt":"2026-03-16T10:27:03","slug":"einfarben-offsetdruckmaschine-heidelberg-mo-s","status":"publish","type":"product","link":"https:\/\/www.3p-gmbh.de\/da\/produkt\/einfarben-offsetdruckmaschine-heidelberg-mo-s\/","title":{"rendered":"Einfarben Offsetdruckmaschine Heidelberg MO-S"},"content":{"rendered":"<p>Einfarben Offsetdruckmaschine Heidelberg MO-S<br \/>\naus 1993<br \/>\nmit Cito System zum perforieren und rillen<\/p>\n<p>sehr guter Zustand<br \/>\nnur 18,5 Millionen Drucke<br \/>\nPapiergr\u00f6\u00dfe 48 x 64cm<\/p>\n<p>\u201eMinus\u201c-Version<br \/>\nZuf\u00fchrvorrichtung<br \/>\nSchnellspannleisten f\u00fcr Platten<br \/>\nPulverbeschichtungseinheit Weko<br \/>\nMolton-D\u00e4mpfungseinheit<\/p>\n","protected":false},"excerpt":{"rendered":"<p>Einfarben Offsetdruckmaschine Heidelberg MO-S aus 1993 mit Cito System zum perforieren und rillen sehr guter Zustand nur 18,5 Millionen Drucke Papiergr\u00f6\u00dfe 48 x 64cm \u201eMinus\u201c-Version Zuf\u00fchrvorrichtung Schnellspannleisten f\u00fcr Platten Pulverbeschichtungseinheit Weko Molton-D\u00e4mpfungseinheit<\/p>\n","protected":false},"featured_media":125234,"template":"","meta":[],"product_brand":[],"product_cat":[4053],"product_tag":[],"class_list":{"0":"post-125233","1":"product","2":"type-product","3":"status-publish","4":"has-post-thumbnail","6":"product_cat-offsetdruck","7":"pa_bezeichnung_typ-mo-s","8":"pa_hersteller-heidelberg","10":"first","11":"instock","12":"taxable","13":"shipping-taxable","14":"product-type-simple"},"jetpack_sharing_enabled":true,"_links":{"self":[{"href":"https:\/\/www.3p-gmbh.de\/da\/wp-json\/wp\/v2\/product\/125233","targetHints":{"allow":["GET"]}}],"collection":[{"href":"https:\/\/www.3p-gmbh.de\/da\/wp-json\/wp\/v2\/product"}],"about":[{"href":"https:\/\/www.3p-gmbh.de\/da\/wp-json\/wp\/v2\/types\/product"}],"wp:featuredmedia":[{"embeddable":true,"href":"https:\/\/www.3p-gmbh.de\/da\/wp-json\/wp\/v2\/media\/125234"}],"wp:attachment":[{"href":"https:\/\/www.3p-gmbh.de\/da\/wp-json\/wp\/v2\/media?parent=125233"}],"wp:term":[{"taxonomy":"product_brand","embeddable":true,"href":"https:\/\/www.3p-gmbh.de\/da\/wp-json\/wp\/v2\/product_brand?post=125233"},{"taxonomy":"product_cat","embeddable":true,"href":"https:\/\/www.3p-gmbh.de\/da\/wp-json\/wp\/v2\/product_cat?post=125233"},{"taxonomy":"product_tag","embeddable":true,"href":"https:\/\/www.3p-gmbh.de\/da\/wp-json\/wp\/v2\/product_tag?post=125233"}],"curies":[{"name":"wp","href":"https:\/\/api.w.org\/{rel}","templated":true}]}}