{"id":125193,"date":"2026-03-11T09:54:24","date_gmt":"2026-03-11T09:54:24","guid":{"rendered":"https:\/\/www.3p-gmbh.de\/?post_type=product&#038;p=125193"},"modified":"2026-03-11T12:30:29","modified_gmt":"2026-03-11T12:30:29","slug":"mbo-t-530-6-4-x-f-taschenfalzmaschine","status":"publish","type":"product","link":"https:\/\/www.3p-gmbh.de\/da\/produkt\/mbo-t-530-6-4-x-f-taschenfalzmaschine\/","title":{"rendered":"MBO T 530-6-4-X-F Taschenfalzmaschine"},"content":{"rendered":"<p>MBO T 530-6-4-X-F Taschenfalzmaschine<\/p>\n<p>16 Seiten Falzmaschine f\u00fcr die Herstellung von B\u00fcchern, Magazinen, Brosch\u00fcren und anderen Werken.<\/p>\n<p>Max. Papierformat: 53 x 84cm<br \/>\nMin. Papierformat: 14 x 18cm<\/p>\n<p>Flachstapelanleger mit St\u00fcckz\u00e4hler und Vacuspeed<br \/>\n-Blattumlaufsteuerung<br \/>\n&#8211; Doppelblattkontrolle<\/p>\n<p>1. Station T530-4 mit 6 Kassetten, Perforation und Rillung<\/p>\n<p>mobile 2. Station T530-4 mit 4 Kassetten, Perforation und Rillung<\/p>\n<p>mobile Messerstation 500-X<\/p>\n","protected":false},"excerpt":{"rendered":"<p>MBO T 530-6-4-X-F Taschenfalzmaschine 16 Seiten Falzmaschine f\u00fcr die Herstellung von B\u00fcchern, Magazinen, Brosch\u00fcren und anderen Werken. Max. Papierformat: 53 x 84cm Min. Papierformat: 14 x 18cm Flachstapelanleger mit St\u00fcckz\u00e4hler und Vacuspeed -Blattumlaufsteuerung &#8211; Doppelblattkontrolle 1. Station T530-4 mit 6 Kassetten, Perforation und Rillung mobile 2. Station T530-4 mit 4 Kassetten, Perforation und Rillung mobile [&hellip;]<\/p>\n","protected":false},"featured_media":125200,"template":"","meta":[],"product_brand":[],"product_cat":[1842],"product_tag":[],"class_list":{"0":"post-125193","1":"product","2":"type-product","3":"status-publish","4":"has-post-thumbnail","6":"product_cat-falzwerke","7":"pa_bezeichnung_typ-t-530-6-4-x-f","8":"pa_hersteller-mbo","10":"first","11":"instock","12":"taxable","13":"shipping-taxable","14":"product-type-simple"},"jetpack_sharing_enabled":true,"_links":{"self":[{"href":"https:\/\/www.3p-gmbh.de\/da\/wp-json\/wp\/v2\/product\/125193","targetHints":{"allow":["GET"]}}],"collection":[{"href":"https:\/\/www.3p-gmbh.de\/da\/wp-json\/wp\/v2\/product"}],"about":[{"href":"https:\/\/www.3p-gmbh.de\/da\/wp-json\/wp\/v2\/types\/product"}],"wp:featuredmedia":[{"embeddable":true,"href":"https:\/\/www.3p-gmbh.de\/da\/wp-json\/wp\/v2\/media\/125200"}],"wp:attachment":[{"href":"https:\/\/www.3p-gmbh.de\/da\/wp-json\/wp\/v2\/media?parent=125193"}],"wp:term":[{"taxonomy":"product_brand","embeddable":true,"href":"https:\/\/www.3p-gmbh.de\/da\/wp-json\/wp\/v2\/product_brand?post=125193"},{"taxonomy":"product_cat","embeddable":true,"href":"https:\/\/www.3p-gmbh.de\/da\/wp-json\/wp\/v2\/product_cat?post=125193"},{"taxonomy":"product_tag","embeddable":true,"href":"https:\/\/www.3p-gmbh.de\/da\/wp-json\/wp\/v2\/product_tag?post=125193"}],"curies":[{"name":"wp","href":"https:\/\/api.w.org\/{rel}","templated":true}]}}