{"id":125119,"date":"2026-02-24T14:43:14","date_gmt":"2026-02-24T14:43:14","guid":{"rendered":"https:\/\/www.3p-gmbh.de\/?post_type=product&#038;p=125119"},"modified":"2026-02-24T14:43:15","modified_gmt":"2026-02-24T14:43:15","slug":"blockleimmaschine-circular-padder-bracket-mit-leimkuehlung","status":"publish","type":"product","link":"https:\/\/www.3p-gmbh.de\/da\/produkt\/blockleimmaschine-circular-padder-bracket-mit-leimkuehlung\/","title":{"rendered":"Blockleimmaschine Circular Padder Bracket mit Leimk\u00fchlung"},"content":{"rendered":"<div>Schreibtischunterlagen R\u00fccken-beleimen mit<\/div>\n<div><\/div>\n<div>\n<div><span style=\"color: #000000;\"><strong>Blockleimmaschine Circular Padder\u00a0Brackett mit Leimk\u00fchlung\u00a0<\/strong><\/span><\/div>\n<div><\/div>\n<div>verleimt lose Bl\u00e4tter: Blocks, SD-S\u00e4tze, Formulars\u00e4tze mit Durchschreibepapier, Abrei\u00dfblocks, Notizbl\u00f6cke, Schreibbl\u00f6cke, Rechnungsblocks, Gastrobl\u00f6cke, Schreibtischunterlagen, Datumsbl\u00e4tter von Dreimonatskalendern.<\/div>\n<div>Die Blocks k\u00f6nnen im Einfachnutzen, Mehrfachnutzen, ohne oder mit R\u00fcckenpappe, produziert werden.<\/div>\n<div>Die realistische Leistung liegt bei 1.800\/Stunde mal die Anzahl der Nutzen.<\/p>\n<p>Blockleimung ohne Pinsel und Leimdose<br \/>\nGegen\u00fcber dem herk\u00f6mmlichen Blockleimen mit Kaltleim und Pinsel verwendet der Circular Padder Hei\u00dfleim.<\/p><\/div>\n<div>Die geleimten Blocks sind dank Wasserk\u00fchlung des Klebstoffs sofort gebrauchsfertig.<\/div>\n<div>Der Circular Padder erspart das zeitaufwendige Einstapeln in eine Blockleimvorrichtung, schweres Heben des Papierstapels, oder das m\u00fchsame Stapeln und Beschweren der Blocks auf einer Tischkante.<\/div>\n<div>Und nat\u00fcrlich das Einpinseln der Blocks mit Leim und Abwarten der Trockenzeit.<\/p>\n<p>Automatische Blockleimung<br \/>\nDer Bediener legt einen oder mehrere Blocks, ohne oder mit Pappenunterlage, in die Zange ein.<\/p><\/div>\n<div>Der R\u00fctteltisch richtet die Bl\u00e4tter sauber aus.<\/div>\n<div>Die Zangen schlie\u00dfen automatisch, beleimen den Block, k\u00fchlen den Leim, und legen ihn automatisch auf die Bandauslage.<\/div>\n<div>\u00a0Ab da k\u00f6nnen die verleimten Bl\u00f6cke sofort verpackt werden.<\/div>\n<div>Weil die Blockzangen im Kreis fahren kann der Bediener von seinem Arbeitsplatz aus beides: Blocks anlegen und die fertigen Blocks kontrollieren.<\/p>\n<p>Technische Daten<br \/>\n6 Zangen<br \/>\nbis zu 3.400 mechanische Takte\/Stunde, realistische Leistung etwa 1.800 Takte (je nach Format, Papierqualit\u00e4t und Bedienperson)<\/p><\/div>\n<div>Ger\u00e4t mobil auf Schwerlast-Lenkrollen mit Feststellfunktion<br \/>\nZeitschaltuhr f\u00fcr automatisches Aufheizen<br \/>\nR\u00fctteltisch f\u00fcr automatische Blattausrichtung<br \/>\nintegrierter Arbeitstisch<br \/>\nR\u00fcckenl\u00e4nge bis 480 mm<br \/>\nBuchdicke 2 Blatt bis 25 mm<br \/>\nStromversorgung 230V 50Hz<br \/>\nGewicht 840 kg;<\/div>\n<div>Stellfl\u00e4che ca.\u00a0183 x 244 cm<\/div>\n<\/div>\n","protected":false},"excerpt":{"rendered":"<p>Schreibtischunterlagen R\u00fccken-beleimen mit Blockleimmaschine Circular Padder\u00a0Brackett mit Leimk\u00fchlung\u00a0 verleimt lose Bl\u00e4tter: Blocks, SD-S\u00e4tze, Formulars\u00e4tze mit Durchschreibepapier, Abrei\u00dfblocks, Notizbl\u00f6cke, Schreibbl\u00f6cke, Rechnungsblocks, Gastrobl\u00f6cke, Schreibtischunterlagen, Datumsbl\u00e4tter von Dreimonatskalendern. Die Blocks k\u00f6nnen im Einfachnutzen, Mehrfachnutzen, ohne oder mit R\u00fcckenpappe, produziert werden. Die realistische Leistung liegt bei 1.800\/Stunde mal die Anzahl der Nutzen. Blockleimung ohne Pinsel und Leimdose Gegen\u00fcber dem [&hellip;]<\/p>\n","protected":false},"featured_media":125120,"template":"","meta":[],"product_brand":[],"product_cat":[4126],"product_tag":[],"class_list":{"0":"post-125119","1":"product","2":"type-product","3":"status-publish","4":"has-post-thumbnail","6":"product_cat-anleimmaschine","7":"pa_bezeichnung_typ-circular-padder","8":"pa_hersteller-brackett","10":"first","11":"instock","12":"taxable","13":"shipping-taxable","14":"product-type-simple"},"jetpack_sharing_enabled":true,"_links":{"self":[{"href":"https:\/\/www.3p-gmbh.de\/da\/wp-json\/wp\/v2\/product\/125119","targetHints":{"allow":["GET"]}}],"collection":[{"href":"https:\/\/www.3p-gmbh.de\/da\/wp-json\/wp\/v2\/product"}],"about":[{"href":"https:\/\/www.3p-gmbh.de\/da\/wp-json\/wp\/v2\/types\/product"}],"wp:featuredmedia":[{"embeddable":true,"href":"https:\/\/www.3p-gmbh.de\/da\/wp-json\/wp\/v2\/media\/125120"}],"wp:attachment":[{"href":"https:\/\/www.3p-gmbh.de\/da\/wp-json\/wp\/v2\/media?parent=125119"}],"wp:term":[{"taxonomy":"product_brand","embeddable":true,"href":"https:\/\/www.3p-gmbh.de\/da\/wp-json\/wp\/v2\/product_brand?post=125119"},{"taxonomy":"product_cat","embeddable":true,"href":"https:\/\/www.3p-gmbh.de\/da\/wp-json\/wp\/v2\/product_cat?post=125119"},{"taxonomy":"product_tag","embeddable":true,"href":"https:\/\/www.3p-gmbh.de\/da\/wp-json\/wp\/v2\/product_tag?post=125119"}],"curies":[{"name":"wp","href":"https:\/\/api.w.org\/{rel}","templated":true}]}}