{"id":125077,"date":"2026-02-11T08:14:57","date_gmt":"2026-02-11T08:14:57","guid":{"rendered":"https:\/\/www.3p-gmbh.de\/?post_type=product&#038;p=125077"},"modified":"2026-02-12T07:28:55","modified_gmt":"2026-02-12T07:28:55","slug":"hoehner-exact-plus-halbautomatische-drahtheftmaschine-mit-2-oder-4-hohner-universal-52-8-heftkoepfen","status":"publish","type":"product","link":"https:\/\/www.3p-gmbh.de\/da\/produkt\/hoehner-exact-plus-halbautomatische-drahtheftmaschine-mit-2-oder-4-hohner-universal-52-8-heftkoepfen\/","title":{"rendered":"H\u00f6hner Exact Plus halbautomatische Drahtheftmaschine mit 2 oder 4 Hohner Universal HK 52-8 Heftk\u00f6pfen"},"content":{"rendered":"<p>H\u00f6hner Exact Plus halbautomatische Drahtheftmaschine mit 2 oder 4 Hohner Universal HK 52-8 Heftk\u00f6pfen<br \/>\naus 1996<\/p>\n<p>Die halbautomatische Heftmaschine mit Handzuf\u00fchrstation erm\u00f6glicht Standardheftung und Ring\u00f6senheftung oder gemischte Anwendungen.<br \/>\nDer Unterschied zwischen dieser Maschine und herk\u00f6mmlichen Drahtheftmaschinen besteht in der M\u00f6glichkeit, auch ungew\u00f6hnliche Formate oder Papiergewichte zu sammeln und zu heften.<br \/>\nNachtr\u00e4gliche Erweiterung auf bis zu 6 Stationen m\u00f6glich<br \/>\nH\u00f6chste Effizienz mit bis zu 4000 Zyklen pro Stunde.<br \/>\nSchonender Transport der Brosch\u00fcren \u00fcber Doppeltr\u00e4ger, um Besch\u00e4digungen des Produkts zu vermeiden.<br \/>\nAusstattbar mit bis zu 4 Universal HK 52\/8 oder HK 43\/6 Schmalheftk\u00f6pfen<br \/>\nSchnelle Umstellung auf \u201eVersatzheftung\u201d.<br \/>\nHohe Flexibilit\u00e4t f\u00fcr Kleinauflagen und Musterheftungen sowie \u00fcbergro\u00dfe Formate.<br \/>\nBrosch\u00fcrenformat (R\u00fccken x Kopf\/Fu\u00df): 100 x 80 mm bis 430 x 340 mm<\/p>\n","protected":false},"excerpt":{"rendered":"<p>H\u00f6hner Exact Plus halbautomatische Drahtheftmaschine mit 2 oder 4 Hohner Universal HK 52-8 Heftk\u00f6pfen aus 1996 Die halbautomatische Heftmaschine mit Handzuf\u00fchrstation erm\u00f6glicht Standardheftung und Ring\u00f6senheftung oder gemischte Anwendungen. Der Unterschied zwischen dieser Maschine und herk\u00f6mmlichen Drahtheftmaschinen besteht in der M\u00f6glichkeit, auch ungew\u00f6hnliche Formate oder Papiergewichte zu sammeln und zu heften. Nachtr\u00e4gliche Erweiterung auf bis zu [&hellip;]<\/p>\n","protected":false},"featured_media":125078,"template":"","meta":[],"product_brand":[],"product_cat":[1750],"product_tag":[],"class_list":{"0":"post-125077","1":"product","2":"type-product","3":"status-publish","4":"has-post-thumbnail","6":"product_cat-heftmaschinen","7":"pa_baujahr-209","8":"pa_hersteller-hohner","9":"pa_typ-exact-plus","11":"first","12":"instock","13":"taxable","14":"shipping-taxable","15":"product-type-simple"},"jetpack_sharing_enabled":true,"_links":{"self":[{"href":"https:\/\/www.3p-gmbh.de\/da\/wp-json\/wp\/v2\/product\/125077","targetHints":{"allow":["GET"]}}],"collection":[{"href":"https:\/\/www.3p-gmbh.de\/da\/wp-json\/wp\/v2\/product"}],"about":[{"href":"https:\/\/www.3p-gmbh.de\/da\/wp-json\/wp\/v2\/types\/product"}],"wp:featuredmedia":[{"embeddable":true,"href":"https:\/\/www.3p-gmbh.de\/da\/wp-json\/wp\/v2\/media\/125078"}],"wp:attachment":[{"href":"https:\/\/www.3p-gmbh.de\/da\/wp-json\/wp\/v2\/media?parent=125077"}],"wp:term":[{"taxonomy":"product_brand","embeddable":true,"href":"https:\/\/www.3p-gmbh.de\/da\/wp-json\/wp\/v2\/product_brand?post=125077"},{"taxonomy":"product_cat","embeddable":true,"href":"https:\/\/www.3p-gmbh.de\/da\/wp-json\/wp\/v2\/product_cat?post=125077"},{"taxonomy":"product_tag","embeddable":true,"href":"https:\/\/www.3p-gmbh.de\/da\/wp-json\/wp\/v2\/product_tag?post=125077"}],"curies":[{"name":"wp","href":"https:\/\/api.w.org\/{rel}","templated":true}]}}