{"id":124895,"date":"2026-02-02T11:04:20","date_gmt":"2026-02-02T11:04:20","guid":{"rendered":"https:\/\/www.3p-gmbh.de\/?post_type=product&#038;p=124895"},"modified":"2026-02-02T11:04:20","modified_gmt":"2026-02-02T11:04:20","slug":"eurobind-600-einzangenklebebinder-in-hotmeltausfuehrung-eb-600-pur","status":"publish","type":"product","link":"https:\/\/www.3p-gmbh.de\/da\/produkt\/eurobind-600-einzangenklebebinder-in-hotmeltausfuehrung-eb-600-pur\/","title":{"rendered":"Eurobind 600 Einzangenklebebinder in Hotmeltausf\u00fchrung EB-600 PUR"},"content":{"rendered":"<p><span style=\"color: #000000;\">Eurobind 600 Einzangenklebebinder in Hotmeltausf\u00fchrung EB-600 PUR<\/span><br \/>\n<span style=\"color: #000000;\">aus 2008<\/span><\/p>\n<div>\n<div><span style=\"color: #000000;\">Ausstattung:\u00a0\u00a0<\/span><br \/>\n<span style=\"color: #000000;\">Leimdampfabsaugung<\/span><br \/>\n<span style=\"color: #000000;\">Klappen und Rillwerkzeuge<\/span><br \/>\n<span style=\"color: #000000;\">Umschlagdoppelbogenkontrolle<\/span><br \/>\n<span style=\"color: #000000;\">Touchscreen mit einfacher Einstellung \u00fcber Icons, Vorheizschaltuhr ,f\u00fcr R\u00fccken und Seitenbeleimung, Exemplarz\u00e4hler, Fehleranalyse ect.<\/span><br \/>\n<span style=\"color: #000000;\">Pneumatisch \u00f6ffnende und schlie\u00dfende Zange,<\/span><br \/>\n<span style=\"color: #000000;\">Automatische Einstellung von:<\/span><br \/>\n<span style=\"color: #000000;\">Zangen\u00f6ffnung gem\u00e4\u00df Blockdicke,<\/span><br \/>\n<span style=\"color: #000000;\">Seitenleimscheibe gem\u00e4\u00df Blockdicke,<\/span><br \/>\n<span style=\"color: #000000;\">R\u00fcckenrillung gem\u00e4\u00df Blockdicke,<\/span><br \/>\n<span style=\"color: #000000;\">Rilltiefe,<\/span><br \/>\n<span style=\"color: #000000;\">Positionierung der hinteren Umschlagf\u00fchrungsschiene gem\u00e4\u00df Umschlagbreite,<\/span><br \/>\n<span style=\"color: #000000;\">Einstellbare Fr\u00e4stiefe 0-3 mm,<\/span><br \/>\n<span style=\"color: #000000;\">R\u00fcckenbearbeitungsstation mit einem Kombinationswerkzeug mit Staubfr\u00e4sern,<\/span><br \/>\n<span style=\"color: #000000;\">H\u00f6henverstellbares Kerbmesser und Ringb\u00fcrste,<\/span><\/div>\n<\/div>\n<div><span style=\"font-family: Arial; color: #000000;\">PUR Leimwerk mit 5kg Premelter von HM-Klebetechnik<br \/>\nHotmelt Seitenleimwerk mit schr\u00e4gen Scheiben (Produktion ohne Seitenleim m\u00f6glich)<br \/>\nUmschlaganleger mit integriertem Doppelrillwerk, (Zierrillung m\u00f6glich)<br \/>\nAutomatische Umschlagpressung,<br \/>\nBandauslage mit Hochstapler<\/p>\n<p>Geschwindigkeit:\u00a0\u00a0\u00a0\u00a0\u00a0\u00a0\u00a0\u00a0 600 Takte<br \/>\nFormate<br \/>\nBuchblockh\u00f6he:\u00a0\u00a0\u00a0\u00a0\u00a0\u00a0\u00a0\u00a0\u00a0\u00a0120 mm \u2013 440 mm<br \/>\nBuchblockbreite:\u00a0\u00a0\u00a0\u00a0\u00a0\u00a0\u00a0\u00a0 120 mm \u2013 320 mm<br \/>\nBuchblockdicke:\u00a0\u00a0\u00a0\u00a0\u00a0\u00a0\u00a0\u00a0\u00a0 2 mm \u2013 50 mm<br \/>\nGrammaturen:\u00a0\u00a0\u00a0\u00a0\u00a0\u00a0\u00a0\u00a0\u00a0\u00a0\u00a0\u00a0 60-170 g\/m2<br \/>\nUmschlagbreite:\u00a0\u00a0\u00a0\u00a0\u00a0\u00a0\u00a0\u00a0\u00a0 242 mm \u2013 710 mm<br \/>\nUmschlagh\u00f6he:\u00a0\u00a0\u00a0\u00a0\u00a0\u00a0\u00a0\u00a0\u00a0\u00a0\u00a0120 mm \u2013 440 mm<br \/>\nUmschlag Grammatur:\u00a0120 mm &#8211; 300 g\/m2<br \/>\nFr\u00e4stiefe :\u00a0\u00a0\u00a0\u00a0\u00a0\u00a0\u00a0\u00a0\u00a0\u00a0\u00a0\u00a0\u00a0\u00a0\u00a0\u00a0\u00a0\u00a0 0 -3 mm<br \/>\nAbmessungen:\u00a0\u00a0\u00a0\u00a0\u00a0\u00a0\u00a0\u00a0\u00a0\u00a0\u00a0\u00a0 L\u00e4nge 3092 mm x Breite 1888 mm H\u00f6he 1343 mm,\u00a0 Mit ge\u00f6ffneter Haube 1812 mm<br \/>\nEnergiebedarf :\u00a0\u00a0\u00a0\u00a0\u00a0\u00a0\u00a0\u00a0\u00a0\u00a0\u00a0 8,5 KW 400V\/50 Hz, 3 ph<br \/>\nLuftbedarf :\u00a0\u00a0\u00a0\u00a0\u00a0\u00a0\u00a0\u00a0\u00a0\u00a0\u00a0\u00a0\u00a0\u00a0\u00a0\u00a0 6 bar,\u00a0\u00a0 250 i\/min \u00d6l und Wasserfrei<br \/>\nGewicht:\u00a0\u00a0\u00a0\u00a0\u00a0\u00a0\u00a0\u00a0\u00a0\u00a0\u00a0\u00a0\u00a0\u00a0\u00a0\u00a0\u00a0\u00a0\u00a0\u00a0 800 Kg\u00a0\u00a0<\/span><\/div>\n","protected":false},"excerpt":{"rendered":"<p>Eurobind 600 Einzangenklebebinder in Hotmeltausf\u00fchrung EB-600 PUR aus 2008 Ausstattung:\u00a0\u00a0 Leimdampfabsaugung Klappen und Rillwerkzeuge Umschlagdoppelbogenkontrolle Touchscreen mit einfacher Einstellung \u00fcber Icons, Vorheizschaltuhr ,f\u00fcr R\u00fccken und Seitenbeleimung, Exemplarz\u00e4hler, Fehleranalyse ect. Pneumatisch \u00f6ffnende und schlie\u00dfende Zange, Automatische Einstellung von: Zangen\u00f6ffnung gem\u00e4\u00df Blockdicke, Seitenleimscheibe gem\u00e4\u00df Blockdicke, R\u00fcckenrillung gem\u00e4\u00df Blockdicke, Rilltiefe, Positionierung der hinteren Umschlagf\u00fchrungsschiene gem\u00e4\u00df Umschlagbreite, Einstellbare Fr\u00e4stiefe [&hellip;]<\/p>\n","protected":false},"featured_media":124896,"template":"","meta":[],"product_brand":[],"product_cat":[1751],"product_tag":[],"class_list":{"0":"post-124895","1":"product","2":"type-product","3":"status-publish","4":"has-post-thumbnail","6":"product_cat-klebebinder","7":"pa_baujahr-326","8":"pa_hersteller-eurobind","10":"first","11":"instock","12":"taxable","13":"shipping-taxable","14":"product-type-simple"},"jetpack_sharing_enabled":true,"_links":{"self":[{"href":"https:\/\/www.3p-gmbh.de\/da\/wp-json\/wp\/v2\/product\/124895","targetHints":{"allow":["GET"]}}],"collection":[{"href":"https:\/\/www.3p-gmbh.de\/da\/wp-json\/wp\/v2\/product"}],"about":[{"href":"https:\/\/www.3p-gmbh.de\/da\/wp-json\/wp\/v2\/types\/product"}],"wp:featuredmedia":[{"embeddable":true,"href":"https:\/\/www.3p-gmbh.de\/da\/wp-json\/wp\/v2\/media\/124896"}],"wp:attachment":[{"href":"https:\/\/www.3p-gmbh.de\/da\/wp-json\/wp\/v2\/media?parent=124895"}],"wp:term":[{"taxonomy":"product_brand","embeddable":true,"href":"https:\/\/www.3p-gmbh.de\/da\/wp-json\/wp\/v2\/product_brand?post=124895"},{"taxonomy":"product_cat","embeddable":true,"href":"https:\/\/www.3p-gmbh.de\/da\/wp-json\/wp\/v2\/product_cat?post=124895"},{"taxonomy":"product_tag","embeddable":true,"href":"https:\/\/www.3p-gmbh.de\/da\/wp-json\/wp\/v2\/product_tag?post=124895"}],"curies":[{"name":"wp","href":"https:\/\/api.w.org\/{rel}","templated":true}]}}