{"id":124422,"date":"2025-02-10T09:19:12","date_gmt":"2025-02-10T09:19:12","guid":{"rendered":"https:\/\/www.3p-gmbh.de\/produkt\/densitometer-for-reflekteret-lys-transmitteret-lys-techkon-rt-120-med-lysplade-lp-40\/"},"modified":"2025-02-10T09:19:12","modified_gmt":"2025-02-10T09:19:12","slug":"densitometer-for-reflekteret-lys-transmitteret-lys-techkon-rt-120-med-lysplade-lp-40","status":"publish","type":"product","link":"https:\/\/www.3p-gmbh.de\/da\/produkt\/densitometer-for-reflekteret-lys-transmitteret-lys-techkon-rt-120-med-lysplade-lp-40\/","title":{"rendered":"Densitometer for reflekteret lys\/transmitteret lys Techkon RT 120 med lysplade LP 40"},"content":{"rendered":"<div><span style=\"font-family: Arial;\"><span style=\"color: #0000ff;\"><strong>Densitometer for reflekteret lys\/transmitteret lys Techkon RT 120 med LP 40-lysplade til stedsuafh\u00e6ngig brug<br \/>\nmed batterioplader; netadapter, kalibreringskort<\/strong><\/span><\/span><\/div>\n<div><span style=\"font-family: Arial;\">brugt-<\/span><\/div>\n<div><\/div>\n<div><span style=\"font-family: Arial;\">Tekniske data:<\/span><\/div>\n<div><span style=\"font-family: Arial;\">T\u00e6thed af transmitteret lys M\u00e5leomr\u00e5de: 0,00-; 6,00 D +-0,01 D<\/span><\/div>\n<div><span style=\"font-family: Arial;\">M\u00e5leomr\u00e5de: 0-100% + &#8211; 1%.<\/span><\/div>\n<div><\/div>\n<div><span style=\"font-family: Arial;\">T\u00e6thedsrefleksion M\u00e5leomr\u00e5de: 0,00-6,00 D +-o,o1 D<\/span><\/div>\n<div><span style=\"font-family: Arial;\">M\u00e5leomr\u00e5de for reflektans: 0-100 % +- 1 %.<\/span><\/div>\n<div><span style=\"font-family: Arial;\">3 mm rund \u00e5bning<\/span><\/div>\n<div><span style=\"font-family: Arial;\">9V NiMH genopladeligt batteri<\/span><\/div>\n","protected":false},"excerpt":{"rendered":"<p>Densitometer for reflekteret lys\/transmitteret lys Techkon RT 120 med LP 40-lysplade til stedsuafh\u00e6ngig brug med batterioplader; netadapter, kalibreringskort brugt- Tekniske data: T\u00e6thed af transmitteret lys M\u00e5leomr\u00e5de: 0,00-; 6,00 D +-0,01 D M\u00e5leomr\u00e5de: 0-100% + &#8211; 1%. T\u00e6thedsrefleksion M\u00e5leomr\u00e5de: 0,00-6,00 D +-o,o1 D M\u00e5leomr\u00e5de for reflektans: 0-100 % +- 1 %. 3 mm rund \u00e5bning 9V [&hellip;]<\/p>\n","protected":false},"featured_media":122118,"template":"","meta":[],"product_brand":[],"product_cat":[3524],"product_tag":[],"class_list":{"0":"post-124422","1":"product","2":"type-product","3":"status-publish","4":"has-post-thumbnail","6":"product_cat-maaleinstrumenter-og-kvalitetssikring","8":"first","9":"instock","10":"taxable","11":"shipping-taxable","12":"product-type-simple"},"jetpack_sharing_enabled":true,"_links":{"self":[{"href":"https:\/\/www.3p-gmbh.de\/da\/wp-json\/wp\/v2\/product\/124422","targetHints":{"allow":["GET"]}}],"collection":[{"href":"https:\/\/www.3p-gmbh.de\/da\/wp-json\/wp\/v2\/product"}],"about":[{"href":"https:\/\/www.3p-gmbh.de\/da\/wp-json\/wp\/v2\/types\/product"}],"wp:featuredmedia":[{"embeddable":true,"href":"https:\/\/www.3p-gmbh.de\/da\/wp-json\/wp\/v2\/media\/122118"}],"wp:attachment":[{"href":"https:\/\/www.3p-gmbh.de\/da\/wp-json\/wp\/v2\/media?parent=124422"}],"wp:term":[{"taxonomy":"product_brand","embeddable":true,"href":"https:\/\/www.3p-gmbh.de\/da\/wp-json\/wp\/v2\/product_brand?post=124422"},{"taxonomy":"product_cat","embeddable":true,"href":"https:\/\/www.3p-gmbh.de\/da\/wp-json\/wp\/v2\/product_cat?post=124422"},{"taxonomy":"product_tag","embeddable":true,"href":"https:\/\/www.3p-gmbh.de\/da\/wp-json\/wp\/v2\/product_tag?post=124422"}],"curies":[{"name":"wp","href":"https:\/\/api.w.org\/{rel}","templated":true}]}}