{"id":124136,"date":"2025-03-10T09:14:23","date_gmt":"2025-03-10T09:14:23","guid":{"rendered":"https:\/\/www.3p-gmbh.de\/produkt\/agre-boss-7002-d-model-mke-601-d\/"},"modified":"2025-03-10T09:14:23","modified_gmt":"2025-03-10T09:14:23","slug":"agre-boss-7002-d-model-mke-601-d","status":"publish","type":"product","link":"https:\/\/www.3p-gmbh.de\/da\/produkt\/agre-boss-7002-d-model-mke-601-d\/","title":{"rendered":"AGRE BOSS 7002 D Model MKE 601 D"},"content":{"rendered":"<p><strong><span style=\"color: #0000ff;\">AGRE BOSS 7002 D Model MKE 601 D<\/span><\/strong><\/p>\n<p><span style=\"color: #0000ff;\"><strong>&#8211; S\u00e5 god som ny fra \u00e5r 2020 <\/strong><\/span><\/p>\n<p>Tekniske data:<br \/>\nTo-cylindret direkte drevet stempelkompressor i et-trins design, oliesmurt og luftk\u00f8let.<br \/>\nDirekte drev, kompakt design, maksimal driftssikkerhed og h\u00f8j effektivitet<br \/>\nLave systemhastigheder sikrer en lang levetid for alle komponenter<br \/>\nPlejlstangs- og stempelboltlejer designet som glidelejer og kraftigt ribbede cylinderhoveder i aluminiumslegering for effektiv kompression og lang levetid<br \/>\nEffektiv efterk\u00f8ler resulterer i en lav trykluftudgangstemperatur<br \/>\nIndsugningsfilter af h\u00f8j kvalitet<\/p>\n<p>Produktfordele:<br \/>\nMobil fuldautomatisk drift takket v\u00e6re trykafbryder og overtryksventil<br \/>\nTrykluftbeholder med sikkerhedsventil, manometer og kondensatventil<br \/>\nMonteringsenhed med filterregulator af h\u00f8j kvalitet og manometer<br \/>\nTermisk overbelastningsbeskyttelse af motoren<br \/>\nAGRE professionel hurtigkobling af st\u00e5l<br \/>\nDirekte drevet enhed<br \/>\nCondor trykafbryder<br \/>\nTo-cylindret, s\u00e6rligt st\u00f8jsvage k\u00f8reegenskaber<br \/>\nMotorbeskyttelsesklasse IP 54 (industristandard)<br \/>\nStor svinghjulsventilator for optimal k\u00f8ling<br \/>\nSolide gummihjul for nem transport<\/p>\n<p>Bygget i henhold til CE-retningslinjer<br \/>\nKomplet udstyr med tilslutningskabel og stik<\/p>\n<p>Tekniske data:<br \/>\nL\u00f8ftevolumen 600 l\/min<br \/>\nAnvendelig indsugningsvolumenstr\u00f8m (leveringsvolumen) 410 l\/min, ved 8 bar(g)<br \/>\nMaksimalt overtryk 10 bar<br \/>\nElektrisk motor trefaset str\u00f8m 3 kW, 400\/230Y\u0394~3 \/50 V \/ Hz<br \/>\nHastighed 1450 min\u00b9<br \/>\nTankkapacitet 90 liter<br \/>\nL x B x H 125 x 59 x 92 cm<br \/>\nV\u00e6gt 94 kg<br \/>\nSt\u00f8jniveau i henhold til DIN 45635 T13, 4 m afstand 67 dB(A)<\/p>\n<p>&nbsp;<\/p>\n","protected":false},"excerpt":{"rendered":"<p>AGRE BOSS 7002 D Model MKE 601 D &#8211; S\u00e5 god som ny fra \u00e5r 2020 Tekniske data: To-cylindret direkte drevet stempelkompressor i et-trins design, oliesmurt og luftk\u00f8let. Direkte drev, kompakt design, maksimal driftssikkerhed og h\u00f8j effektivitet Lave systemhastigheder sikrer en lang levetid for alle komponenter Plejlstangs- og stempelboltlejer designet som glidelejer og kraftigt ribbede [&hellip;]<\/p>\n","protected":false},"featured_media":124074,"template":"","meta":[],"product_brand":[],"product_cat":[3334],"product_tag":[],"class_list":{"0":"post-124136","1":"product","2":"type-product","3":"status-publish","4":"has-post-thumbnail","6":"product_cat-kompressorer-og-vakuumpumper","8":"first","9":"instock","10":"taxable","11":"shipping-taxable","12":"product-type-simple"},"jetpack_sharing_enabled":true,"_links":{"self":[{"href":"https:\/\/www.3p-gmbh.de\/da\/wp-json\/wp\/v2\/product\/124136","targetHints":{"allow":["GET"]}}],"collection":[{"href":"https:\/\/www.3p-gmbh.de\/da\/wp-json\/wp\/v2\/product"}],"about":[{"href":"https:\/\/www.3p-gmbh.de\/da\/wp-json\/wp\/v2\/types\/product"}],"wp:featuredmedia":[{"embeddable":true,"href":"https:\/\/www.3p-gmbh.de\/da\/wp-json\/wp\/v2\/media\/124074"}],"wp:attachment":[{"href":"https:\/\/www.3p-gmbh.de\/da\/wp-json\/wp\/v2\/media?parent=124136"}],"wp:term":[{"taxonomy":"product_brand","embeddable":true,"href":"https:\/\/www.3p-gmbh.de\/da\/wp-json\/wp\/v2\/product_brand?post=124136"},{"taxonomy":"product_cat","embeddable":true,"href":"https:\/\/www.3p-gmbh.de\/da\/wp-json\/wp\/v2\/product_cat?post=124136"},{"taxonomy":"product_tag","embeddable":true,"href":"https:\/\/www.3p-gmbh.de\/da\/wp-json\/wp\/v2\/product_tag?post=124136"}],"curies":[{"name":"wp","href":"https:\/\/api.w.org\/{rel}","templated":true}]}}