{"id":123877,"date":"2025-02-24T10:37:19","date_gmt":"2025-02-24T10:37:19","guid":{"rendered":"https:\/\/www.3p-gmbh.de\/produkt\/16-siders-fuldautomatisk-justerbar-kombinationsfoldemaskine-heidelberg-stahlfolder-ch-56-6-kt-ffh-auto-med-levering-sak-56\/"},"modified":"2025-02-24T14:05:16","modified_gmt":"2025-02-24T14:05:16","slug":"16-siders-fuldautomatisk-justerbar-kombinationsfoldemaskine-heidelberg-stahlfolder-ch-56-6-kt-ffh-auto-med-levering-sak-56","status":"publish","type":"product","link":"https:\/\/www.3p-gmbh.de\/da\/produkt\/16-siders-fuldautomatisk-justerbar-kombinationsfoldemaskine-heidelberg-stahlfolder-ch-56-6-kt-ffh-auto-med-levering-sak-56\/","title":{"rendered":"16-siders fuldautomatisk, justerbar kombinationsfoldemaskine Heidelberg Stahlfolder CH 56-6-KT-FFH Auto med levering SAK 56"},"content":{"rendered":"<div><\/div>\n<div><span style=\"color: #0000ff;\"><strong>16-siders <span style=\"color: #ff0000;\">fuldautomatisk, justerbar<\/span> kombinationsfoldemaskine Heidelberg Stahlfolder CH 56-6-KT-FFH Auto med SAK 56-levering<br \/>\n<\/strong><\/span><span style=\"color: #0000ff;\"><strong>\u00c5r for konstruktion 2017<\/strong><\/span><\/div>\n<div>Format maks. 560&#215;900 mm<br \/>\nFormat min. 140&#215;180 mm<br \/>\nPapirv\u00e6gt (g\/m\u00b2) 40 &#8211; 250<br \/>\nMax. Stabelh\u00f8jde 80 cm<br \/>\nMax. Foldel\u00e6ngde 58 cm Lomme 1<br \/>\nMin. foldel\u00e6ngde 6 cm<br \/>\nMax. Hastighed (m\/min.) 200<br \/>\nMin. hastighed (m\/min.) 25<br \/>\nDiameter p\u00e5 foldevalser (mm) 44      <\/div>\n<div>Vakuumpumpe under tryk<br \/>\nFlat pile feeder med Tremat og MCT med touch display<br \/>\nSeks sp\u00e6ndeplader 56 cm indf\u00f8ringsbredde<br \/>\nSv\u00e6rd<br \/>\nvandret sp\u00e6ndeplade<\/div>\n<div>\n<p>Centerboard<\/p>\n<p>mobil b\u00e6lteudlevering SAK 56<br \/>\nmed MCT<\/p>\n<\/div>\n<div><\/div>\n<div>Pneumatisk portfoldesp\u00e6ndeplade med ACC 2.4-kontrolenhed<\/div>\n","protected":false},"excerpt":{"rendered":"<p>16-siders fuldautomatisk, justerbar kombinationsfoldemaskine Heidelberg Stahlfolder CH 56-6-KT-FFH Auto med SAK 56-levering \u00c5r for konstruktion 2017 Format maks. 560&#215;900 mm Format min. 140&#215;180 mm Papirv\u00e6gt (g\/m\u00b2) 40 &#8211; 250 Max. Stabelh\u00f8jde 80 cm Max. Foldel\u00e6ngde 58 cm Lomme 1 Min. foldel\u00e6ngde 6 cm Max. Hastighed (m\/min.) 200 Min. hastighed (m\/min.) 25 Diameter p\u00e5 foldevalser (mm) [&hellip;]<\/p>\n","protected":false},"featured_media":123802,"template":"","meta":[],"product_brand":[],"product_cat":[3389],"product_tag":[],"class_list":{"0":"post-123877","1":"product","2":"type-product","3":"status-publish","4":"has-post-thumbnail","6":"product_cat-foldemaskiner","7":"pa_baujahr-711","8":"pa_bezeichnung_typ-ch-56-6-kt-ffh","9":"pa_hersteller-heidelberg","11":"first","12":"instock","13":"taxable","14":"shipping-taxable","15":"product-type-simple"},"jetpack_sharing_enabled":true,"_links":{"self":[{"href":"https:\/\/www.3p-gmbh.de\/da\/wp-json\/wp\/v2\/product\/123877","targetHints":{"allow":["GET"]}}],"collection":[{"href":"https:\/\/www.3p-gmbh.de\/da\/wp-json\/wp\/v2\/product"}],"about":[{"href":"https:\/\/www.3p-gmbh.de\/da\/wp-json\/wp\/v2\/types\/product"}],"wp:featuredmedia":[{"embeddable":true,"href":"https:\/\/www.3p-gmbh.de\/da\/wp-json\/wp\/v2\/media\/123802"}],"wp:attachment":[{"href":"https:\/\/www.3p-gmbh.de\/da\/wp-json\/wp\/v2\/media?parent=123877"}],"wp:term":[{"taxonomy":"product_brand","embeddable":true,"href":"https:\/\/www.3p-gmbh.de\/da\/wp-json\/wp\/v2\/product_brand?post=123877"},{"taxonomy":"product_cat","embeddable":true,"href":"https:\/\/www.3p-gmbh.de\/da\/wp-json\/wp\/v2\/product_cat?post=123877"},{"taxonomy":"product_tag","embeddable":true,"href":"https:\/\/www.3p-gmbh.de\/da\/wp-json\/wp\/v2\/product_tag?post=123877"}],"curies":[{"name":"wp","href":"https:\/\/api.w.org\/{rel}","templated":true}]}}