{"id":123864,"date":"2025-02-24T10:48:11","date_gmt":"2025-02-24T10:48:11","guid":{"rendered":"https:\/\/www.3p-gmbh.de\/produkt\/16-sider-fuldautomatisk-justerbar-spaendefolder-heidelberg-stahlfolder-th-66-6-4-pfh-med-stahlfolder-sph-70-pressebaelteudlevering\/"},"modified":"2025-02-24T10:48:11","modified_gmt":"2025-02-24T10:48:11","slug":"16-sider-fuldautomatisk-justerbar-spaendefolder-heidelberg-stahlfolder-th-66-6-4-pfh-med-stahlfolder-sph-70-pressebaelteudlevering","status":"publish","type":"product","link":"https:\/\/www.3p-gmbh.de\/da\/produkt\/16-sider-fuldautomatisk-justerbar-spaendefolder-heidelberg-stahlfolder-th-66-6-4-pfh-med-stahlfolder-sph-70-pressebaelteudlevering\/","title":{"rendered":"16 sider fuldautomatisk justerbar sp\u00e6ndefolder Heidelberg Stahlfolder TH 66-6-4-PFH med Stahlfolder SPH-70 presseb\u00e6lteudlevering"},"content":{"rendered":"<div><span style=\"color: #0000ff;\"><strong>16 siders fuldautomatisk justerbar sp\u00e6ndefolder Heidelberg Stahlfolder TH 66-6-4-PFH med Stahlfolder SPH-70 presseb\u00e6lte levering<\/strong><\/span><br \/>\n\u00c5r 2008<\/div>\n<div>lavt brugt<br \/>\nMaks. arkst\u00f8rrelse, bredde\u00d7l\u00e6ngde (cm): 66\u00d790<br \/>\nMin. arkst\u00f8rrelse, bredde\u00d7l\u00e6ngde (cm): 14\u00d718<br \/>\nPapirv\u00e6gt (g\/m2): 40-250Specifikationer<br \/>\nPalett Feeder<br \/>\nMCT-kontrolsystem: kontrolpanel med display eller touchscreen <\/p>\n<p>1. foldeenhed 66-6 indf\u00f8ring 66 cm<br \/>\nAntal sp\u00e6ndeplader: 6<br \/>\nautomatisk justering af ruller og lommer<\/p>\n<p>2st Falseenhed 66-6 indf\u00f8ring 66 cm<br \/>\nAntal sp\u00e6ndeplader: 4<br \/>\nautomatisk justering af ruller og lommer<\/p>\n<\/div>\n<div><strong><span style=\"color: #0000ff;\">Heidelberg Stahlfolder SPH-70 levering af mobilt presseb\u00e5nd<\/span><\/strong><\/div>\n<div>MCT-kontrolsystem<\/div>\n<div>\n<p>God funktionsdygtighed<br \/>\nTest mulig<br \/>\nFotos vedh\u00e6ftet<br \/>\nTilg\u00e6ngelighed Umiddelbar placering Tyskland<\/p>\n<\/div>\n","protected":false},"excerpt":{"rendered":"<p>16 siders fuldautomatisk justerbar sp\u00e6ndefolder Heidelberg Stahlfolder TH 66-6-4-PFH med Stahlfolder SPH-70 presseb\u00e6lte levering \u00c5r 2008 lavt brugt Maks. arkst\u00f8rrelse, bredde\u00d7l\u00e6ngde (cm): 66\u00d790 Min. arkst\u00f8rrelse, bredde\u00d7l\u00e6ngde (cm): 14\u00d718 Papirv\u00e6gt (g\/m2): 40-250Specifikationer Palett Feeder MCT-kontrolsystem: kontrolpanel med display eller touchscreen 1. foldeenhed 66-6 indf\u00f8ring 66 cm Antal sp\u00e6ndeplader: 6 automatisk justering af ruller og lommer 2st [&hellip;]<\/p>\n","protected":false},"featured_media":123848,"template":"","meta":[],"product_brand":[],"product_cat":[3389,3829],"product_tag":[],"class_list":{"0":"post-123864","1":"product","2":"type-product","3":"status-publish","4":"has-post-thumbnail","6":"product_cat-foldemaskiner","7":"product_cat-folding-machines-da","8":"pa_baujahr-711","9":"pa_bezeichnung_typ-stahlfolder-th-56","10":"pa_hersteller-heidelberg","12":"first","13":"instock","14":"taxable","15":"shipping-taxable","16":"product-type-simple"},"jetpack_sharing_enabled":true,"_links":{"self":[{"href":"https:\/\/www.3p-gmbh.de\/da\/wp-json\/wp\/v2\/product\/123864","targetHints":{"allow":["GET"]}}],"collection":[{"href":"https:\/\/www.3p-gmbh.de\/da\/wp-json\/wp\/v2\/product"}],"about":[{"href":"https:\/\/www.3p-gmbh.de\/da\/wp-json\/wp\/v2\/types\/product"}],"wp:featuredmedia":[{"embeddable":true,"href":"https:\/\/www.3p-gmbh.de\/da\/wp-json\/wp\/v2\/media\/123848"}],"wp:attachment":[{"href":"https:\/\/www.3p-gmbh.de\/da\/wp-json\/wp\/v2\/media?parent=123864"}],"wp:term":[{"taxonomy":"product_brand","embeddable":true,"href":"https:\/\/www.3p-gmbh.de\/da\/wp-json\/wp\/v2\/product_brand?post=123864"},{"taxonomy":"product_cat","embeddable":true,"href":"https:\/\/www.3p-gmbh.de\/da\/wp-json\/wp\/v2\/product_cat?post=123864"},{"taxonomy":"product_tag","embeddable":true,"href":"https:\/\/www.3p-gmbh.de\/da\/wp-json\/wp\/v2\/product_tag?post=123864"}],"curies":[{"name":"wp","href":"https:\/\/api.w.org\/{rel}","templated":true}]}}