{"id":11749,"date":"2019-09-27T10:43:08","date_gmt":"2019-09-27T10:43:08","guid":{"rendered":"http:\/\/www.3p-gmbh.de\/?post_type=product&#038;p=11749"},"modified":"2020-04-15T14:14:32","modified_gmt":"2020-04-15T14:14:32","slug":"luescher-xpose-230-uv-ctp-system","status":"publish","type":"product","link":"https:\/\/www.3p-gmbh.de\/da\/produkt\/luescher-xpose-230-uv-ctp-system\/","title":{"rendered":"L\u00fcscher XPose 230 UV CtP-System"},"content":{"rendered":"<ul>\n<li>L\u00fcscher XPose 230 UV + PHS und TiFF Shooter inkl. Rechner-Hardware f\u00fcr Offsetplatten und wasserbasierend auswaschbare Flexodruckplatten<\/li>\n<li>405 nm UV Dioden f\u00fcr konventionelle Offsetdruckplatten und Diazofilme sowie Lackplatten von Mac Dermid (auch Rotationssiebe von Gallus, Kocher + Beck und Stork k\u00f6nnen mit 405 nm UV problemlos belichtet werden<\/li>\n<li>f\u00fcr das direkte Belichten von wasserauswaschbaren Flexodruckplatten oder konventionellen Buchdruckplatten ohne LAMS Layer werden Laserdioden mit 375 nm eingesetzt<\/li>\n<li>32 Lasedioden mit 375 nm f\u00fcr wasserbasierend auswaschbare Flexodruckplatten<\/li>\n<li>16 Laserdioden mit 405 nm<\/li>\n<li>Inline Stanze f\u00fcr Bacher 2000 Autoplate 780 mm und 425 m<\/li>\n<li>plate counter: 58.736 Platten<\/li>\n<li>laser time: 4.030 Stunden<\/li>\n<li>sliprint revolutions: 30894729<\/li>\n<li>L\u00fcscher Plate-Handling System PHS 230 mit f\u00fcnf Plattenmagazinen (kann auf Wunsch auch entfallen)<\/li>\n<li>Transporttisch Glunz &amp; Jensen IP 66<\/li>\n<li>Offsetdruckplattenentwicklungsmaschine AGFA Elantrix DX 85 mit zwei B\u00fcrstenwalzen, Baujahr 2017<\/li>\n<\/ul>\n","protected":false},"excerpt":{"rendered":"<p>L\u00fcscher XPose 230 UV + PHS und TiFF Shooter inkl. Rechner-Hardware f\u00fcr Offsetplatten und wasserbasierend auswaschbare Flexodruckplatten 405 nm UV Dioden f\u00fcr konventionelle Offsetdruckplatten und Diazofilme sowie Lackplatten von Mac Dermid (auch Rotationssiebe von Gallus, Kocher + Beck und Stork k\u00f6nnen mit 405 nm UV problemlos belichtet werden f\u00fcr das direkte Belichten von wasserauswaschbaren Flexodruckplatten [&hellip;]<\/p>\n","protected":false},"featured_media":11750,"template":"","meta":[],"product_brand":[],"product_cat":[82],"product_tag":[],"class_list":{"0":"post-11749","1":"product","2":"type-product","3":"status-publish","4":"has-post-thumbnail","6":"product_cat-computer-to-plate-systeme","7":"pa_baujahr-137","8":"pa_hersteller-luescher-ag","9":"pa_typ-xpose-230-uv","11":"first","12":"instock","13":"taxable","14":"shipping-taxable","15":"purchasable","16":"product-type-simple"},"jetpack_sharing_enabled":true,"_links":{"self":[{"href":"https:\/\/www.3p-gmbh.de\/da\/wp-json\/wp\/v2\/product\/11749","targetHints":{"allow":["GET"]}}],"collection":[{"href":"https:\/\/www.3p-gmbh.de\/da\/wp-json\/wp\/v2\/product"}],"about":[{"href":"https:\/\/www.3p-gmbh.de\/da\/wp-json\/wp\/v2\/types\/product"}],"wp:featuredmedia":[{"embeddable":true,"href":"https:\/\/www.3p-gmbh.de\/da\/wp-json\/wp\/v2\/media\/11750"}],"wp:attachment":[{"href":"https:\/\/www.3p-gmbh.de\/da\/wp-json\/wp\/v2\/media?parent=11749"}],"wp:term":[{"taxonomy":"product_brand","embeddable":true,"href":"https:\/\/www.3p-gmbh.de\/da\/wp-json\/wp\/v2\/product_brand?post=11749"},{"taxonomy":"product_cat","embeddable":true,"href":"https:\/\/www.3p-gmbh.de\/da\/wp-json\/wp\/v2\/product_cat?post=11749"},{"taxonomy":"product_tag","embeddable":true,"href":"https:\/\/www.3p-gmbh.de\/da\/wp-json\/wp\/v2\/product_tag?post=11749"}],"curies":[{"name":"wp","href":"https:\/\/api.w.org\/{rel}","templated":true}]}}