{"id":114399,"date":"2019-11-15T08:24:28","date_gmt":"2019-11-15T08:24:28","guid":{"rendered":"https:\/\/www.3p-gmbh.de\/produkt\/x-rite-i1-basic-pro-2-spektrofotometer\/"},"modified":"2019-11-15T08:24:28","modified_gmt":"2019-11-15T08:24:28","slug":"x-rite-i1-basic-pro-2-spektrofotometer","status":"publish","type":"product","link":"https:\/\/www.3p-gmbh.de\/da\/produkt\/x-rite-i1-basic-pro-2-spektrofotometer\/","title":{"rendered":"X-Rite i1 Basic Pro 2 spektrofotometer"},"content":{"rendered":"<p>Med i1 Basic Pro 2 fra X-Rite kan du hurtigt og nemt oprette dine egne profiler til sk\u00e6rme og projektorer, s\u00e5 du altid kan v\u00e6re sikker p\u00e5, at farverne vises trov\u00e6rdigt. Derudover kan du verificere printkvaliteten og softproofs med integrerede kvalitetssikringsfunktioner og indfange og organisere spotfarver.<\/p>\n<p>X-Rite i1Basic Pro 2 kombinerer f\u00f8rsteklasses software og hardware for at give den ultimative farvestyringspakke til professionel billedbehandling. Profileringsenheden er pr\u00e6cis og fremtidsorienteret. Med forbedret n\u00f8jagtighed, brugervenlighed, p\u00e5lidelighed og mange nye professionelle funktioner f\u00f8lger den den seneste udvikling inden for ISO-standardisering. Den nyeste version af i1Profiler-softwaren tilbyder dig &#8220;Simple&#8221; og &#8220;Advanced&#8221;, som du kan bruge til professionelt at profilere og kalibrere sk\u00e6rme, projektorer og RGB\/CMYK+-printere. Derudover er der forudindstillinger til videoproduktion og omfattende funktioner til kvalitetssikring af sk\u00e6rme og printere.<br \/>\nMed programmet PANTONE\u00ae Color Manager til oprettelse af farvepaletter og til digital farvesimulering (&#8220;bridging&#8221;) kan du nemt holde dine PANTONE-biblioteker opdaterede. Du kan ogs\u00e5 administrere dine specialfarver og tilf\u00f8je dine egne farver.<\/p>\n<p>Leveringsomfang:<\/p>\n<ul>\n<li>Stativplade<\/li>\n<li>Stativmontering<\/li>\n<li>Montering af sk\u00e6rm<\/li>\n<li>Position bl\u00e6nde<\/li>\n<li>Kalibreringsplade<\/li>\n<li>M\u00e5leudstyr<\/li>\n<li>B\u00e6retaske<\/li>\n<li>USB-kabel<\/li>\n<li>M\u00e5lepude<\/li>\n<li>Lineal<\/li>\n<li>Software-datab\u00e6rer<\/li>\n<li>Certifikat<\/li>\n<li>Brugervejledning<\/li>\n<\/ul>\n","protected":false},"excerpt":{"rendered":"<p>Med i1 Basic Pro 2 fra X-Rite kan du hurtigt og nemt oprette dine egne profiler til sk\u00e6rme og projektorer, s\u00e5 du altid kan v\u00e6re sikker p\u00e5, at farverne vises trov\u00e6rdigt. Derudover kan du verificere printkvaliteten og softproofs med integrerede kvalitetssikringsfunktioner og indfange og organisere spotfarver. X-Rite i1Basic Pro 2 kombinerer f\u00f8rsteklasses software og hardware [&hellip;]<\/p>\n","protected":false},"featured_media":114402,"template":"","meta":[],"product_brand":[],"product_cat":[3524],"product_tag":[],"class_list":{"0":"post-114399","1":"product","2":"type-product","3":"status-publish","4":"has-post-thumbnail","6":"product_cat-maaleinstrumenter-og-kvalitetssikring","7":"pa_bezeichnung_typ-x-rite-i1-basic-pro-2","8":"pa_hersteller-x-rite","10":"first","11":"instock","12":"taxable","13":"shipping-taxable","14":"purchasable","15":"product-type-simple"},"jetpack_sharing_enabled":true,"_links":{"self":[{"href":"https:\/\/www.3p-gmbh.de\/da\/wp-json\/wp\/v2\/product\/114399","targetHints":{"allow":["GET"]}}],"collection":[{"href":"https:\/\/www.3p-gmbh.de\/da\/wp-json\/wp\/v2\/product"}],"about":[{"href":"https:\/\/www.3p-gmbh.de\/da\/wp-json\/wp\/v2\/types\/product"}],"wp:featuredmedia":[{"embeddable":true,"href":"https:\/\/www.3p-gmbh.de\/da\/wp-json\/wp\/v2\/media\/114402"}],"wp:attachment":[{"href":"https:\/\/www.3p-gmbh.de\/da\/wp-json\/wp\/v2\/media?parent=114399"}],"wp:term":[{"taxonomy":"product_brand","embeddable":true,"href":"https:\/\/www.3p-gmbh.de\/da\/wp-json\/wp\/v2\/product_brand?post=114399"},{"taxonomy":"product_cat","embeddable":true,"href":"https:\/\/www.3p-gmbh.de\/da\/wp-json\/wp\/v2\/product_cat?post=114399"},{"taxonomy":"product_tag","embeddable":true,"href":"https:\/\/www.3p-gmbh.de\/da\/wp-json\/wp\/v2\/product_tag?post=114399"}],"curies":[{"name":"wp","href":"https:\/\/api.w.org\/{rel}","templated":true}]}}