{"id":114381,"date":"2019-11-15T09:34:04","date_gmt":"2019-11-15T09:34:04","guid":{"rendered":"https:\/\/www.3p-gmbh.de\/produkt\/ernst-nagel-rinak-elektrisk-haeftemaskine-med-et-hoved-haeftemaskine\/"},"modified":"2019-11-15T09:34:04","modified_gmt":"2019-11-15T09:34:04","slug":"ernst-nagel-rinak-elektrisk-haeftemaskine-med-et-hoved-haeftemaskine","status":"publish","type":"product","link":"https:\/\/www.3p-gmbh.de\/da\/produkt\/ernst-nagel-rinak-elektrisk-haeftemaskine-med-et-hoved-haeftemaskine\/","title":{"rendered":"Ernst NAGEL RINAK elektrisk h\u00e6ftemaskine med \u00e9t hoved &#8211; H\u00e6ftemaskine"},"content":{"rendered":"<p>til blok- og sadels\u00f8m op til 4 mm til brochureproduktion<br \/>\nTilstand som ny<\/p>\n<ul>\n<li>Blokh\u00e6ftning: op til 4 mm ca. 40 ark (80 g papir)<\/li>\n<li>Brochurer: op til 3 mm ca. 30 ark (80 g papir)<\/li>\n<li>H\u00e6fteklammer: 26\/6, 26\/8S, Ri 26\/6<\/li>\n<li>Transportbordet kan konverteres til blok- eller sadelsyning ved blot at vippe det<\/li>\n<li>Justerbar slagstyrke for h\u00e6ftehoved<\/li>\n<li>Justerbart sidestop<\/li>\n<li>Bordmaskine til fastg\u00f8relse p\u00e5 bordpladen<\/li>\n<li>H\u00e6ftemagasinets kapacitet: 210 stk.<\/li>\n<li>Indstiksdybde: 30 mm (til bloksyning)<\/li>\n<li>Tilslutning: 230 V \/ 50 Hz<\/li>\n<\/ul>\n","protected":false},"excerpt":{"rendered":"<p><a href=\"http:\/\/www.3p-gmbh.de\/wp-content\/uploads\/2019\/11\/nagel-rinak-enak-deutsch-1.pdf\">nail rinak enak tysk<\/a><\/p>\n","protected":false},"featured_media":114384,"template":"","meta":[],"product_brand":[],"product_cat":[3397],"product_tag":[],"class_list":{"0":"post-114381","1":"product","2":"type-product","3":"status-publish","4":"has-post-thumbnail","6":"product_cat-maskiner-til-syning","7":"pa_hersteller-ernst-nagel","8":"pa_typ-rinak","10":"first","11":"instock","12":"taxable","13":"shipping-taxable","14":"purchasable","15":"product-type-simple"},"jetpack_sharing_enabled":true,"_links":{"self":[{"href":"https:\/\/www.3p-gmbh.de\/da\/wp-json\/wp\/v2\/product\/114381","targetHints":{"allow":["GET"]}}],"collection":[{"href":"https:\/\/www.3p-gmbh.de\/da\/wp-json\/wp\/v2\/product"}],"about":[{"href":"https:\/\/www.3p-gmbh.de\/da\/wp-json\/wp\/v2\/types\/product"}],"wp:featuredmedia":[{"embeddable":true,"href":"https:\/\/www.3p-gmbh.de\/da\/wp-json\/wp\/v2\/media\/114384"}],"wp:attachment":[{"href":"https:\/\/www.3p-gmbh.de\/da\/wp-json\/wp\/v2\/media?parent=114381"}],"wp:term":[{"taxonomy":"product_brand","embeddable":true,"href":"https:\/\/www.3p-gmbh.de\/da\/wp-json\/wp\/v2\/product_brand?post=114381"},{"taxonomy":"product_cat","embeddable":true,"href":"https:\/\/www.3p-gmbh.de\/da\/wp-json\/wp\/v2\/product_cat?post=114381"},{"taxonomy":"product_tag","embeddable":true,"href":"https:\/\/www.3p-gmbh.de\/da\/wp-json\/wp\/v2\/product_tag?post=114381"}],"curies":[{"name":"wp","href":"https:\/\/api.w.org\/{rel}","templated":true}]}}