{"id":114353,"date":"2019-11-15T11:41:52","date_gmt":"2019-11-15T11:41:52","guid":{"rendered":"https:\/\/www.3p-gmbh.de\/produkt\/heidelberg-eurobind-eb-500-enkeltklemme-hotmelt-klaebebinder\/"},"modified":"2019-11-15T11:41:52","modified_gmt":"2019-11-15T11:41:52","slug":"heidelberg-eurobind-eb-500-enkeltklemme-hotmelt-klaebebinder","status":"publish","type":"product","link":"https:\/\/www.3p-gmbh.de\/da\/produkt\/heidelberg-eurobind-eb-500-enkeltklemme-hotmelt-klaebebinder\/","title":{"rendered":"Heidelberg Eurobind EB-500 enkeltklemme hotmelt-kl\u00e6bebinder"},"content":{"rendered":"<p>ca. 350.000 b\u00f8ger<br \/>\ni fremragende stand<br \/>\nmax. St\u00f8rrelse 32 x 44 cm<\/p>\n<ul>\n<li>Shaker,<\/li>\n<li>Station til fr\u00e6sning og opruggning<\/li>\n<li>Hotmelt baglimningsenhed<\/li>\n<li>Hotmelt-sidelimningsenhed<\/li>\n<li>Automatisk omladningsf\u00f8der<\/li>\n<li>Dobbelt rilleenhed<\/li>\n<li>Pressestation<\/li>\n<\/ul>\n","protected":false},"excerpt":{"rendered":"<p>ca. 350.000 b\u00f8ger i fremragende stand max. St\u00f8rrelse 32 x 44 cm Shaker, Station til fr\u00e6sning og opruggning Hotmelt baglimningsenhed Hotmelt-sidelimningsenhed Automatisk omladningsf\u00f8der Dobbelt rilleenhed Pressestation<\/p>\n","protected":false},"featured_media":114354,"template":"","meta":[],"product_brand":[],"product_cat":[3402],"product_tag":[],"class_list":{"0":"post-114353","1":"product","2":"type-product","3":"status-publish","4":"has-post-thumbnail","6":"product_cat-selvklaebende-bindemiddel","7":"pa_hersteller-eurotecnica","8":"pa_hersteller-heidelberg","9":"pa_typ-eb-500","11":"first","12":"instock","13":"taxable","14":"shipping-taxable","15":"purchasable","16":"product-type-simple"},"jetpack_sharing_enabled":true,"_links":{"self":[{"href":"https:\/\/www.3p-gmbh.de\/da\/wp-json\/wp\/v2\/product\/114353","targetHints":{"allow":["GET"]}}],"collection":[{"href":"https:\/\/www.3p-gmbh.de\/da\/wp-json\/wp\/v2\/product"}],"about":[{"href":"https:\/\/www.3p-gmbh.de\/da\/wp-json\/wp\/v2\/types\/product"}],"wp:featuredmedia":[{"embeddable":true,"href":"https:\/\/www.3p-gmbh.de\/da\/wp-json\/wp\/v2\/media\/114354"}],"wp:attachment":[{"href":"https:\/\/www.3p-gmbh.de\/da\/wp-json\/wp\/v2\/media?parent=114353"}],"wp:term":[{"taxonomy":"product_brand","embeddable":true,"href":"https:\/\/www.3p-gmbh.de\/da\/wp-json\/wp\/v2\/product_brand?post=114353"},{"taxonomy":"product_cat","embeddable":true,"href":"https:\/\/www.3p-gmbh.de\/da\/wp-json\/wp\/v2\/product_cat?post=114353"},{"taxonomy":"product_tag","embeddable":true,"href":"https:\/\/www.3p-gmbh.de\/da\/wp-json\/wp\/v2\/product_tag?post=114353"}],"curies":[{"name":"wp","href":"https:\/\/api.w.org\/{rel}","templated":true}]}}