{"id":114250,"date":"2019-11-18T14:47:14","date_gmt":"2019-11-18T14:47:14","guid":{"rendered":"https:\/\/www.3p-gmbh.de\/produkt\/screen-cezanne-elite-ft-s5500-flatbed-scanner\/"},"modified":"2019-11-18T14:47:14","modified_gmt":"2019-11-18T14:47:14","slug":"screen-cezanne-elite-ft-s5500-flatbed-scanner","status":"publish","type":"product","link":"https:\/\/www.3p-gmbh.de\/da\/produkt\/screen-cezanne-elite-ft-s5500-flatbed-scanner\/","title":{"rendered":"Screen Cezanne Elite FT-S5500 flatbed-scanner"},"content":{"rendered":"<ul>\n<li>CCD-linje, 8.000 elementer pr. linje<\/li>\n<li>Skabelontyper (set ovenfra): Farve, sort\/hvid, gr\u00e5toner<\/li>\n<li>Skabelontyper (gennemgang): Farvepositiver, farvenegativer, linjeelementer, gr\u00e5toner<\/li>\n<li>Scanningsst\u00f8rrelse 329 x 530 mm (13,0&#8243; x 20,9&#8243;)<\/li>\n<li>Optisk opl\u00f8sning ved halvtoner 589 &#8211; 5.300 dpi<\/li>\n<li>Optisk opl\u00f8sning for linjeelementer 600, 1.200, 2.000 dpi<\/li>\n<li>Outputopl\u00f8sning for halvtoner 20 &#8211; 20.000 dpi, for linjeelementer 360 &#8211; 4.000 dpi<\/li>\n<li>max. Beslutning 4.2 D<\/li>\n<li>Farvedybde 32 bit for CMYK, 48 bit RGB, 8 bit gr\u00e5toner<\/li>\n<li>Outputformater TIFF, EPS, DCS, SCITEX CT, JPEG, YCC<\/li>\n<li>Gr\u00e6nseflade SCSI 2<\/li>\n<\/ul>\n","protected":false},"excerpt":{"rendered":"<p>CCD-linje, 8.000 elementer pr. linje Skabelontyper (set ovenfra): Farve, sort\/hvid, gr\u00e5toner Skabelontyper (gennemgang): Farvepositiver, farvenegativer, linjeelementer, gr\u00e5toner Scanningsst\u00f8rrelse 329 x 530 mm (13,0&#8243; x 20,9&#8243;) Optisk opl\u00f8sning ved halvtoner 589 &#8211; 5.300 dpi Optisk opl\u00f8sning for linjeelementer 600, 1.200, 2.000 dpi Outputopl\u00f8sning for halvtoner 20 &#8211; 20.000 dpi, for linjeelementer 360 &#8211; 4.000 dpi max. [&hellip;]<\/p>\n","protected":false},"featured_media":114263,"template":"","meta":[],"product_brand":[],"product_cat":[3531],"product_tag":[],"class_list":{"0":"post-114250","1":"product","2":"type-product","3":"status-publish","4":"has-post-thumbnail","6":"product_cat-flatbed-scanner-da","7":"pa_bezeichnung_typ-cezanne-elite-ft-s5500","8":"pa_hersteller-dainippon-screen","10":"first","11":"instock","12":"taxable","13":"shipping-taxable","14":"purchasable","15":"product-type-simple"},"jetpack_sharing_enabled":true,"_links":{"self":[{"href":"https:\/\/www.3p-gmbh.de\/da\/wp-json\/wp\/v2\/product\/114250","targetHints":{"allow":["GET"]}}],"collection":[{"href":"https:\/\/www.3p-gmbh.de\/da\/wp-json\/wp\/v2\/product"}],"about":[{"href":"https:\/\/www.3p-gmbh.de\/da\/wp-json\/wp\/v2\/types\/product"}],"wp:featuredmedia":[{"embeddable":true,"href":"https:\/\/www.3p-gmbh.de\/da\/wp-json\/wp\/v2\/media\/114263"}],"wp:attachment":[{"href":"https:\/\/www.3p-gmbh.de\/da\/wp-json\/wp\/v2\/media?parent=114250"}],"wp:term":[{"taxonomy":"product_brand","embeddable":true,"href":"https:\/\/www.3p-gmbh.de\/da\/wp-json\/wp\/v2\/product_brand?post=114250"},{"taxonomy":"product_cat","embeddable":true,"href":"https:\/\/www.3p-gmbh.de\/da\/wp-json\/wp\/v2\/product_cat?post=114250"},{"taxonomy":"product_tag","embeddable":true,"href":"https:\/\/www.3p-gmbh.de\/da\/wp-json\/wp\/v2\/product_tag?post=114250"}],"curies":[{"name":"wp","href":"https:\/\/api.w.org\/{rel}","templated":true}]}}