{"id":114214,"date":"2019-11-18T15:17:26","date_gmt":"2019-11-18T15:17:26","guid":{"rendered":"https:\/\/www.3p-gmbh.de\/produkt\/gbc-voyager-3-lamineringsmaskine\/"},"modified":"2019-11-18T15:17:26","modified_gmt":"2019-11-18T15:17:26","slug":"gbc-voyager-3-lamineringsmaskine","status":"publish","type":"product","link":"https:\/\/www.3p-gmbh.de\/da\/produkt\/gbc-voyager-3-lamineringsmaskine\/","title":{"rendered":"GBC Voyager 3 lamineringsmaskine"},"content":{"rendered":"<ul>\n<li>Termisk h\u00f8jhastighedsrullelaminator til offset- og digitaltryk<\/li>\n<li>med h\u00f8jhastighedssystem<\/li>\n<li>min. Arkst\u00f8rrelse 21,6 x 28 cm<\/li>\n<li>max. Arkformat 76,2 x 101,6 cm<\/li>\n<li>Hastighed 45,7 m\/min<\/li>\n<li>Skurbro<\/li>\n<li>Automatisk levering<\/li>\n<\/ul>\n","protected":false},"excerpt":{"rendered":"<p>Termisk h\u00f8jhastighedsrullelaminator til offset- og digitaltryk med h\u00f8jhastighedssystem min. Arkst\u00f8rrelse 21,6 x 28 cm max. Arkformat 76,2 x 101,6 cm Hastighed 45,7 m\/min Skurbro Automatisk levering<\/p>\n","protected":false},"featured_media":114216,"template":"","meta":[],"product_brand":[],"product_cat":[3523],"product_tag":[],"class_list":{"0":"post-114214","1":"product","2":"type-product","3":"status-publish","4":"has-post-thumbnail","6":"product_cat-lamineringsmaskiner-da","7":"pa_hersteller-gbc","8":"pa_typ-voyager-3","10":"first","11":"instock","12":"taxable","13":"shipping-taxable","14":"purchasable","15":"product-type-simple"},"jetpack_sharing_enabled":true,"_links":{"self":[{"href":"https:\/\/www.3p-gmbh.de\/da\/wp-json\/wp\/v2\/product\/114214","targetHints":{"allow":["GET"]}}],"collection":[{"href":"https:\/\/www.3p-gmbh.de\/da\/wp-json\/wp\/v2\/product"}],"about":[{"href":"https:\/\/www.3p-gmbh.de\/da\/wp-json\/wp\/v2\/types\/product"}],"wp:featuredmedia":[{"embeddable":true,"href":"https:\/\/www.3p-gmbh.de\/da\/wp-json\/wp\/v2\/media\/114216"}],"wp:attachment":[{"href":"https:\/\/www.3p-gmbh.de\/da\/wp-json\/wp\/v2\/media?parent=114214"}],"wp:term":[{"taxonomy":"product_brand","embeddable":true,"href":"https:\/\/www.3p-gmbh.de\/da\/wp-json\/wp\/v2\/product_brand?post=114214"},{"taxonomy":"product_cat","embeddable":true,"href":"https:\/\/www.3p-gmbh.de\/da\/wp-json\/wp\/v2\/product_cat?post=114214"},{"taxonomy":"product_tag","embeddable":true,"href":"https:\/\/www.3p-gmbh.de\/da\/wp-json\/wp\/v2\/product_tag?post=114214"}],"curies":[{"name":"wp","href":"https:\/\/api.w.org\/{rel}","templated":true}]}}