{"id":114125,"date":"2019-11-18T15:19:11","date_gmt":"2019-11-18T15:19:11","guid":{"rendered":"https:\/\/www.3p-gmbh.de\/produkt\/mbo-z2-mobil-180-drejelig-krydsfoldningsenhed-med-navigatorstyring\/"},"modified":"2019-11-18T15:19:11","modified_gmt":"2019-11-18T15:19:11","slug":"mbo-z2-mobil-180-drejelig-krydsfoldningsenhed-med-navigatorstyring","status":"publish","type":"product","link":"https:\/\/www.3p-gmbh.de\/da\/produkt\/mbo-z2-mobil-180-drejelig-krydsfoldningsenhed-med-navigatorstyring\/","title":{"rendered":"MBO Z2 mobil, 180\u00b0 drejelig krydsfoldningsenhed med navigatorstyring"},"content":{"rendered":"<p>Den mobile knivfoldningsenhed Z 2 kan drejes 180\u00b0 og kan foldes b\u00e5de oppefra og nedefra. Det kan bruges til forskellige form\u00e5l:<\/p>\n<ul>\n<li>p\u00e5 kombinations- og sp\u00e6ndetallerkenfalser som falsev\u00e6rk IV til 32 sider, til produktion af engelske, tyske og internationale firefalser samt til specielle falstyper.<\/li>\n<li>p\u00e5 sp\u00e6ndepladefoldemaskiner som foldeenhed III &#8211; her kan det foldede materiale f\u00f8res tilbage til det centrale kontrolpanel.<\/li>\n<li>for parallelle folder til rygs\u00f8jlen i henhold til 1. og 2. Krydsfals p\u00e5 kombifoldemaskiner, i forbindelse med hj\u00f8rnetransportbordet<\/li>\n<li>Efterf\u00f8lgende sadelh\u00e6fter til at folde brochurer i rette vinkler og, i forbindelse med hj\u00f8rnetransportbordet, parallelt med ryggen.<\/li>\n<li>som lagbukkeenhed til sm\u00e5 bukninger af produkter i rette vinkler eller parallelt med ryggen, i forbindelse med en tromlef\u00f8der, et hj\u00f8rnetransportbord og en udl\u00e6gger.<\/li>\n<li>til meget t\u00e6tlukkede l\u00e5gefalsninger p\u00e5 sp\u00e6ndepladebukkemaskiner efter foldeaggregat II, p\u00e5 kombinationsbukkemaskiner i forbindelse med hj\u00f8rnefremf\u00f8ringsbordet.<\/li>\n<\/ul>\n","protected":false},"excerpt":{"rendered":"<p>Den mobile knivfoldningsenhed Z 2 kan drejes 180\u00b0 og kan foldes b\u00e5de oppefra og nedefra. Det kan bruges til forskellige form\u00e5l: p\u00e5 kombinations- og sp\u00e6ndetallerkenfalser som falsev\u00e6rk IV til 32 sider, til produktion af engelske, tyske og internationale firefalser samt til specielle falstyper. p\u00e5 sp\u00e6ndepladefoldemaskiner som foldeenhed III &#8211; her kan det foldede materiale f\u00f8res [&hellip;]<\/p>\n","protected":false},"featured_media":114126,"template":"","meta":[],"product_brand":[],"product_cat":[3325],"product_tag":[],"class_list":{"0":"post-114125","1":"product","2":"type-product","3":"status-publish","4":"has-post-thumbnail","6":"product_cat-sammenklappelige-enheder","7":"pa_hersteller-mbo-oppenweiler","8":"pa_typ-mbo-z2","10":"first","11":"instock","12":"taxable","13":"shipping-taxable","14":"purchasable","15":"product-type-simple"},"jetpack_sharing_enabled":true,"_links":{"self":[{"href":"https:\/\/www.3p-gmbh.de\/da\/wp-json\/wp\/v2\/product\/114125","targetHints":{"allow":["GET"]}}],"collection":[{"href":"https:\/\/www.3p-gmbh.de\/da\/wp-json\/wp\/v2\/product"}],"about":[{"href":"https:\/\/www.3p-gmbh.de\/da\/wp-json\/wp\/v2\/types\/product"}],"wp:featuredmedia":[{"embeddable":true,"href":"https:\/\/www.3p-gmbh.de\/da\/wp-json\/wp\/v2\/media\/114126"}],"wp:attachment":[{"href":"https:\/\/www.3p-gmbh.de\/da\/wp-json\/wp\/v2\/media?parent=114125"}],"wp:term":[{"taxonomy":"product_brand","embeddable":true,"href":"https:\/\/www.3p-gmbh.de\/da\/wp-json\/wp\/v2\/product_brand?post=114125"},{"taxonomy":"product_cat","embeddable":true,"href":"https:\/\/www.3p-gmbh.de\/da\/wp-json\/wp\/v2\/product_cat?post=114125"},{"taxonomy":"product_tag","embeddable":true,"href":"https:\/\/www.3p-gmbh.de\/da\/wp-json\/wp\/v2\/product_tag?post=114125"}],"curies":[{"name":"wp","href":"https:\/\/api.w.org\/{rel}","templated":true}]}}