{"id":114065,"date":"2019-11-18T15:26:35","date_gmt":"2019-11-18T15:26:35","guid":{"rendered":"https:\/\/www.3p-gmbh.de\/produkt\/perfecta-132-tvc-slicer-med-lift\/"},"modified":"2019-11-18T15:26:35","modified_gmt":"2019-11-18T15:26:35","slug":"perfecta-132-tvc-slicer-med-lift","status":"publish","type":"product","link":"https:\/\/www.3p-gmbh.de\/da\/produkt\/perfecta-132-tvc-slicer-med-lift\/","title":{"rendered":"Perfecta 132 TVC-slicer med lift"},"content":{"rendered":"<ul>\n<li>Sk\u00e6remaskine 132 TVC med lift SHR 12 P (h\u00f8jre side)<\/li>\n<li>Arbejdsbredde 132 cm<\/li>\n<li>Programmering med touch-display i farver<\/li>\n<li>Forkromet luftbord og sidebord med ventilation til venstre<\/li>\n<li>2 knive<br \/>\nProgrammer med ber\u00f8ringsf\u00f8lsom farvesk\u00e6rm<br \/>\nforkromet Airtable og sideairtable venstre side<br \/>\n2 knive<\/li>\n<li>Pallel\u00f8fter, pr\u00e6cis h\u00f8jdejustering med fotocelle<\/li>\n<\/ul>\n<p><iframe loading=\"lazy\" title=\"Perfecta 132 TVC age 2003\" width=\"980\" height=\"551\" src=\"https:\/\/www.youtube.com\/embed\/cEQFUaqUOxs?feature=oembed\" frameborder=\"0\" allow=\"accelerometer; autoplay; clipboard-write; encrypted-media; gyroscope; picture-in-picture; web-share\" allowfullscreen><\/iframe><\/p>\n","protected":false},"excerpt":{"rendered":"<p>Sk\u00e6remaskine 132 TVC med lift SHR 12 P (h\u00f8jre side) Arbejdsbredde 132 cm Programmering med touch-display i farver Forkromet luftbord og sidebord med ventilation til venstre 2 knive Programmer med ber\u00f8ringsf\u00f8lsom farvesk\u00e6rm forkromet Airtable og sideairtable venstre side 2 knive Pallel\u00f8fter, pr\u00e6cis h\u00f8jdejustering med fotocelle<\/p>\n","protected":false},"featured_media":114069,"template":"","meta":[],"product_brand":[],"product_cat":[3302],"product_tag":[],"class_list":{"0":"post-114065","1":"product","2":"type-product","3":"status-publish","4":"has-post-thumbnail","6":"product_cat-skaeremaskiner","7":"pa_bezeichnung_typ-perfecta-132","8":"pa_hersteller-perfecta","10":"first","11":"instock","12":"taxable","13":"shipping-taxable","14":"purchasable","15":"product-type-simple"},"jetpack_sharing_enabled":true,"_links":{"self":[{"href":"https:\/\/www.3p-gmbh.de\/da\/wp-json\/wp\/v2\/product\/114065","targetHints":{"allow":["GET"]}}],"collection":[{"href":"https:\/\/www.3p-gmbh.de\/da\/wp-json\/wp\/v2\/product"}],"about":[{"href":"https:\/\/www.3p-gmbh.de\/da\/wp-json\/wp\/v2\/types\/product"}],"wp:featuredmedia":[{"embeddable":true,"href":"https:\/\/www.3p-gmbh.de\/da\/wp-json\/wp\/v2\/media\/114069"}],"wp:attachment":[{"href":"https:\/\/www.3p-gmbh.de\/da\/wp-json\/wp\/v2\/media?parent=114065"}],"wp:term":[{"taxonomy":"product_brand","embeddable":true,"href":"https:\/\/www.3p-gmbh.de\/da\/wp-json\/wp\/v2\/product_brand?post=114065"},{"taxonomy":"product_cat","embeddable":true,"href":"https:\/\/www.3p-gmbh.de\/da\/wp-json\/wp\/v2\/product_cat?post=114065"},{"taxonomy":"product_tag","embeddable":true,"href":"https:\/\/www.3p-gmbh.de\/da\/wp-json\/wp\/v2\/product_tag?post=114065"}],"curies":[{"name":"wp","href":"https:\/\/api.w.org\/{rel}","templated":true}]}}