{"id":113868,"date":"2019-11-21T09:45:55","date_gmt":"2019-11-21T09:45:55","guid":{"rendered":"https:\/\/www.3p-gmbh.de\/produkt\/pamatec-oem-heidelberg-pt-220-fuldautomatisk-inline-brostansemaskine\/"},"modified":"2019-11-21T09:45:55","modified_gmt":"2019-11-21T09:45:55","slug":"pamatec-oem-heidelberg-pt-220-fuldautomatisk-inline-brostansemaskine","status":"publish","type":"product","link":"https:\/\/www.3p-gmbh.de\/da\/produkt\/pamatec-oem-heidelberg-pt-220-fuldautomatisk-inline-brostansemaskine\/","title":{"rendered":"PamaTec OEM Heidelberg PT-220 fuldautomatisk inline brostansemaskine"},"content":{"rendered":"<p>fuldautomatisk inline brostansemaskine PamaTec OEM Heidelberg PT-220<br \/>\nKonfigureret til langsg\u00e5ende sk\u00e6ring, sk\u00e6ring med st\u00e5lregel, linjev\u00e6rkt\u00f8j og krydssk\u00e6ring<\/p>\n<p>Stanser foldede lag og enkeltark bag foldemaskinen eller sadelh\u00e6fteren.<br \/>\nAfh\u00e6ngigt af produktets l\u00e6ngde og tykkelse er den maksimale cyklushastighed 7.500 kopier i timen.<br \/>\nDet maksimale stanseformat er 600 x 220 millimeter.<\/p>\n<p>En bred vifte af efterbehandlingsmuligheder kan realiseres: Afrivning eller hj\u00f8rneperforering, Wire-O-stansning og filing af huller.<br \/>\nSeparations-, register- og tresidede udsk\u00e6ringer er lige s\u00e5 mulige som udsk\u00e6ringer med st\u00e5lregel til skr\u00e6ddersyet udstansning,<br \/>\nDet n\u00f8dvendige v\u00e6rkt\u00f8j til dette er ikke inkluderet i leveringsomfanget!<\/p>\n<p>De produkttykkelser, der kan bearbejdes ved sk\u00e6ring, er fire millimeter,<br \/>\ntre millimeter til perforering og to millimeter til sk\u00e6ring med st\u00e5ltommestok.<\/p>\n<p>Arkene overf\u00f8res direkte fra falsemaskinen eller sadelh\u00e6fteren med en h\u00f8jdejusterbar b\u00e5ndf\u00f8der.<br \/>\nEt pneumatisk justeringssystem sikrer pr\u00e6cis positionering af arkene i udstanseren<br \/>\nog dermed for h\u00f8j stansepr\u00e6cision.<\/p>\n<p>Indl\u00f8bsbredde 70 cm<br \/>\nArbejdsbredde 60 cm<\/p>\n<p>Udstyr<br \/>\nB\u00e5ndtransport\u00f8r til 2 paneler med 4 transportb\u00e5nd, der er 15 mm brede,<br \/>\n1 holder til langsg\u00e5ende sk\u00e6ring,<br \/>\nUdsk\u00e6ringsv\u00e6rkt\u00f8j (bredde 6 mm, 8-10-12-15 mm f\u00e5s ogs\u00e5 som ekstraudstyr),<br \/>\n2 holdere til linjev\u00e6rkt\u00f8j Euro-stansem\u00f8nster<br \/>\nOpsamlingsst\u00e5l med linealsk\u00e6ring, forh\u00e5ndsretning,<br \/>\nOverf\u00f8rselsudgang,<br \/>\nCentraliseret sm\u00f8ring,<br \/>\nTF-gr\u00e6nseflade.<\/p>\n<p>Forklaring af sk\u00e6retyper:<br \/>\nSt\u00e5lstangssk\u00e6ring: stansning af enhver form op til 2 mm tykkelse<br \/>\nLangsg\u00e5ende snit: hoved- og fodsnit, adskillende snit, strimmelsnit<br \/>\nTv\u00e6rsnit: Sk\u00e6rearbejde vinkelret p\u00e5 papirets bev\u00e6gelsesretning, f.eks. frontbesk\u00e6ring.<br \/>\nLinjeperforering: f.eks. hj\u00f8rneperforering, Wire-O eller arkiveringsperforering<\/p>\n<p>Centraliseret sm\u00f8ring til at forsyne alle lejepunkter med fedt til drevet.<br \/>\nDen skal betjenes mindst \u00e9n gang om dagen.<br \/>\nDen progressive fordeler sikrer j\u00e6vn sm\u00f8ring.<\/p>\n","protected":false},"excerpt":{"rendered":"<p>fuldautomatisk inline brostansemaskine PamaTec OEM Heidelberg PT-220 Konfigureret til langsg\u00e5ende sk\u00e6ring, sk\u00e6ring med st\u00e5lregel, linjev\u00e6rkt\u00f8j og krydssk\u00e6ring Stanser foldede lag og enkeltark bag foldemaskinen eller sadelh\u00e6fteren. Afh\u00e6ngigt af produktets l\u00e6ngde og tykkelse er den maksimale cyklushastighed 7.500 kopier i timen. Det maksimale stanseformat er 600 x 220 millimeter. En bred vifte af efterbehandlingsmuligheder kan realiseres: [&hellip;]<\/p>\n","protected":false},"featured_media":113897,"template":"","meta":[],"product_brand":[],"product_cat":[3300],"product_tag":[],"class_list":{"0":"post-113868","1":"product","2":"type-product","3":"status-publish","4":"has-post-thumbnail","6":"product_cat-stansning","7":"pa_hersteller-pamatec-oem-heidelberg","8":"pa_typ-pt-220","10":"first","11":"instock","12":"taxable","13":"shipping-taxable","14":"purchasable","15":"product-type-simple"},"jetpack_sharing_enabled":true,"_links":{"self":[{"href":"https:\/\/www.3p-gmbh.de\/da\/wp-json\/wp\/v2\/product\/113868","targetHints":{"allow":["GET"]}}],"collection":[{"href":"https:\/\/www.3p-gmbh.de\/da\/wp-json\/wp\/v2\/product"}],"about":[{"href":"https:\/\/www.3p-gmbh.de\/da\/wp-json\/wp\/v2\/types\/product"}],"wp:featuredmedia":[{"embeddable":true,"href":"https:\/\/www.3p-gmbh.de\/da\/wp-json\/wp\/v2\/media\/113897"}],"wp:attachment":[{"href":"https:\/\/www.3p-gmbh.de\/da\/wp-json\/wp\/v2\/media?parent=113868"}],"wp:term":[{"taxonomy":"product_brand","embeddable":true,"href":"https:\/\/www.3p-gmbh.de\/da\/wp-json\/wp\/v2\/product_brand?post=113868"},{"taxonomy":"product_cat","embeddable":true,"href":"https:\/\/www.3p-gmbh.de\/da\/wp-json\/wp\/v2\/product_cat?post=113868"},{"taxonomy":"product_tag","embeddable":true,"href":"https:\/\/www.3p-gmbh.de\/da\/wp-json\/wp\/v2\/product_tag?post=113868"}],"curies":[{"name":"wp","href":"https:\/\/api.w.org\/{rel}","templated":true}]}}