{"id":113699,"date":"2019-11-21T14:29:57","date_gmt":"2019-11-21T14:29:57","guid":{"rendered":"https:\/\/www.3p-gmbh.de\/produkt\/traenklein-usm-universal-stansemaskine\/"},"modified":"2019-11-21T14:29:57","modified_gmt":"2019-11-21T14:29:57","slug":"traenklein-usm-universal-stansemaskine","status":"publish","type":"product","link":"https:\/\/www.3p-gmbh.de\/da\/produkt\/traenklein-usm-universal-stansemaskine\/","title":{"rendered":"Tr\u00e4nklein USM universal stansemaskine"},"content":{"rendered":"<p>med \u00e9t v\u00e6rkt\u00f8j til 45\u00b0 registersnit, bladl\u00e6ngde 40 cm<\/p>\n<p>er velegnet til stansning af papir, pap, plast osv.<br \/>\nDen kan udstyres med mange let udskiftelige stansev\u00e6rkt\u00f8jer til en bred vifte af stanseopgaver.<br \/>\nStansemaskinens design best\u00e5r af tre hoveddele: Grundramme, v\u00e6rkt\u00f8jssl\u00e6de og st\u00f8ttebord.<br \/>\nLiften udl\u00f8ses af en elektrisk fodkontakt (eller automatisk),<br \/>\nMaskinens l\u00f8fteh\u00f8jde kan justeres afh\u00e6ngigt af v\u00e6rkt\u00f8jets form og stansematerialet.<br \/>\nAffald, der produceres under stansningen, falder ned ad siderne via to slisker og kan opsamles i beholdere.<\/p>\n<p>+Til stansning af papir, pap og plast med \u00f8vre og nedre klinge<br \/>\n+Elektrisk udstyr: Gearbremsemotor 400 Volt, 3 Ph, 50 Hz, 1,5 kW<br \/>\n+Stablingsh\u00f8jde maks. 80 mm<br \/>\n+ slagl\u00e6ngde maks. 100 mm<br \/>\n+Bordst\u00f8rrelse 900 x 480 mm<br \/>\n+Pladsbehov 100 x 95 x 140 cm<br \/>\n+Nettov\u00e6gt 350 kg<\/p>\n","protected":false},"excerpt":{"rendered":"<p>med \u00e9t v\u00e6rkt\u00f8j til 45\u00b0 registersnit, bladl\u00e6ngde 40 cm er velegnet til stansning af papir, pap, plast osv. Den kan udstyres med mange let udskiftelige stansev\u00e6rkt\u00f8jer til en bred vifte af stanseopgaver. Stansemaskinens design best\u00e5r af tre hoveddele: Grundramme, v\u00e6rkt\u00f8jssl\u00e6de og st\u00f8ttebord. Liften udl\u00f8ses af en elektrisk fodkontakt (eller automatisk), Maskinens l\u00f8fteh\u00f8jde kan justeres afh\u00e6ngigt [&hellip;]<\/p>\n","protected":false},"featured_media":113716,"template":"","meta":[],"product_brand":[],"product_cat":[3300],"product_tag":[],"class_list":{"0":"post-113699","1":"product","2":"type-product","3":"status-publish","4":"has-post-thumbnail","6":"product_cat-stansning","7":"pa_hersteller-karl-traenklein","8":"pa_typ-usm","10":"first","11":"instock","12":"taxable","13":"shipping-taxable","14":"purchasable","15":"product-type-simple"},"jetpack_sharing_enabled":true,"_links":{"self":[{"href":"https:\/\/www.3p-gmbh.de\/da\/wp-json\/wp\/v2\/product\/113699","targetHints":{"allow":["GET"]}}],"collection":[{"href":"https:\/\/www.3p-gmbh.de\/da\/wp-json\/wp\/v2\/product"}],"about":[{"href":"https:\/\/www.3p-gmbh.de\/da\/wp-json\/wp\/v2\/types\/product"}],"wp:featuredmedia":[{"embeddable":true,"href":"https:\/\/www.3p-gmbh.de\/da\/wp-json\/wp\/v2\/media\/113716"}],"wp:attachment":[{"href":"https:\/\/www.3p-gmbh.de\/da\/wp-json\/wp\/v2\/media?parent=113699"}],"wp:term":[{"taxonomy":"product_brand","embeddable":true,"href":"https:\/\/www.3p-gmbh.de\/da\/wp-json\/wp\/v2\/product_brand?post=113699"},{"taxonomy":"product_cat","embeddable":true,"href":"https:\/\/www.3p-gmbh.de\/da\/wp-json\/wp\/v2\/product_cat?post=113699"},{"taxonomy":"product_tag","embeddable":true,"href":"https:\/\/www.3p-gmbh.de\/da\/wp-json\/wp\/v2\/product_tag?post=113699"}],"curies":[{"name":"wp","href":"https:\/\/api.w.org\/{rel}","templated":true}]}}