{"id":113640,"date":"2019-11-21T15:46:44","date_gmt":"2019-11-21T15:46:44","guid":{"rendered":"https:\/\/www.3p-gmbh.de\/produkt\/schneider-senator-115-h-model-tc-hoejhastighedsskaerer\/"},"modified":"2019-11-21T15:46:44","modified_gmt":"2019-11-21T15:46:44","slug":"schneider-senator-115-h-model-tc-hoejhastighedsskaerer","status":"publish","type":"product","link":"https:\/\/www.3p-gmbh.de\/da\/produkt\/schneider-senator-115-h-model-tc-hoejhastighedsskaerer\/","title":{"rendered":"SCHNEIDER SENATOR 115 H Model TC h\u00f8jhastighedssk\u00e6rer"},"content":{"rendered":"<p>med TFT-farveber\u00f8ringssk\u00e6rm,<br \/>\nFlash-kortl\u00e6ser<br \/>\nFrekvensstyret bagm\u00e5ler,<br \/>\nSpindel med kuglespindel,<br \/>\nInfrar\u00f8de beskyttelsesbarrierer med lysgitter<br \/>\nSikkerhedsbolt<br \/>\nLuftsk\u00e6reseng i rustfrit st\u00e5l, luftsidebord til venstre,<br \/>\nOptisk sektionsindikator<\/p>\n","protected":false},"excerpt":{"rendered":"<p>med TFT-farveber\u00f8ringssk\u00e6rm, Flash-kortl\u00e6ser Frekvensstyret bagm\u00e5ler, Spindel med kuglespindel, Infrar\u00f8de beskyttelsesbarrierer med lysgitter Sikkerhedsbolt Luftsk\u00e6reseng i rustfrit st\u00e5l, luftsidebord til venstre, Optisk sektionsindikator<\/p>\n","protected":false},"featured_media":113648,"template":"","meta":[],"product_brand":[],"product_cat":[3302],"product_tag":[],"class_list":{"0":"post-113640","1":"product","2":"type-product","3":"status-publish","4":"has-post-thumbnail","6":"product_cat-skaeremaskiner","7":"pa_hersteller-schneider-senator","8":"pa_typ-115-h-model-tc","10":"first","11":"instock","12":"taxable","13":"shipping-taxable","14":"purchasable","15":"product-type-simple"},"jetpack_sharing_enabled":true,"_links":{"self":[{"href":"https:\/\/www.3p-gmbh.de\/da\/wp-json\/wp\/v2\/product\/113640","targetHints":{"allow":["GET"]}}],"collection":[{"href":"https:\/\/www.3p-gmbh.de\/da\/wp-json\/wp\/v2\/product"}],"about":[{"href":"https:\/\/www.3p-gmbh.de\/da\/wp-json\/wp\/v2\/types\/product"}],"wp:featuredmedia":[{"embeddable":true,"href":"https:\/\/www.3p-gmbh.de\/da\/wp-json\/wp\/v2\/media\/113648"}],"wp:attachment":[{"href":"https:\/\/www.3p-gmbh.de\/da\/wp-json\/wp\/v2\/media?parent=113640"}],"wp:term":[{"taxonomy":"product_brand","embeddable":true,"href":"https:\/\/www.3p-gmbh.de\/da\/wp-json\/wp\/v2\/product_brand?post=113640"},{"taxonomy":"product_cat","embeddable":true,"href":"https:\/\/www.3p-gmbh.de\/da\/wp-json\/wp\/v2\/product_cat?post=113640"},{"taxonomy":"product_tag","embeddable":true,"href":"https:\/\/www.3p-gmbh.de\/da\/wp-json\/wp\/v2\/product_tag?post=113640"}],"curies":[{"name":"wp","href":"https:\/\/api.w.org\/{rel}","templated":true}]}}