{"id":113500,"date":"2019-11-22T09:08:27","date_gmt":"2019-11-22T09:08:27","guid":{"rendered":"https:\/\/www.3p-gmbh.de\/produkt\/pamatec-ksm-6030-konturstansemaskine\/"},"modified":"2019-11-22T09:08:27","modified_gmt":"2019-11-22T09:08:27","slug":"pamatec-ksm-6030-konturstansemaskine","status":"publish","type":"product","link":"https:\/\/www.3p-gmbh.de\/da\/produkt\/pamatec-ksm-6030-konturstansemaskine\/","title":{"rendered":"Pamatec KSM 6030 konturstansemaskine"},"content":{"rendered":"<p>til sk\u00e6ring af st\u00e5lb\u00e5nd<\/p>\n","protected":false},"excerpt":{"rendered":"<p>til sk\u00e6ring af st\u00e5lb\u00e5nd<\/p>\n","protected":false},"featured_media":113509,"template":"","meta":[],"product_brand":[],"product_cat":[3300],"product_tag":[],"class_list":{"0":"post-113500","1":"product","2":"type-product","3":"status-publish","4":"has-post-thumbnail","6":"product_cat-stansning","7":"pa_hersteller-pamatec","8":"pa_typ-ksm-6030","10":"first","11":"instock","12":"taxable","13":"shipping-taxable","14":"purchasable","15":"product-type-simple"},"jetpack_sharing_enabled":true,"_links":{"self":[{"href":"https:\/\/www.3p-gmbh.de\/da\/wp-json\/wp\/v2\/product\/113500","targetHints":{"allow":["GET"]}}],"collection":[{"href":"https:\/\/www.3p-gmbh.de\/da\/wp-json\/wp\/v2\/product"}],"about":[{"href":"https:\/\/www.3p-gmbh.de\/da\/wp-json\/wp\/v2\/types\/product"}],"wp:featuredmedia":[{"embeddable":true,"href":"https:\/\/www.3p-gmbh.de\/da\/wp-json\/wp\/v2\/media\/113509"}],"wp:attachment":[{"href":"https:\/\/www.3p-gmbh.de\/da\/wp-json\/wp\/v2\/media?parent=113500"}],"wp:term":[{"taxonomy":"product_brand","embeddable":true,"href":"https:\/\/www.3p-gmbh.de\/da\/wp-json\/wp\/v2\/product_brand?post=113500"},{"taxonomy":"product_cat","embeddable":true,"href":"https:\/\/www.3p-gmbh.de\/da\/wp-json\/wp\/v2\/product_cat?post=113500"},{"taxonomy":"product_tag","embeddable":true,"href":"https:\/\/www.3p-gmbh.de\/da\/wp-json\/wp\/v2\/product_tag?post=113500"}],"curies":[{"name":"wp","href":"https:\/\/api.w.org\/{rel}","templated":true}]}}