{"id":113331,"date":"2019-11-25T14:26:14","date_gmt":"2019-11-25T14:26:14","guid":{"rendered":"https:\/\/www.3p-gmbh.de\/produkt\/rs-800-scanningsspektrometer-med-techkon-expresso-pro-software\/"},"modified":"2019-11-25T14:26:14","modified_gmt":"2019-11-25T14:26:14","slug":"rs-800-scanningsspektrometer-med-techkon-expresso-pro-software","status":"publish","type":"product","link":"https:\/\/www.3p-gmbh.de\/da\/produkt\/rs-800-scanningsspektrometer-med-techkon-expresso-pro-software\/","title":{"rendered":"RS 800 scanningsspektrometer med Techkon ExPresso Pro-software"},"content":{"rendered":"<p>Det kompakte RS 800-skanningsspektrometer revolutionerer den automatiske m\u00e5ling af densitet og punktforst\u00e6rkning p\u00e5 alle printkontrolstrimler, stepkiler og testdiagrammer.<br \/>\nBetjeningen er legende let: Det smukt designede m\u00e5leinstrument ligger godt i h\u00e5nden.<br \/>\nDen f\u00f8res hurtigt hen over trykreguleringslisten. De forskellige m\u00e5lefelter og deres placering p\u00e5 kontrolstrimlen genkendes automatisk. Styrerullerne i bunden af apparatet s\u00f8rger for, at det k\u00f8rer sikkert i en lige linje. M\u00e5leenheden bev\u00e6ges langs en styreskinne p\u00e5 printark i stort format.<\/p>\n<p>Scanningsspektrometeret RS 800, der arbejder p\u00e5 spektralbasis, viser is\u00e6r sine styrker ved m\u00e5ling af spotfarver. Enheden kan ogs\u00e5 bruges som en almindelig h\u00e5ndholdt m\u00e5leenhed: Du skal blot placere den p\u00e5 farvefeltet, trykke p\u00e5 m\u00e5leknappen &#8211; f\u00e6rdig! Det er lige s\u00e5 nemt at m\u00e5le trykplader.<br \/>\nTECHKON ExPresso Pro-softwarepakken er designet til spotfarvetryk med op til otte farver og kan derfor bruges sammen med RS 800-scanspektrometeret.<br \/>\nDen motoriserede line\u00e6re LT-aktuator giver \u00f8get komfort.<br \/>\nBrugeren slipper for at flytte m\u00e5leinstrumentet manuelt.<\/p>\n<p>M\u00e5legeometri: 0\/45\u00b0 optik \/ DIN 5033<br \/>\nM\u00e5le\u00e5bning: 3 x 1,5 mm<br \/>\nM\u00e5lelys: Gasfyldt gl\u00f8delampe, lysstof A<br \/>\nPolarisationsfilter: dobbelt line\u00e6rt krydset<br \/>\nScanningshastighed maks. 150 mm\/s<br \/>\nMindste m\u00e5lefeltbredde: 3 mm<br \/>\nT\u00e6thedsstandard: DIN 16536<br \/>\nM\u00e5leomr\u00e5de: 0,00 D &#8211; 2,50 D<br \/>\nReproducerbarhed: +- 0,001 D<br \/>\nStr\u00f8mforsyning Str\u00f8mforsyningsenhed: 110 &#8211; 240 V, 47 &#8211; 63 Hz,<br \/>\nInterface: seriel RS 232, 115 kBaud<\/p>\n<p>Inkluderet i tilbuddet:<br \/>\nLT 102 cm<br \/>\nTechkon ExPresso Pro-software med dongle<\/p>\n","protected":false},"excerpt":{"rendered":"<p>Det kompakte RS 800-skanningsspektrometer revolutionerer den automatiske m\u00e5ling af densitet og punktforst\u00e6rkning p\u00e5 alle printkontrolstrimler, stepkiler og testdiagrammer. Betjeningen er legende let: Det smukt designede m\u00e5leinstrument ligger godt i h\u00e5nden. Den f\u00f8res hurtigt hen over trykreguleringslisten. De forskellige m\u00e5lefelter og deres placering p\u00e5 kontrolstrimlen genkendes automatisk. Styrerullerne i bunden af apparatet s\u00f8rger for, at det [&hellip;]<\/p>\n","protected":false},"featured_media":113332,"template":"","meta":[],"product_brand":[],"product_cat":[3524],"product_tag":[],"class_list":{"0":"post-113331","1":"product","2":"type-product","3":"status-publish","4":"has-post-thumbnail","6":"product_cat-maaleinstrumenter-og-kvalitetssikring","7":"pa_hersteller-techkon","8":"pa_typ-rs-800","10":"first","11":"instock","12":"taxable","13":"shipping-taxable","14":"purchasable","15":"product-type-simple"},"jetpack_sharing_enabled":true,"_links":{"self":[{"href":"https:\/\/www.3p-gmbh.de\/da\/wp-json\/wp\/v2\/product\/113331","targetHints":{"allow":["GET"]}}],"collection":[{"href":"https:\/\/www.3p-gmbh.de\/da\/wp-json\/wp\/v2\/product"}],"about":[{"href":"https:\/\/www.3p-gmbh.de\/da\/wp-json\/wp\/v2\/types\/product"}],"wp:featuredmedia":[{"embeddable":true,"href":"https:\/\/www.3p-gmbh.de\/da\/wp-json\/wp\/v2\/media\/113332"}],"wp:attachment":[{"href":"https:\/\/www.3p-gmbh.de\/da\/wp-json\/wp\/v2\/media?parent=113331"}],"wp:term":[{"taxonomy":"product_brand","embeddable":true,"href":"https:\/\/www.3p-gmbh.de\/da\/wp-json\/wp\/v2\/product_brand?post=113331"},{"taxonomy":"product_cat","embeddable":true,"href":"https:\/\/www.3p-gmbh.de\/da\/wp-json\/wp\/v2\/product_cat?post=113331"},{"taxonomy":"product_tag","embeddable":true,"href":"https:\/\/www.3p-gmbh.de\/da\/wp-json\/wp\/v2\/product_tag?post=113331"}],"curies":[{"name":"wp","href":"https:\/\/api.w.org\/{rel}","templated":true}]}}