{"id":113315,"date":"2019-11-25T14:57:22","date_gmt":"2019-11-25T14:57:22","guid":{"rendered":"https:\/\/www.3p-gmbh.de\/produkt\/komplet-tvaerperforeringssaet-til-heidelberg-speedmaster-sm-52-plus-version\/"},"modified":"2019-11-25T14:57:22","modified_gmt":"2019-11-25T14:57:22","slug":"komplet-tvaerperforeringssaet-til-heidelberg-speedmaster-sm-52-plus-version","status":"publish","type":"product","link":"https:\/\/www.3p-gmbh.de\/da\/produkt\/komplet-tvaerperforeringssaet-til-heidelberg-speedmaster-sm-52-plus-version\/","title":{"rendered":"Komplet tv\u00e6rperforeringss\u00e6t til Heidelberg Speedmaster SM 52 Plus-version"},"content":{"rendered":"<p>Komplet tv\u00e6rperforeringss\u00e6t til Heidelberg Speedmaster SM 52 Plus-version<\/p>\n","protected":false},"excerpt":{"rendered":"<p>Komplet tv\u00e6rperforeringss\u00e6t til Heidelberg Speedmaster SM 52 Plus-version<\/p>\n","protected":false},"featured_media":113316,"template":"","meta":[],"product_brand":[],"product_cat":[3298],"product_tag":[],"class_list":{"0":"post-113315","1":"product","2":"type-product","3":"status-publish","4":"has-post-thumbnail","6":"product_cat-tilbehoer-og-reservedele-til-trykpresser","7":"pa_hersteller-heidelberg","8":"pa_typ-sm-52","10":"first","11":"instock","12":"taxable","13":"shipping-taxable","14":"purchasable","15":"product-type-simple"},"jetpack_sharing_enabled":true,"_links":{"self":[{"href":"https:\/\/www.3p-gmbh.de\/da\/wp-json\/wp\/v2\/product\/113315","targetHints":{"allow":["GET"]}}],"collection":[{"href":"https:\/\/www.3p-gmbh.de\/da\/wp-json\/wp\/v2\/product"}],"about":[{"href":"https:\/\/www.3p-gmbh.de\/da\/wp-json\/wp\/v2\/types\/product"}],"wp:featuredmedia":[{"embeddable":true,"href":"https:\/\/www.3p-gmbh.de\/da\/wp-json\/wp\/v2\/media\/113316"}],"wp:attachment":[{"href":"https:\/\/www.3p-gmbh.de\/da\/wp-json\/wp\/v2\/media?parent=113315"}],"wp:term":[{"taxonomy":"product_brand","embeddable":true,"href":"https:\/\/www.3p-gmbh.de\/da\/wp-json\/wp\/v2\/product_brand?post=113315"},{"taxonomy":"product_cat","embeddable":true,"href":"https:\/\/www.3p-gmbh.de\/da\/wp-json\/wp\/v2\/product_cat?post=113315"},{"taxonomy":"product_tag","embeddable":true,"href":"https:\/\/www.3p-gmbh.de\/da\/wp-json\/wp\/v2\/product_tag?post=113315"}],"curies":[{"name":"wp","href":"https:\/\/api.w.org\/{rel}","templated":true}]}}