{"id":113247,"date":"2019-11-26T08:46:35","date_gmt":"2019-11-26T08:46:35","guid":{"rendered":"https:\/\/www.3p-gmbh.de\/produkt\/grimm-farveblander\/"},"modified":"2019-11-26T08:46:35","modified_gmt":"2019-11-26T08:46:35","slug":"grimm-farveblander","status":"publish","type":"product","link":"https:\/\/www.3p-gmbh.de\/da\/produkt\/grimm-farveblander\/","title":{"rendered":"Grimm farveblander"},"content":{"rendered":"<p><strong>Grimm farveblander<\/strong><br \/>\n<em><strong>som Busch FM 12<\/strong><\/em><\/p>\n<p>med 3 blandingsbeholdere<br \/>\nmed to blandearme<br \/>\nmed h\u00e6ngslet blandearm til hurtig og intensiv blanding af trykfarver<br \/>\nDen grundige blandingseffekt opn\u00e5s ved hj\u00e6lp af blandearmen med en samtidig roterende malingsbeholder.<br \/>\n&#8211; uden bobler og uden klumper.<\/p>\n<p>Kapacitet 2 &#8211; til. ca. 12 kg<br \/>\nStr\u00f8mstyrke, str\u00f8mforbrug 0,37 kW<\/p>\n","protected":false},"excerpt":{"rendered":"<p>Grimm farveblander som Busch FM 12 med 3 blandingsbeholdere med to blandearme med h\u00e6ngslet blandearm til hurtig og intensiv blanding af trykfarver Den grundige blandingseffekt opn\u00e5s ved hj\u00e6lp af blandearmen med en samtidig roterende malingsbeholder. &#8211; uden bobler og uden klumper. Kapacitet 2 &#8211; til. ca. 12 kg Str\u00f8mstyrke, str\u00f8mforbrug 0,37 kW<\/p>\n","protected":false},"featured_media":113253,"template":"","meta":[],"product_brand":[],"product_cat":[3298],"product_tag":[],"class_list":{"0":"post-113247","1":"product","2":"type-product","3":"status-publish","4":"has-post-thumbnail","6":"product_cat-tilbehoer-og-reservedele-til-trykpresser","7":"pa_hersteller-grimm","9":"first","10":"instock","11":"taxable","12":"shipping-taxable","13":"purchasable","14":"product-type-simple"},"jetpack_sharing_enabled":true,"_links":{"self":[{"href":"https:\/\/www.3p-gmbh.de\/da\/wp-json\/wp\/v2\/product\/113247","targetHints":{"allow":["GET"]}}],"collection":[{"href":"https:\/\/www.3p-gmbh.de\/da\/wp-json\/wp\/v2\/product"}],"about":[{"href":"https:\/\/www.3p-gmbh.de\/da\/wp-json\/wp\/v2\/types\/product"}],"wp:featuredmedia":[{"embeddable":true,"href":"https:\/\/www.3p-gmbh.de\/da\/wp-json\/wp\/v2\/media\/113253"}],"wp:attachment":[{"href":"https:\/\/www.3p-gmbh.de\/da\/wp-json\/wp\/v2\/media?parent=113247"}],"wp:term":[{"taxonomy":"product_brand","embeddable":true,"href":"https:\/\/www.3p-gmbh.de\/da\/wp-json\/wp\/v2\/product_brand?post=113247"},{"taxonomy":"product_cat","embeddable":true,"href":"https:\/\/www.3p-gmbh.de\/da\/wp-json\/wp\/v2\/product_cat?post=113247"},{"taxonomy":"product_tag","embeddable":true,"href":"https:\/\/www.3p-gmbh.de\/da\/wp-json\/wp\/v2\/product_tag?post=113247"}],"curies":[{"name":"wp","href":"https:\/\/api.w.org\/{rel}","templated":true}]}}