{"id":113202,"date":"2019-11-26T09:46:14","date_gmt":"2019-11-26T09:46:14","guid":{"rendered":"https:\/\/www.3p-gmbh.de\/produkt\/busch-fm-12-maleblander-med-2-blandebeholdere\/"},"modified":"2019-11-26T09:46:14","modified_gmt":"2019-11-26T09:46:14","slug":"busch-fm-12-maleblander-med-2-blandebeholdere","status":"publish","type":"product","link":"https:\/\/www.3p-gmbh.de\/da\/produkt\/busch-fm-12-maleblander-med-2-blandebeholdere\/","title":{"rendered":"Busch FM 12 maleblander med 2 blandebeholdere"},"content":{"rendered":"<p><strong>Busch FM 12 maleblander med 2 blandebeholdere<\/strong><br \/>\nmed h\u00e6ngslet blandearm til hurtig og intensiv blanding af trykfarver.<br \/>\nDen grundige blandingseffekt opn\u00e5s ved hj\u00e6lp af blandearmen med en samtidig roterende malingsbeholder.<br \/>\n&#8211; uden bobler og uden klumper.<\/p>\n<p>Kapacitet 2-12 kg<\/p>\n","protected":false},"excerpt":{"rendered":"<p>Busch FM 12 maleblander med 2 blandebeholdere med h\u00e6ngslet blandearm til hurtig og intensiv blanding af trykfarver. Den grundige blandingseffekt opn\u00e5s ved hj\u00e6lp af blandearmen med en samtidig roterende malingsbeholder. &#8211; uden bobler og uden klumper. Kapacitet 2-12 kg<\/p>\n","protected":false},"featured_media":113211,"template":"","meta":[],"product_brand":[],"product_cat":[3298],"product_tag":[],"class_list":{"0":"post-113202","1":"product","2":"type-product","3":"status-publish","4":"has-post-thumbnail","6":"product_cat-tilbehoer-og-reservedele-til-trykpresser","7":"pa_hersteller-buschgraph","8":"pa_typ-fm-12","10":"first","11":"instock","12":"taxable","13":"shipping-taxable","14":"purchasable","15":"product-type-simple"},"jetpack_sharing_enabled":true,"_links":{"self":[{"href":"https:\/\/www.3p-gmbh.de\/da\/wp-json\/wp\/v2\/product\/113202","targetHints":{"allow":["GET"]}}],"collection":[{"href":"https:\/\/www.3p-gmbh.de\/da\/wp-json\/wp\/v2\/product"}],"about":[{"href":"https:\/\/www.3p-gmbh.de\/da\/wp-json\/wp\/v2\/types\/product"}],"wp:featuredmedia":[{"embeddable":true,"href":"https:\/\/www.3p-gmbh.de\/da\/wp-json\/wp\/v2\/media\/113211"}],"wp:attachment":[{"href":"https:\/\/www.3p-gmbh.de\/da\/wp-json\/wp\/v2\/media?parent=113202"}],"wp:term":[{"taxonomy":"product_brand","embeddable":true,"href":"https:\/\/www.3p-gmbh.de\/da\/wp-json\/wp\/v2\/product_brand?post=113202"},{"taxonomy":"product_cat","embeddable":true,"href":"https:\/\/www.3p-gmbh.de\/da\/wp-json\/wp\/v2\/product_cat?post=113202"},{"taxonomy":"product_tag","embeddable":true,"href":"https:\/\/www.3p-gmbh.de\/da\/wp-json\/wp\/v2\/product_tag?post=113202"}],"curies":[{"name":"wp","href":"https:\/\/api.w.org\/{rel}","templated":true}]}}