{"id":113150,"date":"2019-11-26T12:08:08","date_gmt":"2019-11-26T12:08:08","guid":{"rendered":"https:\/\/www.3p-gmbh.de\/produkt\/leibinger-nummereringsmaskiner-grad-eller-krydssaettere-til-heidelberg-gto-46-52-eller-speedmaster-52\/"},"modified":"2019-11-26T12:08:08","modified_gmt":"2019-11-26T12:08:08","slug":"leibinger-nummereringsmaskiner-grad-eller-krydssaettere-til-heidelberg-gto-46-52-eller-speedmaster-52","status":"publish","type":"product","link":"https:\/\/www.3p-gmbh.de\/da\/produkt\/leibinger-nummereringsmaskiner-grad-eller-krydssaettere-til-heidelberg-gto-46-52-eller-speedmaster-52\/","title":{"rendered":"Leibinger nummereringsmaskiner Grad- eller krydss\u00e6ttere til Heidelberg GTO 46\/52 eller Speedmaster 52"},"content":{"rendered":"<ul>\n<li>Brugt, fuldst\u00e6ndig adskilt, rengjort og efterset<\/li>\n<li>F\u00e5s som: t\u00e6ller op, t\u00e6ller ned, lodret oprejst og vandret oprejst<\/li>\n<li>7-cifret<\/li>\n<\/ul>\n","protected":false},"excerpt":{"rendered":"<p>Brugt, fuldst\u00e6ndig adskilt, rengjort og efterset F\u00e5s som: t\u00e6ller op, t\u00e6ller ned, lodret oprejst og vandret oprejst 7-cifret<\/p>\n","protected":false},"featured_media":113151,"template":"","meta":[],"product_brand":[],"product_cat":[3314],"product_tag":[],"class_list":{"0":"post-113150","1":"product","2":"type-product","3":"status-publish","4":"has-post-thumbnail","6":"product_cat-bogtryk","7":"pa_bezeichnung_typ-buchdruck-numerierwerke","8":"pa_hersteller-leibinger","10":"first","11":"instock","12":"taxable","13":"shipping-taxable","14":"purchasable","15":"product-type-simple"},"jetpack_sharing_enabled":true,"_links":{"self":[{"href":"https:\/\/www.3p-gmbh.de\/da\/wp-json\/wp\/v2\/product\/113150","targetHints":{"allow":["GET"]}}],"collection":[{"href":"https:\/\/www.3p-gmbh.de\/da\/wp-json\/wp\/v2\/product"}],"about":[{"href":"https:\/\/www.3p-gmbh.de\/da\/wp-json\/wp\/v2\/types\/product"}],"wp:featuredmedia":[{"embeddable":true,"href":"https:\/\/www.3p-gmbh.de\/da\/wp-json\/wp\/v2\/media\/113151"}],"wp:attachment":[{"href":"https:\/\/www.3p-gmbh.de\/da\/wp-json\/wp\/v2\/media?parent=113150"}],"wp:term":[{"taxonomy":"product_brand","embeddable":true,"href":"https:\/\/www.3p-gmbh.de\/da\/wp-json\/wp\/v2\/product_brand?post=113150"},{"taxonomy":"product_cat","embeddable":true,"href":"https:\/\/www.3p-gmbh.de\/da\/wp-json\/wp\/v2\/product_cat?post=113150"},{"taxonomy":"product_tag","embeddable":true,"href":"https:\/\/www.3p-gmbh.de\/da\/wp-json\/wp\/v2\/product_tag?post=113150"}],"curies":[{"name":"wp","href":"https:\/\/api.w.org\/{rel}","templated":true}]}}