{"id":112885,"date":"2019-12-03T09:15:16","date_gmt":"2019-12-03T09:15:16","guid":{"rendered":"https:\/\/www.3p-gmbh.de\/produkt\/heidelberg-stahlfolder-buh-66-4-2-mobile-foldeenhed\/"},"modified":"2019-12-03T09:15:16","modified_gmt":"2019-12-03T09:15:16","slug":"heidelberg-stahlfolder-buh-66-4-2-mobile-foldeenhed","status":"publish","type":"product","link":"https:\/\/www.3p-gmbh.de\/da\/produkt\/heidelberg-stahlfolder-buh-66-4-2-mobile-foldeenhed\/","title":{"rendered":"Heidelberg Stahlfolder BUH 66-4 2. mobile foldeenhed"},"content":{"rendered":"<p>MCT-kontrol<br \/>\nForskellige underkonstruktioner til \u00e6ndring af indl\u00f8bsh\u00f8jden (nuv\u00e6rende indl\u00f8b kan justeres fra ca. 83-97 cm)<br \/>\nLinealstop som FW 2<br \/>\n4 lommer 66 cm indl\u00f8bsbredde<br \/>\n2 blinde lommer<br \/>\nDobbelte bageste knivaksler med l\u00f8ftes\u00e6t (v\u00e6rkt\u00f8j som vist)<\/p>\n","protected":false},"excerpt":{"rendered":"<p>MCT-kontrol Forskellige underkonstruktioner til \u00e6ndring af indl\u00f8bsh\u00f8jden (nuv\u00e6rende indl\u00f8b kan justeres fra ca. 83-97 cm) Linealstop som FW 2 4 lommer 66 cm indl\u00f8bsbredde 2 blinde lommer Dobbelte bageste knivaksler med l\u00f8ftes\u00e6t (v\u00e6rkt\u00f8j som vist)<\/p>\n","protected":false},"featured_media":112893,"template":"","meta":[],"product_brand":[],"product_cat":[3325],"product_tag":[],"class_list":{"0":"post-112885","1":"product","2":"type-product","3":"status-publish","4":"has-post-thumbnail","6":"product_cat-sammenklappelige-enheder","7":"pa_hersteller-heidelberg-stahlfolder","8":"pa_typ-buh-66-4","10":"first","11":"instock","12":"taxable","13":"shipping-taxable","14":"purchasable","15":"product-type-simple"},"jetpack_sharing_enabled":true,"_links":{"self":[{"href":"https:\/\/www.3p-gmbh.de\/da\/wp-json\/wp\/v2\/product\/112885","targetHints":{"allow":["GET"]}}],"collection":[{"href":"https:\/\/www.3p-gmbh.de\/da\/wp-json\/wp\/v2\/product"}],"about":[{"href":"https:\/\/www.3p-gmbh.de\/da\/wp-json\/wp\/v2\/types\/product"}],"wp:featuredmedia":[{"embeddable":true,"href":"https:\/\/www.3p-gmbh.de\/da\/wp-json\/wp\/v2\/media\/112893"}],"wp:attachment":[{"href":"https:\/\/www.3p-gmbh.de\/da\/wp-json\/wp\/v2\/media?parent=112885"}],"wp:term":[{"taxonomy":"product_brand","embeddable":true,"href":"https:\/\/www.3p-gmbh.de\/da\/wp-json\/wp\/v2\/product_brand?post=112885"},{"taxonomy":"product_cat","embeddable":true,"href":"https:\/\/www.3p-gmbh.de\/da\/wp-json\/wp\/v2\/product_cat?post=112885"},{"taxonomy":"product_tag","embeddable":true,"href":"https:\/\/www.3p-gmbh.de\/da\/wp-json\/wp\/v2\/product_tag?post=112885"}],"curies":[{"name":"wp","href":"https:\/\/api.w.org\/{rel}","templated":true}]}}