{"id":112851,"date":"2019-12-03T09:31:33","date_gmt":"2019-12-03T09:31:33","guid":{"rendered":"https:\/\/www.3p-gmbh.de\/produkt\/baumann-bsw-3-1000-aum-aupasys-fuldautomatisk-programmerbar-pilevender-automatisk-fastspaending-af-paller\/"},"modified":"2019-12-03T09:31:33","modified_gmt":"2019-12-03T09:31:33","slug":"baumann-bsw-3-1000-aum-aupasys-fuldautomatisk-programmerbar-pilevender-automatisk-fastspaending-af-paller","status":"publish","type":"product","link":"https:\/\/www.3p-gmbh.de\/da\/produkt\/baumann-bsw-3-1000-aum-aupasys-fuldautomatisk-programmerbar-pilevender-automatisk-fastspaending-af-paller\/","title":{"rendered":"Baumann BSW 3-1000 AUM AUPASYS fuldautomatisk programmerbar pilevender (automatisk fastsp\u00e6nding af paller)"},"content":{"rendered":"<p>AUPASYS stabelvender i format 3b er specielt udviklet til at opfylde kravene til brug af systempaller med automatisk non-stop i indf\u00f8ring og udlevering.<\/p>\n<p>-Manuelt system til l\u00e6sning og betjening fra fronten<br \/>\n-Frit valg af installation (ingen grube p\u00e5kr\u00e6vet), kan bruges til format 3B<br \/>\n-Stop med automatisk fastsp\u00e6nding af systempallen (format 3B) for nem udskiftning af transportpallen med systempallen, f\u00f8r printningen begynder.<br \/>\n-Udtr\u00e6kkelig sidelineal til centreret placering af stakken p\u00e5 systempallen<br \/>\n-Forst\u00e6rket ventilationssystem med ventilationsbokse (kan justeres alt efter format)<br \/>\n-Vibrationsanordning<\/p>\n<p>Belastningskapacitet: 1.000 kg<br \/>\nStablingsh\u00f8jde inkl. Transportpalle: maks. 1.700 mm og min. 775 mm Maksimalt substratformat: 740 x 1040 mm (1060 burde ogs\u00e5 fungere &#8211; det fandtes bare ikke i 2004)<\/p>\n<p>NR. 800xx<\/p>\n<p>&nbsp;<\/p>\n<p><iframe loading=\"lazy\" title=\"Baumann Aupasys\" width=\"980\" height=\"735\" src=\"https:\/\/www.youtube.com\/embed\/236f6GUjC20?feature=oembed\" frameborder=\"0\" allow=\"accelerometer; autoplay; clipboard-write; encrypted-media; gyroscope; picture-in-picture; web-share\" allowfullscreen><\/iframe><\/p>\n","protected":false},"excerpt":{"rendered":"<p>AUPASYS stabelvender i format 3b er specielt udviklet til at opfylde kravene til brug af systempaller med automatisk non-stop i indf\u00f8ring og udlevering. -Manuelt system til l\u00e6sning og betjening fra fronten -Frit valg af installation (ingen grube p\u00e5kr\u00e6vet), kan bruges til format 3B -Stop med automatisk fastsp\u00e6nding af systempallen (format 3B) for nem udskiftning af [&hellip;]<\/p>\n","protected":false},"featured_media":112852,"template":"","meta":[],"product_brand":[],"product_cat":[3309],"product_tag":[],"class_list":{"0":"post-112851","1":"product","2":"type-product","3":"status-publish","4":"has-post-thumbnail","6":"product_cat-stabelvender","7":"pa_hersteller-baumann","8":"pa_typ-bsw-3-1000-aum-aupasys","10":"first","11":"instock","12":"taxable","13":"shipping-taxable","14":"purchasable","15":"product-type-simple"},"jetpack_sharing_enabled":true,"_links":{"self":[{"href":"https:\/\/www.3p-gmbh.de\/da\/wp-json\/wp\/v2\/product\/112851","targetHints":{"allow":["GET"]}}],"collection":[{"href":"https:\/\/www.3p-gmbh.de\/da\/wp-json\/wp\/v2\/product"}],"about":[{"href":"https:\/\/www.3p-gmbh.de\/da\/wp-json\/wp\/v2\/types\/product"}],"wp:featuredmedia":[{"embeddable":true,"href":"https:\/\/www.3p-gmbh.de\/da\/wp-json\/wp\/v2\/media\/112852"}],"wp:attachment":[{"href":"https:\/\/www.3p-gmbh.de\/da\/wp-json\/wp\/v2\/media?parent=112851"}],"wp:term":[{"taxonomy":"product_brand","embeddable":true,"href":"https:\/\/www.3p-gmbh.de\/da\/wp-json\/wp\/v2\/product_brand?post=112851"},{"taxonomy":"product_cat","embeddable":true,"href":"https:\/\/www.3p-gmbh.de\/da\/wp-json\/wp\/v2\/product_cat?post=112851"},{"taxonomy":"product_tag","embeddable":true,"href":"https:\/\/www.3p-gmbh.de\/da\/wp-json\/wp\/v2\/product_tag?post=112851"}],"curies":[{"name":"wp","href":"https:\/\/api.w.org\/{rel}","templated":true}]}}