{"id":112607,"date":"2021-06-14T19:41:07","date_gmt":"2021-06-14T19:41:07","guid":{"rendered":"https:\/\/www.3p-gmbh.de\/produkt\/bograma-fr-550-servo-c-mobil-automatisk-friktionsfoeder-2\/"},"modified":"2021-06-14T19:41:07","modified_gmt":"2021-06-14T19:41:07","slug":"bograma-fr-550-servo-c-mobil-automatisk-friktionsfoeder-2","status":"publish","type":"product","link":"https:\/\/www.3p-gmbh.de\/da\/produkt\/bograma-fr-550-servo-c-mobil-automatisk-friktionsfoeder-2\/","title":{"rendered":"Bograma FR 550 Servo C mobil automatisk friktionsf\u00f8der"},"content":{"rendered":"<p><strong>Bograma FR 550 Servo C mobil automatisk friktionsf\u00f8der<\/strong><br \/>\n<strong>fra Bj. 2008<\/strong><\/p>\n<p>til at lave brochurer og individuelle ark til offline-brug:<br \/>\nBograma individuelle moduler, Bograma sk\u00e6resystemer, tredjepartsenheder osv.<\/p>\n<p>Tekniske data<br \/>\nFormat min. 148 x 75 mm med 2 vakuumb\u00e5nd<br \/>\nFormat min. 75 x 75 mm med 1 vakuumb\u00e5nd<br \/>\nFormat maks. 550 x 320 mm<br \/>\nProdukttykkelse maks. 5 mm<br \/>\nProdukttykkelse min. 120 gram\/m2 papir<br \/>\nStabelbord med glidende sidestop<br \/>\nStakventilation med bl\u00e6seluft<br \/>\nEffekt maks. i henhold til pr\u00e6stationstabellen<br \/>\nTudh\u00f8jde justerbar med spindel, 710 &#8211; 1050 mm<br \/>\nPladsbehov L 700 mm x B 1600 mm<br \/>\nV\u00e6gt ca. 300 kg<br \/>\nMobil med hjul<br \/>\nForl\u00e6ngelse af udl\u00f8b 250 mm<br \/>\nFarve: BOGRAMA standard bl\u00e5 RAL 5023<br \/>\nDokumentation: Tysk<br \/>\nDisplaysprog: tysk<br \/>\nElektrisk udstyr<br \/>\nTilslutning 230V \/ N \/ PE 50\/60 Hz \/ 16A (standard)<br \/>\nAfd\u00e6kning 16<\/p>\n<p>Styresp\u00e6nding 24 VDC<br \/>\nUrstyring via fotocelle<br \/>\nEffektdrev 1,5 kW<br \/>\nSamlet effekt 2,0 kW<br \/>\nServomotor-drev<br \/>\nElektrisk udstyr PLC-kontrol (Mitsubishi-m\u00e6rke)<br \/>\nTilslutning af stopkredsl\u00f8b ja (standard)<br \/>\nTrykluft 6 bar, p\u00e5 kundesiden<\/p>\n<p>Bem\u00e6rk:<br \/>\nTil styrbare, motoriserede drev, der er udstyret med en frekvensomformer eller servostyring<br \/>\ner udstyret med et filter, kan fejlstr\u00f8msafbrydere kun bruges i begr\u00e6nset omfang p\u00e5 grund af filtrenes l\u00e6kstr\u00f8mme.<\/p>\n","protected":false},"excerpt":{"rendered":"<p>Bograma FR 550 Servo C mobil automatisk friktionsf\u00f8der fra Bj. 2008 til at lave brochurer og individuelle ark til offline-brug: Bograma individuelle moduler, Bograma sk\u00e6resystemer, tredjepartsenheder osv. Tekniske data Format min. 148 x 75 mm med 2 vakuumb\u00e5nd Format min. 75 x 75 mm med 1 vakuumb\u00e5nd Format maks. 550 x 320 mm Produkttykkelse maks. [&hellip;]<\/p>\n","protected":false},"featured_media":112609,"template":"","meta":[],"product_brand":[],"product_cat":[3444],"product_tag":[],"class_list":{"0":"post-112607","1":"product","2":"type-product","3":"status-publish","4":"has-post-thumbnail","6":"product_cat-systemer-til-produktion-af-brochurer","7":"pa_hersteller-bograma","8":"pa_typ-fr-550-servo-c","10":"first","11":"instock","12":"taxable","13":"shipping-taxable","14":"product-type-simple"},"jetpack_sharing_enabled":true,"_links":{"self":[{"href":"https:\/\/www.3p-gmbh.de\/da\/wp-json\/wp\/v2\/product\/112607","targetHints":{"allow":["GET"]}}],"collection":[{"href":"https:\/\/www.3p-gmbh.de\/da\/wp-json\/wp\/v2\/product"}],"about":[{"href":"https:\/\/www.3p-gmbh.de\/da\/wp-json\/wp\/v2\/types\/product"}],"wp:featuredmedia":[{"embeddable":true,"href":"https:\/\/www.3p-gmbh.de\/da\/wp-json\/wp\/v2\/media\/112609"}],"wp:attachment":[{"href":"https:\/\/www.3p-gmbh.de\/da\/wp-json\/wp\/v2\/media?parent=112607"}],"wp:term":[{"taxonomy":"product_brand","embeddable":true,"href":"https:\/\/www.3p-gmbh.de\/da\/wp-json\/wp\/v2\/product_brand?post=112607"},{"taxonomy":"product_cat","embeddable":true,"href":"https:\/\/www.3p-gmbh.de\/da\/wp-json\/wp\/v2\/product_cat?post=112607"},{"taxonomy":"product_tag","embeddable":true,"href":"https:\/\/www.3p-gmbh.de\/da\/wp-json\/wp\/v2\/product_tag?post=112607"}],"curies":[{"name":"wp","href":"https:\/\/api.w.org\/{rel}","templated":true}]}}