{"id":112579,"date":"2021-06-14T19:49:27","date_gmt":"2021-06-14T19:49:27","guid":{"rendered":"https:\/\/www.3p-gmbh.de\/produkt\/inline-brostansemaskine-med-fremfoerer-og-afisoleringsstation-bograma-bsm-450-basic-ueb-550a-fr550-servo-c\/"},"modified":"2021-06-14T19:49:27","modified_gmt":"2021-06-14T19:49:27","slug":"inline-brostansemaskine-med-fremfoerer-og-afisoleringsstation-bograma-bsm-450-basic-ueb-550a-fr550-servo-c","status":"publish","type":"product","link":"https:\/\/www.3p-gmbh.de\/da\/produkt\/inline-brostansemaskine-med-fremfoerer-og-afisoleringsstation-bograma-bsm-450-basic-ueb-550a-fr550-servo-c\/","title":{"rendered":"inline brostansemaskine med fremf\u00f8rer og afisoleringsstation BOGRAMA BSM 450 basic + UEB 550A + FR550 Servo C"},"content":{"rendered":"<p><strong>BOGRAMA BSM 450 basic + UEB 550A + FR550 Servo C<\/strong><br \/>\n<strong>Bygge\u00e5r 2008<\/strong><\/p>\n<p>1 (\u00e9n) BOGRAMA BSM 450 basic<br \/>\nBygge\u00e5r 2008<br \/>\nAutomatisk sk\u00e6re- og stansemaskine til kontur- og panelstansning<br \/>\nDemovido p\u00e5 https:\/\/youtube.com\/shorts\/zxGgEdwIAww?feature=share<\/p>\n<p><strong>med f\u00f8lgende v\u00e6rkt\u00f8jer:<\/strong><br \/>\n&#8211; 1 x s\u00e6t med udskiftelige dele BSM 450<br \/>\n&#8211; 2 x ekstra paneler (dvs. mulighed for at sk\u00e6re til 3 paneler) Standard med 4 mm udsk\u00e6ringskniv<br \/>\n&#8211; 1 x v\u00e6rkt\u00f8jsops\u00e6tning med st\u00e5lm\u00e5ler til BSM 450<\/p>\n<p>1 (\u00e9n) mobil overf\u00f8rsel BOGRAMA UEB 550 A<br \/>\nmed pulserende bl\u00e6seluft og strippestation<\/p>\n<p>1 (\u00e9n) friktionsfremf\u00f8rer BOGRAMA FR 550 Servo C<br \/>\ntil at lave brochurer og individuelle ark til offline-brug:<br \/>\nBograma individuelle moduler, Bograma sk\u00e6resystemer, tredjepartsenheder osv.<\/p>\n","protected":false},"excerpt":{"rendered":"<p>BOGRAMA BSM 450 basic + UEB 550A + FR550 Servo C Bygge\u00e5r 2008 1 (\u00e9n) BOGRAMA BSM 450 basic Bygge\u00e5r 2008 Automatisk sk\u00e6re- og stansemaskine til kontur- og panelstansning Demovido p\u00e5 https:\/\/youtube.com\/shorts\/zxGgEdwIAww?feature=share med f\u00f8lgende v\u00e6rkt\u00f8jer: &#8211; 1 x s\u00e6t med udskiftelige dele BSM 450 &#8211; 2 x ekstra paneler (dvs. mulighed for at sk\u00e6re til [&hellip;]<\/p>\n","protected":false},"featured_media":112594,"template":"","meta":[],"product_brand":[],"product_cat":[3444],"product_tag":[],"class_list":{"0":"post-112579","1":"product","2":"type-product","3":"status-publish","4":"has-post-thumbnail","6":"product_cat-systemer-til-produktion-af-brochurer","7":"pa_hersteller-bograma","8":"pa_typ-bsm-450-basic","9":"pa_typ-fr-550-servo-c","10":"pa_typ-ueb-550a","12":"first","13":"instock","14":"taxable","15":"shipping-taxable","16":"product-type-simple"},"jetpack_sharing_enabled":true,"_links":{"self":[{"href":"https:\/\/www.3p-gmbh.de\/da\/wp-json\/wp\/v2\/product\/112579","targetHints":{"allow":["GET"]}}],"collection":[{"href":"https:\/\/www.3p-gmbh.de\/da\/wp-json\/wp\/v2\/product"}],"about":[{"href":"https:\/\/www.3p-gmbh.de\/da\/wp-json\/wp\/v2\/types\/product"}],"wp:featuredmedia":[{"embeddable":true,"href":"https:\/\/www.3p-gmbh.de\/da\/wp-json\/wp\/v2\/media\/112594"}],"wp:attachment":[{"href":"https:\/\/www.3p-gmbh.de\/da\/wp-json\/wp\/v2\/media?parent=112579"}],"wp:term":[{"taxonomy":"product_brand","embeddable":true,"href":"https:\/\/www.3p-gmbh.de\/da\/wp-json\/wp\/v2\/product_brand?post=112579"},{"taxonomy":"product_cat","embeddable":true,"href":"https:\/\/www.3p-gmbh.de\/da\/wp-json\/wp\/v2\/product_cat?post=112579"},{"taxonomy":"product_tag","embeddable":true,"href":"https:\/\/www.3p-gmbh.de\/da\/wp-json\/wp\/v2\/product_tag?post=112579"}],"curies":[{"name":"wp","href":"https:\/\/api.w.org\/{rel}","templated":true}]}}