{"id":112341,"date":"2021-06-14T21:11:43","date_gmt":"2021-06-14T21:11:43","guid":{"rendered":"https:\/\/www.3p-gmbh.de\/produkt\/folieemballage-saa-god-som-ny-med-beck-multiplex-pico-mp-formningsskuldermaskine-med-hv-601-krympetunnel\/"},"modified":"2021-06-14T21:11:43","modified_gmt":"2021-06-14T21:11:43","slug":"folieemballage-saa-god-som-ny-med-beck-multiplex-pico-mp-formningsskuldermaskine-med-hv-601-krympetunnel","status":"publish","type":"product","link":"https:\/\/www.3p-gmbh.de\/da\/produkt\/folieemballage-saa-god-som-ny-med-beck-multiplex-pico-mp-formningsskuldermaskine-med-hv-601-krympetunnel\/","title":{"rendered":"Folieemballage s\u00e5 god som ny med Beck Multiplex Pico MP-formningsskuldermaskine med HV 601-krympetunnel"},"content":{"rendered":"<p><strong>Folieemballage s\u00e5 god som ny med Beck Multiplex Pico MP-formningsskuldermaskine med HV 601-krympetunnel  <\/strong><br \/>\n<strong>fra Bj. 2008<\/strong><\/p>\n<div>\n<p><em>1 (\u00e9t) indf\u00f8ringsb\u00e5nd med delt b\u00e5ndlegeme 40 mm bredt og 340 mm langt<\/em><\/p>\n<p><em>1 (\u00e9n) st\u00f8beskultermaskine beck-Multiplex MP pico<\/em><br \/>\nIndgangsmodel til standardanvendelser, fleksibel i brug og brugervenlig.<br \/>\nVedligeholdelsesvenlige forseglingssystemer til alle typer film, 3-sidet forsegling og den nyeste generation af energibesparende drev.<\/p>\n<p>Det formst\u00f8bte skulderprincip giver en eksemplarisk fleksibilitet med forskellige formater og materialer.<br \/>\nEn rulle halvr\u00f8rformet folie f\u00f8res over en formningsskulder og svejses derefter p\u00e5 3 sider eller overlappende.<\/p>\n<p>Fleksibel og enkel betjening<br \/>\nPaneld\u00e6ksel i \u00e9t stykke for optimal tilg\u00e6ngelighed<br \/>\nMobilt kontrolpanel med datahukommelse for emballerede varer<br \/>\nPermanent opvarmede svejsesystemer med lav vedligeholdelse<\/p>\n<p><em>1 (\u00e9n) beck krympetunnel HV 601 Standard<br \/>\n<\/em>H\u00f8j ydeevne, lavt forbrug. Et sandt energibundt, n\u00e5r det g\u00e6lder b\u00e6redygtighed.<br \/>\nMed sin optimerede energibalance, luftstyring og krympesystem leverer Beck-krympetunnelen str\u00e5lende krympning med en bred vifte af folier<\/p>\n<\/div>\n","protected":false},"excerpt":{"rendered":"<p>Folieemballage s\u00e5 god som ny med Beck Multiplex Pico MP-formningsskuldermaskine med HV 601-krympetunnel fra Bj. 2008 1 (\u00e9t) indf\u00f8ringsb\u00e5nd med delt b\u00e5ndlegeme 40 mm bredt og 340 mm langt 1 (\u00e9n) st\u00f8beskultermaskine beck-Multiplex MP pico Indgangsmodel til standardanvendelser, fleksibel i brug og brugervenlig. Vedligeholdelsesvenlige forseglingssystemer til alle typer film, 3-sidet forsegling og den nyeste generation [&hellip;]<\/p>\n","protected":false},"featured_media":112344,"template":"","meta":[],"product_brand":[],"product_cat":[3359],"product_tag":[],"class_list":{"0":"post-112341","1":"product","2":"type-product","3":"status-publish","4":"has-post-thumbnail","6":"product_cat-foliepakning-og-straekpakkemaskiner","7":"pa_hersteller-beck","8":"pa_typ-multiplex-pico-mp","10":"first","11":"instock","12":"taxable","13":"shipping-taxable","14":"product-type-simple"},"jetpack_sharing_enabled":true,"_links":{"self":[{"href":"https:\/\/www.3p-gmbh.de\/da\/wp-json\/wp\/v2\/product\/112341","targetHints":{"allow":["GET"]}}],"collection":[{"href":"https:\/\/www.3p-gmbh.de\/da\/wp-json\/wp\/v2\/product"}],"about":[{"href":"https:\/\/www.3p-gmbh.de\/da\/wp-json\/wp\/v2\/types\/product"}],"wp:featuredmedia":[{"embeddable":true,"href":"https:\/\/www.3p-gmbh.de\/da\/wp-json\/wp\/v2\/media\/112344"}],"wp:attachment":[{"href":"https:\/\/www.3p-gmbh.de\/da\/wp-json\/wp\/v2\/media?parent=112341"}],"wp:term":[{"taxonomy":"product_brand","embeddable":true,"href":"https:\/\/www.3p-gmbh.de\/da\/wp-json\/wp\/v2\/product_brand?post=112341"},{"taxonomy":"product_cat","embeddable":true,"href":"https:\/\/www.3p-gmbh.de\/da\/wp-json\/wp\/v2\/product_cat?post=112341"},{"taxonomy":"product_tag","embeddable":true,"href":"https:\/\/www.3p-gmbh.de\/da\/wp-json\/wp\/v2\/product_tag?post=112341"}],"curies":[{"name":"wp","href":"https:\/\/api.w.org\/{rel}","templated":true}]}}