{"id":112287,"date":"2021-11-18T09:53:09","date_gmt":"2021-11-18T09:53:09","guid":{"rendered":"https:\/\/www.3p-gmbh.de\/produkt\/automation-blox-50-u-bloklimemaskine\/"},"modified":"2021-11-18T09:53:09","modified_gmt":"2021-11-18T09:53:09","slug":"automation-blox-50-u-bloklimemaskine","status":"publish","type":"product","link":"https:\/\/www.3p-gmbh.de\/da\/produkt\/automation-blox-50-u-bloklimemaskine\/","title":{"rendered":"Automation Blox 50 U bloklimemaskine"},"content":{"rendered":"<p><strong>Automation Blox 50 U bloklimemaskine<\/strong><br \/>\n<strong>fra Bj. 1994<\/strong><\/p>\n<p>til effektiv produktion af blokke af alle typer i et formatomr\u00e5de fra DIN A6 til DIN A3<br \/>\nog udviklet til b\u00e5de sm\u00e5 og store oplag.<\/p>\n<p>Blokkene er skabt i h\u00e5nden.<br \/>\nAfh\u00e6ngigt af typen af blok, dens tykkelse og st\u00f8rrelse samt forberedelsen,<br \/>\nkan placeres af en investor i op til 1800 blokke.<\/p>\n<p>Det lodrette hotmelt-hoved er en del af den samlede, luftt\u00e6tte forsegling,<br \/>\nvedligeholdelsesfrit og lugtfrit limsystem.<\/p>\n<p>Omslagsfremf\u00f8reren med rilleanordning fremf\u00f8rer omslagsarkene,<br \/>\nsom foldes over p\u00e5 den limede side og fastg\u00f8res til bundpladen med den genaktiverede varme lim.<\/p>\n<p>Blokkene t\u00e6lles og stables n\u00f8jagtigt p\u00e5 leveringsbordet.<br \/>\nog transporteres ud klar til emballering.<\/p>\n<p>Se venligst dokumentet i appendiks for en komplet beskrivelse af maskinen.<\/p>\n<p><a href=\"https:\/\/www.3p-gmbh.de\/wp-content\/uploads\/2021\/11\/BLOX-50-U_Deutsch.doc\">BLOX 50 U_German<\/a><\/p>\n","protected":false},"excerpt":{"rendered":"<p>Automation Blox 50 U bloklimemaskine fra Bj. 1994 til effektiv produktion af blokke af alle typer i et formatomr\u00e5de fra DIN A6 til DIN A3 og udviklet til b\u00e5de sm\u00e5 og store oplag. Blokkene er skabt i h\u00e5nden. Afh\u00e6ngigt af typen af blok, dens tykkelse og st\u00f8rrelse samt forberedelsen, kan placeres af en investor i [&hellip;]<\/p>\n","protected":false},"featured_media":112291,"template":"","meta":[],"product_brand":[],"product_cat":[3299],"product_tag":[],"class_list":{"0":"post-112287","1":"product","2":"type-product","3":"status-publish","4":"has-post-thumbnail","6":"product_cat-sortiment-bogbinding","7":"pa_hersteller-automation","8":"pa_typ-blox-50-u","10":"first","11":"instock","12":"taxable","13":"shipping-taxable","14":"product-type-simple"},"jetpack_sharing_enabled":true,"_links":{"self":[{"href":"https:\/\/www.3p-gmbh.de\/da\/wp-json\/wp\/v2\/product\/112287","targetHints":{"allow":["GET"]}}],"collection":[{"href":"https:\/\/www.3p-gmbh.de\/da\/wp-json\/wp\/v2\/product"}],"about":[{"href":"https:\/\/www.3p-gmbh.de\/da\/wp-json\/wp\/v2\/types\/product"}],"wp:featuredmedia":[{"embeddable":true,"href":"https:\/\/www.3p-gmbh.de\/da\/wp-json\/wp\/v2\/media\/112291"}],"wp:attachment":[{"href":"https:\/\/www.3p-gmbh.de\/da\/wp-json\/wp\/v2\/media?parent=112287"}],"wp:term":[{"taxonomy":"product_brand","embeddable":true,"href":"https:\/\/www.3p-gmbh.de\/da\/wp-json\/wp\/v2\/product_brand?post=112287"},{"taxonomy":"product_cat","embeddable":true,"href":"https:\/\/www.3p-gmbh.de\/da\/wp-json\/wp\/v2\/product_cat?post=112287"},{"taxonomy":"product_tag","embeddable":true,"href":"https:\/\/www.3p-gmbh.de\/da\/wp-json\/wp\/v2\/product_tag?post=112287"}],"curies":[{"name":"wp","href":"https:\/\/api.w.org\/{rel}","templated":true}]}}