{"id":112229,"date":"2021-11-18T10:00:20","date_gmt":"2021-11-18T10:00:20","guid":{"rendered":"https:\/\/www.3p-gmbh.de\/produkt\/constantin-hang-oliemaskine-hang-101-11-piccolo-iii-med-stoettebord-og-hegn\/"},"modified":"2021-11-18T10:00:20","modified_gmt":"2021-11-18T10:00:20","slug":"constantin-hang-oliemaskine-hang-101-11-piccolo-iii-med-stoettebord-og-hegn","status":"publish","type":"product","link":"https:\/\/www.3p-gmbh.de\/da\/produkt\/constantin-hang-oliemaskine-hang-101-11-piccolo-iii-med-stoettebord-og-hegn\/","title":{"rendered":"Constantin Hang oliemaskine Hang 101-11 Piccolo III med st\u00f8ttebord og hegn"},"content":{"rendered":"<p><strong>Constantin Hang oliemaskine Hang 101-11 Piccolo III med st\u00f8ttebord og hegn<\/strong><\/p>\n<ul>\n<li>Til papir, pap eller lignende materialer. Materialer med en tykkelse p\u00e5 op til 2 mm.<\/li>\n<li>Uovertruffen, uovertruffen bev\u00e6gelsesfrihed<\/li>\n<li>Med automatisk olietilf\u00f8rsel via magasin<\/li>\n<li>Stans og \u00f8sken i \u00e9n arbejdsgang, hvor selve \u00f8skenet stanser hullet<\/li>\n<li>til \u00f8jer med en indvendig diameter p\u00e5 5,5 mm (filhuller)<\/li>\n<li>Kan bruges med \u00f8sken model 24 til 2-15 ark<\/li>\n<\/ul>\n","protected":false},"excerpt":{"rendered":"<p>Constantin Hang oliemaskine Hang 101-11 Piccolo III med st\u00f8ttebord og hegn Til papir, pap eller lignende materialer. Materialer med en tykkelse p\u00e5 op til 2 mm. Uovertruffen, uovertruffen bev\u00e6gelsesfrihed Med automatisk olietilf\u00f8rsel via magasin Stans og \u00f8sken i \u00e9n arbejdsgang, hvor selve \u00f8skenet stanser hullet til \u00f8jer med en indvendig diameter p\u00e5 5,5 mm (filhuller) [&hellip;]<\/p>\n","protected":false},"featured_media":112230,"template":"","meta":[],"product_brand":[],"product_cat":[3304],"product_tag":[],"class_list":{"0":"post-112229","1":"product","2":"type-product","3":"status-publish","4":"has-post-thumbnail","6":"product_cat-oliering-af-maskiner","7":"pa_hersteller-constantin-hang","8":"pa_typ-101-11-piccolo-iii","10":"first","11":"instock","12":"taxable","13":"shipping-taxable","14":"product-type-simple"},"jetpack_sharing_enabled":true,"_links":{"self":[{"href":"https:\/\/www.3p-gmbh.de\/da\/wp-json\/wp\/v2\/product\/112229","targetHints":{"allow":["GET"]}}],"collection":[{"href":"https:\/\/www.3p-gmbh.de\/da\/wp-json\/wp\/v2\/product"}],"about":[{"href":"https:\/\/www.3p-gmbh.de\/da\/wp-json\/wp\/v2\/types\/product"}],"wp:featuredmedia":[{"embeddable":true,"href":"https:\/\/www.3p-gmbh.de\/da\/wp-json\/wp\/v2\/media\/112230"}],"wp:attachment":[{"href":"https:\/\/www.3p-gmbh.de\/da\/wp-json\/wp\/v2\/media?parent=112229"}],"wp:term":[{"taxonomy":"product_brand","embeddable":true,"href":"https:\/\/www.3p-gmbh.de\/da\/wp-json\/wp\/v2\/product_brand?post=112229"},{"taxonomy":"product_cat","embeddable":true,"href":"https:\/\/www.3p-gmbh.de\/da\/wp-json\/wp\/v2\/product_cat?post=112229"},{"taxonomy":"product_tag","embeddable":true,"href":"https:\/\/www.3p-gmbh.de\/da\/wp-json\/wp\/v2\/product_tag?post=112229"}],"curies":[{"name":"wp","href":"https:\/\/api.w.org\/{rel}","templated":true}]}}