{"id":112217,"date":"2021-11-18T10:12:49","date_gmt":"2021-11-18T10:12:49","guid":{"rendered":"https:\/\/www.3p-gmbh.de\/produkt\/hocker-polytechnik-tsv-chipudtraekningssystem\/"},"modified":"2021-11-18T10:12:49","modified_gmt":"2021-11-18T10:12:49","slug":"hocker-polytechnik-tsv-chipudtraekningssystem","status":"publish","type":"product","link":"https:\/\/www.3p-gmbh.de\/da\/produkt\/hocker-polytechnik-tsv-chipudtraekningssystem\/","title":{"rendered":"H\u00f6cker Polytechnik TSV-chipudtr\u00e6kningssystem"},"content":{"rendered":"<p><strong>H\u00f6cker Polytechnik TSV-chipudtr\u00e6kningssystem<\/strong><\/p>\n","protected":false},"excerpt":{"rendered":"<p>H\u00f6cker Polytechnik TSV-chipudtr\u00e6kningssystem<\/p>\n","protected":false},"featured_media":112218,"template":"","meta":[],"product_brand":[],"product_cat":[3305],"product_tag":[],"class_list":{"0":"post-112217","1":"product","2":"type-product","3":"status-publish","4":"has-post-thumbnail","6":"product_cat-tilbehoer","7":"pa_hersteller-hoecker-polytechnik","9":"first","10":"instock","11":"taxable","12":"shipping-taxable","13":"product-type-simple"},"jetpack_sharing_enabled":true,"_links":{"self":[{"href":"https:\/\/www.3p-gmbh.de\/da\/wp-json\/wp\/v2\/product\/112217","targetHints":{"allow":["GET"]}}],"collection":[{"href":"https:\/\/www.3p-gmbh.de\/da\/wp-json\/wp\/v2\/product"}],"about":[{"href":"https:\/\/www.3p-gmbh.de\/da\/wp-json\/wp\/v2\/types\/product"}],"wp:featuredmedia":[{"embeddable":true,"href":"https:\/\/www.3p-gmbh.de\/da\/wp-json\/wp\/v2\/media\/112218"}],"wp:attachment":[{"href":"https:\/\/www.3p-gmbh.de\/da\/wp-json\/wp\/v2\/media?parent=112217"}],"wp:term":[{"taxonomy":"product_brand","embeddable":true,"href":"https:\/\/www.3p-gmbh.de\/da\/wp-json\/wp\/v2\/product_brand?post=112217"},{"taxonomy":"product_cat","embeddable":true,"href":"https:\/\/www.3p-gmbh.de\/da\/wp-json\/wp\/v2\/product_cat?post=112217"},{"taxonomy":"product_tag","embeddable":true,"href":"https:\/\/www.3p-gmbh.de\/da\/wp-json\/wp\/v2\/product_tag?post=112217"}],"curies":[{"name":"wp","href":"https:\/\/api.w.org\/{rel}","templated":true}]}}