{"id":112161,"date":"2022-09-04T00:33:01","date_gmt":"2022-09-04T00:33:01","guid":{"rendered":"https:\/\/www.3p-gmbh.de\/produkt\/8-stationer-sugelufttaarn-duplo-med-hoej-stabeldisplay-duplo-dc-48-stk\/"},"modified":"2022-09-04T00:33:01","modified_gmt":"2022-09-04T00:33:01","slug":"8-stationer-sugelufttaarn-duplo-med-hoej-stabeldisplay-duplo-dc-48-stk","status":"publish","type":"product","link":"https:\/\/www.3p-gmbh.de\/da\/produkt\/8-stationer-sugelufttaarn-duplo-med-hoej-stabeldisplay-duplo-dc-48-stk\/","title":{"rendered":"8 stationer sugeluftt\u00e5rn DUPLO med h\u00f8j stabeldisplay Duplo DC 48 stk."},"content":{"rendered":"<p><strong>DUPLO-suget\u00e5rn med 8 stationer<br \/>\n<\/strong><strong>Bygge\u00e5r 1996<\/strong><\/p>\n<p>Trykvakuumpumpe fra Rietschle KTL 40 med 40 m\u00b3\/t bygget i 1996<\/p>\n<p>Duplo DC 48 pc h\u00f8j stabel display<\/p>\n","protected":false},"excerpt":{"rendered":"<p>DUPLO-suget\u00e5rn med 8 stationer Bygge\u00e5r 1996 Trykvakuumpumpe fra Rietschle KTL 40 med 40 m\u00b3\/t bygget i 1996 Duplo DC 48 pc h\u00f8j stabel display<\/p>\n","protected":false},"featured_media":112164,"template":"","meta":[],"product_brand":[],"product_cat":[3376,3299],"product_tag":[],"class_list":{"0":"post-112161","1":"product","2":"type-product","3":"status-publish","4":"has-post-thumbnail","6":"product_cat-maskiner-til-indsamling","7":"product_cat-sortiment-bogbinding","8":"pa_hersteller-duplo","9":"pa_typ-dc-48-st","11":"first","12":"instock","13":"taxable","14":"shipping-taxable","15":"product-type-simple"},"jetpack_sharing_enabled":true,"_links":{"self":[{"href":"https:\/\/www.3p-gmbh.de\/da\/wp-json\/wp\/v2\/product\/112161","targetHints":{"allow":["GET"]}}],"collection":[{"href":"https:\/\/www.3p-gmbh.de\/da\/wp-json\/wp\/v2\/product"}],"about":[{"href":"https:\/\/www.3p-gmbh.de\/da\/wp-json\/wp\/v2\/types\/product"}],"wp:featuredmedia":[{"embeddable":true,"href":"https:\/\/www.3p-gmbh.de\/da\/wp-json\/wp\/v2\/media\/112164"}],"wp:attachment":[{"href":"https:\/\/www.3p-gmbh.de\/da\/wp-json\/wp\/v2\/media?parent=112161"}],"wp:term":[{"taxonomy":"product_brand","embeddable":true,"href":"https:\/\/www.3p-gmbh.de\/da\/wp-json\/wp\/v2\/product_brand?post=112161"},{"taxonomy":"product_cat","embeddable":true,"href":"https:\/\/www.3p-gmbh.de\/da\/wp-json\/wp\/v2\/product_cat?post=112161"},{"taxonomy":"product_tag","embeddable":true,"href":"https:\/\/www.3p-gmbh.de\/da\/wp-json\/wp\/v2\/product_tag?post=112161"}],"curies":[{"name":"wp","href":"https:\/\/api.w.org\/{rel}","templated":true}]}}