{"id":112089,"date":"2019-12-03T15:34:42","date_gmt":"2019-12-03T15:34:42","guid":{"rendered":"https:\/\/www.3p-gmbh.de\/produkt\/stahlfolder-topline-td-66-4-med-dct-styring-3-spaendepladeenhed-heidelberg\/"},"modified":"2019-12-03T15:34:42","modified_gmt":"2019-12-03T15:34:42","slug":"stahlfolder-topline-td-66-4-med-dct-styring-3-spaendepladeenhed-heidelberg","status":"publish","type":"product","link":"https:\/\/www.3p-gmbh.de\/da\/produkt\/stahlfolder-topline-td-66-4-med-dct-styring-3-spaendepladeenhed-heidelberg\/","title":{"rendered":"Stahlfolder Topline TD 66-4 med DCT-styring 3. sp\u00e6ndepladeenhed Heidelberg"},"content":{"rendered":"<p>Format 66 x 84 cm<\/p>\n<p>DCT-kontrol<br \/>\nSkr\u00e5 rullebord Lineal position som 3. position. Arbejde med 4 lommer 66cm<br \/>\nog nedstr\u00f8ms sk\u00e6rehoved<\/p>\n","protected":false},"excerpt":{"rendered":"<p>Format 66 x 84 cm DCT-kontrol Skr\u00e5 rullebord Lineal position som 3. position. Arbejde med 4 lommer 66cm og nedstr\u00f8ms sk\u00e6rehoved<\/p>\n","protected":false},"featured_media":112094,"template":"","meta":[],"product_brand":[],"product_cat":[3325],"product_tag":[],"class_list":{"0":"post-112089","1":"product","2":"type-product","3":"status-publish","4":"has-post-thumbnail","6":"product_cat-sammenklappelige-enheder","7":"pa_hersteller-heidelberg-stahlfolder","8":"pa_typ-topline-td-66-4-mit-dct-steuerung","10":"first","11":"instock","12":"taxable","13":"shipping-taxable","14":"purchasable","15":"product-type-simple"},"jetpack_sharing_enabled":true,"_links":{"self":[{"href":"https:\/\/www.3p-gmbh.de\/da\/wp-json\/wp\/v2\/product\/112089","targetHints":{"allow":["GET"]}}],"collection":[{"href":"https:\/\/www.3p-gmbh.de\/da\/wp-json\/wp\/v2\/product"}],"about":[{"href":"https:\/\/www.3p-gmbh.de\/da\/wp-json\/wp\/v2\/types\/product"}],"wp:featuredmedia":[{"embeddable":true,"href":"https:\/\/www.3p-gmbh.de\/da\/wp-json\/wp\/v2\/media\/112094"}],"wp:attachment":[{"href":"https:\/\/www.3p-gmbh.de\/da\/wp-json\/wp\/v2\/media?parent=112089"}],"wp:term":[{"taxonomy":"product_brand","embeddable":true,"href":"https:\/\/www.3p-gmbh.de\/da\/wp-json\/wp\/v2\/product_brand?post=112089"},{"taxonomy":"product_cat","embeddable":true,"href":"https:\/\/www.3p-gmbh.de\/da\/wp-json\/wp\/v2\/product_cat?post=112089"},{"taxonomy":"product_tag","embeddable":true,"href":"https:\/\/www.3p-gmbh.de\/da\/wp-json\/wp\/v2\/product_tag?post=112089"}],"curies":[{"name":"wp","href":"https:\/\/api.w.org\/{rel}","templated":true}]}}