{"id":112066,"date":"2019-12-03T15:59:15","date_gmt":"2019-12-03T15:59:15","guid":{"rendered":"https:\/\/www.3p-gmbh.de\/produkt\/band-all-model-ba-32-50-mobil-banderoleringsmaskine\/"},"modified":"2019-12-03T15:59:15","modified_gmt":"2019-12-03T15:59:15","slug":"band-all-model-ba-32-50-mobil-banderoleringsmaskine","status":"publish","type":"product","link":"https:\/\/www.3p-gmbh.de\/da\/produkt\/band-all-model-ba-32-50-mobil-banderoleringsmaskine\/","title":{"rendered":"Band All model BA 32-50 mobil banderoleringsmaskine"},"content":{"rendered":"<p>til plastfolie (ogs\u00e5 ekstremt tynd) og papirtape<br \/>\nB\u00e5ndbredde: 50 mm<br \/>\nPakker: 275 x 205 mm<br \/>\nForskellige programmer kan gemmes<br \/>\nJustering af remsp\u00e6ndingen<br \/>\nIndstilling af svejsetid<br \/>\nIndstilling af udf\u00f8relsesl\u00e6ngde<br \/>\nForskellige andre indstillinger<br \/>\nPneumatisk tilslutning (trykluft skal leveres af kunden)<br \/>\nTilslutning: 230 V<br \/>\nV\u00e6gt ca. kg<br \/>\nDimensioner: 700 x 530 x 1.290 mm (B x D x H)<\/p>\n","protected":false},"excerpt":{"rendered":"<p>til plastfolie (ogs\u00e5 ekstremt tynd) og papirtape B\u00e5ndbredde: 50 mm Pakker: 275 x 205 mm Forskellige programmer kan gemmes Justering af remsp\u00e6ndingen Indstilling af svejsetid Indstilling af udf\u00f8relsesl\u00e6ngde Forskellige andre indstillinger Pneumatisk tilslutning (trykluft skal leveres af kunden) Tilslutning: 230 V V\u00e6gt ca. kg Dimensioner: 700 x 530 x 1.290 mm (B x D x [&hellip;]<\/p>\n","protected":false},"featured_media":112070,"template":"","meta":[],"product_brand":[],"product_cat":[3307],"product_tag":[],"class_list":{"0":"post-112066","1":"product","2":"type-product","3":"status-publish","4":"has-post-thumbnail","6":"product_cat-banderoleringsmaskiner","7":"pa_hersteller-band-all","8":"pa_typ-ba-32-50","10":"first","11":"instock","12":"taxable","13":"shipping-taxable","14":"purchasable","15":"product-type-simple"},"jetpack_sharing_enabled":true,"_links":{"self":[{"href":"https:\/\/www.3p-gmbh.de\/da\/wp-json\/wp\/v2\/product\/112066","targetHints":{"allow":["GET"]}}],"collection":[{"href":"https:\/\/www.3p-gmbh.de\/da\/wp-json\/wp\/v2\/product"}],"about":[{"href":"https:\/\/www.3p-gmbh.de\/da\/wp-json\/wp\/v2\/types\/product"}],"wp:featuredmedia":[{"embeddable":true,"href":"https:\/\/www.3p-gmbh.de\/da\/wp-json\/wp\/v2\/media\/112070"}],"wp:attachment":[{"href":"https:\/\/www.3p-gmbh.de\/da\/wp-json\/wp\/v2\/media?parent=112066"}],"wp:term":[{"taxonomy":"product_brand","embeddable":true,"href":"https:\/\/www.3p-gmbh.de\/da\/wp-json\/wp\/v2\/product_brand?post=112066"},{"taxonomy":"product_cat","embeddable":true,"href":"https:\/\/www.3p-gmbh.de\/da\/wp-json\/wp\/v2\/product_cat?post=112066"},{"taxonomy":"product_tag","embeddable":true,"href":"https:\/\/www.3p-gmbh.de\/da\/wp-json\/wp\/v2\/product_tag?post=112066"}],"curies":[{"name":"wp","href":"https:\/\/api.w.org\/{rel}","templated":true}]}}