{"id":111889,"date":"2019-12-05T10:23:37","date_gmt":"2019-12-05T10:23:37","guid":{"rendered":"https:\/\/www.3p-gmbh.de\/produkt\/mega-steel-standard-light-tuning-desk-top-0b-med-mega-steel-skuffekabinet\/"},"modified":"2019-12-05T10:23:37","modified_gmt":"2019-12-05T10:23:37","slug":"mega-steel-standard-light-tuning-desk-top-0b-med-mega-steel-skuffekabinet","status":"publish","type":"product","link":"https:\/\/www.3p-gmbh.de\/da\/produkt\/mega-steel-standard-light-tuning-desk-top-0b-med-mega-steel-skuffekabinet\/","title":{"rendered":"Mega steel standard light tuning desk top 0B med Mega steel skuffekabinet"},"content":{"rendered":"<p>med asymmetrisk farvetestlys for at undg\u00e5 refleksioner og skygger.<br \/>\nFarvetestlampe med specielle lysstofr\u00f8r,<br \/>\nSkr\u00e5t skrivebord og magnetisk bagpanel oplyst til printformat 0B<br \/>\n1 magnetisk bagpanel Brugbare m\u00e5l 100 x 72 cm<\/p>\n","protected":false},"excerpt":{"rendered":"<p>med asymmetrisk farvetestlys for at undg\u00e5 refleksioner og skygger. Farvetestlampe med specielle lysstofr\u00f8r, Skr\u00e5t skrivebord og magnetisk bagpanel oplyst til printformat 0B 1 magnetisk bagpanel Brugbare m\u00e5l 100 x 72 cm<\/p>\n","protected":false},"featured_media":111896,"template":"","meta":[],"product_brand":[],"product_cat":[3524],"product_tag":[],"class_list":{"0":"post-111889","1":"product","2":"type-product","3":"status-publish","4":"has-post-thumbnail","6":"product_cat-maaleinstrumenter-og-kvalitetssikring","7":"pa_hersteller-mega-stahl","9":"first","10":"instock","11":"taxable","12":"shipping-taxable","13":"purchasable","14":"product-type-simple"},"jetpack_sharing_enabled":true,"_links":{"self":[{"href":"https:\/\/www.3p-gmbh.de\/da\/wp-json\/wp\/v2\/product\/111889","targetHints":{"allow":["GET"]}}],"collection":[{"href":"https:\/\/www.3p-gmbh.de\/da\/wp-json\/wp\/v2\/product"}],"about":[{"href":"https:\/\/www.3p-gmbh.de\/da\/wp-json\/wp\/v2\/types\/product"}],"wp:featuredmedia":[{"embeddable":true,"href":"https:\/\/www.3p-gmbh.de\/da\/wp-json\/wp\/v2\/media\/111896"}],"wp:attachment":[{"href":"https:\/\/www.3p-gmbh.de\/da\/wp-json\/wp\/v2\/media?parent=111889"}],"wp:term":[{"taxonomy":"product_brand","embeddable":true,"href":"https:\/\/www.3p-gmbh.de\/da\/wp-json\/wp\/v2\/product_brand?post=111889"},{"taxonomy":"product_cat","embeddable":true,"href":"https:\/\/www.3p-gmbh.de\/da\/wp-json\/wp\/v2\/product_cat?post=111889"},{"taxonomy":"product_tag","embeddable":true,"href":"https:\/\/www.3p-gmbh.de\/da\/wp-json\/wp\/v2\/product_tag?post=111889"}],"curies":[{"name":"wp","href":"https:\/\/api.w.org\/{rel}","templated":true}]}}