{"id":111876,"date":"2019-12-05T13:15:55","date_gmt":"2019-12-05T13:15:55","guid":{"rendered":"https:\/\/www.3p-gmbh.de\/produkt\/ats-tanner-ultrasonic-us-2000-ab-transittransportoer-baandmaskine-med-pneumatisk-produktholder-og-indfoeringsrullebord\/"},"modified":"2019-12-05T13:15:55","modified_gmt":"2019-12-05T13:15:55","slug":"ats-tanner-ultrasonic-us-2000-ab-transittransportoer-baandmaskine-med-pneumatisk-produktholder-og-indfoeringsrullebord","status":"publish","type":"product","link":"https:\/\/www.3p-gmbh.de\/da\/produkt\/ats-tanner-ultrasonic-us-2000-ab-transittransportoer-baandmaskine-med-pneumatisk-produktholder-og-indfoeringsrullebord\/","title":{"rendered":"ATS Tanner UltraSonic US 2000-AB Transittransport\u00f8r-b\u00e5ndmaskine med pneumatisk produktholder og indf\u00f8ringsrullebord"},"content":{"rendered":"<div><span style=\"font-family: Arial;\"><span style=\"color: #0000ff;\"><strong>ATS Tanner UltraSonic US 2000-AB Transit genneml\u00f8bsb\u00e5ndmaskine med Shuttleworth-drevet indf\u00f8ringsrullebord<br \/>\nBygge\u00e5r 2001<br \/>\nT\u00e6ller kun 772.280 omsn\u00f8ringer<\/strong><\/span><\/p>\n<p>Output op til 35 b\u00e5nd pr. minut<br \/>\nArkst\u00f8rrelse 360 x 180 mm<br \/>\nB\u00e5ndbredde 30 mm<\/p>\n<p>Med det integrerede transportb\u00e5nd kan denne model binde en bred vifte af produkter i en enkelt arbejdsgang,<br \/>\ner velegnet til fuldautomatiske pakkelinjer og binder en bred vifte af produkter i en enkelt arbejdsproces.<br \/>\nProdukter som tryksager, computerformularer, mad, bunker af vasket\u00f8j eller tekniske produkter.<\/p>\n<p>Ingen overgang fra papir til film<br \/>\nIngen opvarmningstid, straks klar til brug<br \/>\nUden dannelse af lugt<br \/>\nComputerstyring og LED-fejlindikator<\/p>\n<p>Mindre vedligeholdelse:<br \/>\nAflejringer fra filmbrande og udskiftning af varmeelementer er ikke l\u00e6ngere n\u00f8dvendigt<\/p>\n<p>Specielt udstyr<br \/>\n&#8211; Shuttleworth-drevet indf\u00f8ringsrullebord<span style=\"color: #ff0000;\"> (alle drivremme udskiftet<\/span>)<\/span><\/div>\n<div><span style=\"font-family: Arial;\">&#8211; Pneumatisk bagm\u00e5ler<\/span><\/div>\n<div><span style=\"font-family: Arial;\">&#8211; Pneumatisk centercentrering<\/span><\/div>\n<div><span style=\"font-family: Arial;\">&#8211; To pneumatiske fastholdelsesanordninger<\/span><\/div>\n<div><span style=\"font-family: Arial;\">-en pneumatisk fastholdelsesanordning i arbejdsbredden medf\u00f8lger, hvis centreringsenheden ikke bruges<br \/>\n<span style=\"color: #ff0000;\">&#8211; med Markem termotransfer-printerenhed<\/span><\/span><\/div>\n<div><\/div>\n<div><span style=\"font-family: Arial;\">(Trykluft skal leveres af kunden)<\/span><\/div>\n","protected":false},"excerpt":{"rendered":"<p>ATS Tanner UltraSonic US 2000-AB Transit genneml\u00f8bsb\u00e5ndmaskine med Shuttleworth-drevet indf\u00f8ringsrullebord Bygge\u00e5r 2001 T\u00e6ller kun 772.280 omsn\u00f8ringer Output op til 35 b\u00e5nd pr. minut Arkst\u00f8rrelse 360 x 180 mm B\u00e5ndbredde 30 mm Med det integrerede transportb\u00e5nd kan denne model binde en bred vifte af produkter i en enkelt arbejdsgang, er velegnet til fuldautomatiske pakkelinjer og binder [&hellip;]<\/p>\n","protected":false},"featured_media":111878,"template":"","meta":[],"product_brand":[],"product_cat":[3307],"product_tag":[],"class_list":{"0":"post-111876","1":"product","2":"type-product","3":"status-publish","4":"has-post-thumbnail","6":"product_cat-banderoleringsmaskiner","7":"pa_hersteller-ats-tanner","8":"pa_typ-ultrasonic-us-2000-ab-transit","10":"first","11":"instock","12":"taxable","13":"shipping-taxable","14":"purchasable","15":"product-type-simple"},"jetpack_sharing_enabled":true,"_links":{"self":[{"href":"https:\/\/www.3p-gmbh.de\/da\/wp-json\/wp\/v2\/product\/111876","targetHints":{"allow":["GET"]}}],"collection":[{"href":"https:\/\/www.3p-gmbh.de\/da\/wp-json\/wp\/v2\/product"}],"about":[{"href":"https:\/\/www.3p-gmbh.de\/da\/wp-json\/wp\/v2\/types\/product"}],"wp:featuredmedia":[{"embeddable":true,"href":"https:\/\/www.3p-gmbh.de\/da\/wp-json\/wp\/v2\/media\/111878"}],"wp:attachment":[{"href":"https:\/\/www.3p-gmbh.de\/da\/wp-json\/wp\/v2\/media?parent=111876"}],"wp:term":[{"taxonomy":"product_brand","embeddable":true,"href":"https:\/\/www.3p-gmbh.de\/da\/wp-json\/wp\/v2\/product_brand?post=111876"},{"taxonomy":"product_cat","embeddable":true,"href":"https:\/\/www.3p-gmbh.de\/da\/wp-json\/wp\/v2\/product_cat?post=111876"},{"taxonomy":"product_tag","embeddable":true,"href":"https:\/\/www.3p-gmbh.de\/da\/wp-json\/wp\/v2\/product_tag?post=111876"}],"curies":[{"name":"wp","href":"https:\/\/api.w.org\/{rel}","templated":true}]}}