{"id":111765,"date":"2019-12-09T10:19:45","date_gmt":"2019-12-09T10:19:45","guid":{"rendered":"https:\/\/www.3p-gmbh.de\/produkt\/palleloefter-butler-1200\/"},"modified":"2019-12-09T10:19:45","modified_gmt":"2019-12-09T10:19:45","slug":"palleloefter-butler-1200","status":"publish","type":"product","link":"https:\/\/www.3p-gmbh.de\/da\/produkt\/palleloefter-butler-1200\/","title":{"rendered":"Pallel\u00f8fter Butler 1200"},"content":{"rendered":"<ul>\n<li>Holder pallerne i den optimale arbejdsh\u00f8jde<\/li>\n<li>H\u00e6vning og s\u00e6nkning via tommelfingerknapper<\/li>\n<li>Hjul g\u00f8r det nemt at transportere til arbejdspladsen<\/li>\n<li>Gaffell\u00e6ngde 1100 mm egnet til standard europaller<\/li>\n<li>Egenv\u00e6gt: 330 kg<\/li>\n<li>Belastningskapacitet: 1200 kg<\/li>\n<li>L\u00f8fteh\u00f8jde: 1000 mm<\/li>\n<li>Str\u00f8mforsyning: 380 V, derfor meget bedre end batteridrevne sakselifte<\/li>\n<\/ul>\n","protected":false},"excerpt":{"rendered":"<p>Holder pallerne i den optimale arbejdsh\u00f8jde H\u00e6vning og s\u00e6nkning via tommelfingerknapper Hjul g\u00f8r det nemt at transportere til arbejdspladsen Gaffell\u00e6ngde 1100 mm egnet til standard europaller Egenv\u00e6gt: 330 kg Belastningskapacitet: 1200 kg L\u00f8fteh\u00f8jde: 1000 mm Str\u00f8mforsyning: 380 V, derfor meget bedre end batteridrevne sakselifte<\/p>\n","protected":false},"featured_media":111767,"template":"","meta":[],"product_brand":[],"product_cat":[3320],"product_tag":[],"class_list":{"0":"post-111765","1":"product","2":"type-product","3":"status-publish","4":"has-post-thumbnail","6":"product_cat-stableloeftere-og-stableloeftere","7":"pa_typ-butler-1200","9":"first","10":"instock","11":"taxable","12":"shipping-taxable","13":"purchasable","14":"product-type-simple"},"jetpack_sharing_enabled":true,"_links":{"self":[{"href":"https:\/\/www.3p-gmbh.de\/da\/wp-json\/wp\/v2\/product\/111765","targetHints":{"allow":["GET"]}}],"collection":[{"href":"https:\/\/www.3p-gmbh.de\/da\/wp-json\/wp\/v2\/product"}],"about":[{"href":"https:\/\/www.3p-gmbh.de\/da\/wp-json\/wp\/v2\/types\/product"}],"wp:featuredmedia":[{"embeddable":true,"href":"https:\/\/www.3p-gmbh.de\/da\/wp-json\/wp\/v2\/media\/111767"}],"wp:attachment":[{"href":"https:\/\/www.3p-gmbh.de\/da\/wp-json\/wp\/v2\/media?parent=111765"}],"wp:term":[{"taxonomy":"product_brand","embeddable":true,"href":"https:\/\/www.3p-gmbh.de\/da\/wp-json\/wp\/v2\/product_brand?post=111765"},{"taxonomy":"product_cat","embeddable":true,"href":"https:\/\/www.3p-gmbh.de\/da\/wp-json\/wp\/v2\/product_cat?post=111765"},{"taxonomy":"product_tag","embeddable":true,"href":"https:\/\/www.3p-gmbh.de\/da\/wp-json\/wp\/v2\/product_tag?post=111765"}],"curies":[{"name":"wp","href":"https:\/\/api.w.org\/{rel}","templated":true}]}}