{"id":111747,"date":"2019-12-09T10:37:10","date_gmt":"2019-12-09T10:37:10","guid":{"rendered":"https:\/\/www.3p-gmbh.de\/produkt\/kort-folieskaerer-graa-106-cm\/"},"modified":"2019-12-09T10:37:10","modified_gmt":"2019-12-09T10:37:10","slug":"kort-folieskaerer-graa-106-cm","status":"publish","type":"product","link":"https:\/\/www.3p-gmbh.de\/da\/produkt\/kort-folieskaerer-graa-106-cm\/","title":{"rendered":"Kort foliesk\u00e6rer gr\u00e5 106 cm"},"content":{"rendered":"<ul>\n<li>Foliesk\u00e6rer til at sk\u00e6re pr\u00e6gefolier til i st\u00f8rrelse<\/li>\n<li>med skillekniv<\/li>\n<li>max. Indsatsbredde ca. 106 cm<\/li>\n<li>Str\u00f8mtilslutning: 220 V<\/li>\n<li>til indvendig kernediameter 25 mm<\/li>\n<\/ul>\n<p>&nbsp;<\/p>\n","protected":false},"excerpt":{"rendered":"<p>Foliesk\u00e6rer til at sk\u00e6re pr\u00e6gefolier til i st\u00f8rrelse med skillekniv max. Indsatsbredde ca. 106 cm Str\u00f8mtilslutning: 220 V til indvendig kernediameter 25 mm &nbsp;<\/p>\n","protected":false},"featured_media":111750,"template":"","meta":[],"product_brand":[],"product_cat":[3317,3314],"product_tag":[],"class_list":{"0":"post-111747","1":"product","2":"type-product","3":"status-publish","4":"has-post-thumbnail","6":"product_cat-anden-videreforarbejdning","7":"product_cat-bogtryk","9":"first","10":"instock","11":"taxable","12":"shipping-taxable","13":"purchasable","14":"product-type-simple"},"jetpack_sharing_enabled":true,"_links":{"self":[{"href":"https:\/\/www.3p-gmbh.de\/da\/wp-json\/wp\/v2\/product\/111747","targetHints":{"allow":["GET"]}}],"collection":[{"href":"https:\/\/www.3p-gmbh.de\/da\/wp-json\/wp\/v2\/product"}],"about":[{"href":"https:\/\/www.3p-gmbh.de\/da\/wp-json\/wp\/v2\/types\/product"}],"wp:featuredmedia":[{"embeddable":true,"href":"https:\/\/www.3p-gmbh.de\/da\/wp-json\/wp\/v2\/media\/111750"}],"wp:attachment":[{"href":"https:\/\/www.3p-gmbh.de\/da\/wp-json\/wp\/v2\/media?parent=111747"}],"wp:term":[{"taxonomy":"product_brand","embeddable":true,"href":"https:\/\/www.3p-gmbh.de\/da\/wp-json\/wp\/v2\/product_brand?post=111747"},{"taxonomy":"product_cat","embeddable":true,"href":"https:\/\/www.3p-gmbh.de\/da\/wp-json\/wp\/v2\/product_cat?post=111747"},{"taxonomy":"product_tag","embeddable":true,"href":"https:\/\/www.3p-gmbh.de\/da\/wp-json\/wp\/v2\/product_tag?post=111747"}],"curies":[{"name":"wp","href":"https:\/\/api.w.org\/{rel}","templated":true}]}}