{"id":111683,"date":"2019-12-09T15:50:16","date_gmt":"2019-12-09T15:50:16","guid":{"rendered":"https:\/\/www.3p-gmbh.de\/produkt\/horizon-afc-492sc-2-spaendepladebukkemaskiner-med-knivbukkeenhed-perforering-og-rillning\/"},"modified":"2019-12-09T15:50:16","modified_gmt":"2019-12-09T15:50:16","slug":"horizon-afc-492sc-2-spaendepladebukkemaskiner-med-knivbukkeenhed-perforering-og-rillning","status":"publish","type":"product","link":"https:\/\/www.3p-gmbh.de\/da\/produkt\/horizon-afc-492sc-2-spaendepladebukkemaskiner-med-knivbukkeenhed-perforering-og-rillning\/","title":{"rendered":"Horizon AFC-492sc 2 sp\u00e6ndepladebukkemaskiner med knivbukkeenhed, perforering og rillning"},"content":{"rendered":"<p>Format: 490 mm x 648 mm (19,2&#8243; x 25,5&#8243;)<br \/>\n2 lommer, 1 sv\u00e6rd<br \/>\nTotal- og forudindstillede t\u00e6llere<br \/>\nfra enkelt til 16-siders fold<br \/>\nop til 12.000 ark i timen<\/p>\n<p>Ideel til trykkerier med begr\u00e6nset plads.<br \/>\nInklusive tilbeh\u00f8r og manual<\/p>\n","protected":false},"excerpt":{"rendered":"<p>Format: 490 mm x 648 mm (19,2&#8243; x 25,5&#8243;) 2 lommer, 1 sv\u00e6rd Total- og forudindstillede t\u00e6llere fra enkelt til 16-siders fold op til 12.000 ark i timen Ideel til trykkerier med begr\u00e6nset plads. Inklusive tilbeh\u00f8r og manual<\/p>\n","protected":false},"featured_media":111684,"template":"","meta":[],"product_brand":[],"product_cat":[3389],"product_tag":[],"class_list":{"0":"post-111683","1":"product","2":"type-product","3":"status-publish","4":"has-post-thumbnail","6":"product_cat-foldemaskiner","7":"pa_hersteller-horizon","8":"pa_typ-afc-492sc","10":"first","11":"instock","12":"taxable","13":"shipping-taxable","14":"purchasable","15":"product-type-simple"},"jetpack_sharing_enabled":true,"_links":{"self":[{"href":"https:\/\/www.3p-gmbh.de\/da\/wp-json\/wp\/v2\/product\/111683","targetHints":{"allow":["GET"]}}],"collection":[{"href":"https:\/\/www.3p-gmbh.de\/da\/wp-json\/wp\/v2\/product"}],"about":[{"href":"https:\/\/www.3p-gmbh.de\/da\/wp-json\/wp\/v2\/types\/product"}],"wp:featuredmedia":[{"embeddable":true,"href":"https:\/\/www.3p-gmbh.de\/da\/wp-json\/wp\/v2\/media\/111684"}],"wp:attachment":[{"href":"https:\/\/www.3p-gmbh.de\/da\/wp-json\/wp\/v2\/media?parent=111683"}],"wp:term":[{"taxonomy":"product_brand","embeddable":true,"href":"https:\/\/www.3p-gmbh.de\/da\/wp-json\/wp\/v2\/product_brand?post=111683"},{"taxonomy":"product_cat","embeddable":true,"href":"https:\/\/www.3p-gmbh.de\/da\/wp-json\/wp\/v2\/product_cat?post=111683"},{"taxonomy":"product_tag","embeddable":true,"href":"https:\/\/www.3p-gmbh.de\/da\/wp-json\/wp\/v2\/product_tag?post=111683"}],"curies":[{"name":"wp","href":"https:\/\/api.w.org\/{rel}","templated":true}]}}