{"id":111650,"date":"2019-12-09T16:47:58","date_gmt":"2019-12-09T16:47:58","guid":{"rendered":"https:\/\/www.3p-gmbh.de\/produkt\/stahl-topline-td-94-6-4-rd-spaendeplademappe\/"},"modified":"2019-12-09T16:47:58","modified_gmt":"2019-12-09T16:47:58","slug":"stahl-topline-td-94-6-4-rd-spaendeplademappe","status":"publish","type":"product","link":"https:\/\/www.3p-gmbh.de\/da\/produkt\/stahl-topline-td-94-6-4-rd-spaendeplademappe\/","title":{"rendered":"Stahl Topline TD 94-6-4-RD sp\u00e6ndeplademappe"},"content":{"rendered":"<p>Format 94x128cm<\/p>\n<p>RD 94 rundbuef\u00f8der med DCT-styring og opstr\u00f8ms sk\u00e6rehoved<br \/>\n1. foldeenhed med 6 sp\u00e6ndeplader 94 cm, nedstr\u00f8ms sk\u00e6reaksel<br \/>\n2. foldeenhed med 4 sp\u00e6ndeplader 78 cm, nedstr\u00f8ms sk\u00e6reaksel<br \/>\nUden display<\/p>\n<p>valgfri<\/p>\n<ul>\n<li>3. foldeenhed TD 66-4<br \/>\nBygge\u00e5r 2000<br \/>\nmed 4 lommer 66 cm, bageste knivskaft<\/li>\n<li>Levering af Palamides BA-900-pakke<br \/>\nBygge\u00e5r 2004<br \/>\nmed tredobbelt bundtning<\/li>\n<\/ul>\n","protected":false},"excerpt":{"rendered":"<p>Format 94x128cm RD 94 rundbuef\u00f8der med DCT-styring og opstr\u00f8ms sk\u00e6rehoved 1. foldeenhed med 6 sp\u00e6ndeplader 94 cm, nedstr\u00f8ms sk\u00e6reaksel 2. foldeenhed med 4 sp\u00e6ndeplader 78 cm, nedstr\u00f8ms sk\u00e6reaksel Uden display valgfri 3. foldeenhed TD 66-4 Bygge\u00e5r 2000 med 4 lommer 66 cm, bageste knivskaft Levering af Palamides BA-900-pakke Bygge\u00e5r 2004 med tredobbelt bundtning<\/p>\n","protected":false},"featured_media":111653,"template":"","meta":[],"product_brand":[],"product_cat":[3389],"product_tag":[],"class_list":{"0":"post-111650","1":"product","2":"type-product","3":"status-publish","4":"has-post-thumbnail","6":"product_cat-foldemaskiner","7":"pa_hersteller-heidelberg-stahl","8":"pa_typ-td-94-6-4-rd","10":"first","11":"instock","12":"taxable","13":"shipping-taxable","14":"purchasable","15":"product-type-simple"},"jetpack_sharing_enabled":true,"_links":{"self":[{"href":"https:\/\/www.3p-gmbh.de\/da\/wp-json\/wp\/v2\/product\/111650","targetHints":{"allow":["GET"]}}],"collection":[{"href":"https:\/\/www.3p-gmbh.de\/da\/wp-json\/wp\/v2\/product"}],"about":[{"href":"https:\/\/www.3p-gmbh.de\/da\/wp-json\/wp\/v2\/types\/product"}],"wp:featuredmedia":[{"embeddable":true,"href":"https:\/\/www.3p-gmbh.de\/da\/wp-json\/wp\/v2\/media\/111653"}],"wp:attachment":[{"href":"https:\/\/www.3p-gmbh.de\/da\/wp-json\/wp\/v2\/media?parent=111650"}],"wp:term":[{"taxonomy":"product_brand","embeddable":true,"href":"https:\/\/www.3p-gmbh.de\/da\/wp-json\/wp\/v2\/product_brand?post=111650"},{"taxonomy":"product_cat","embeddable":true,"href":"https:\/\/www.3p-gmbh.de\/da\/wp-json\/wp\/v2\/product_cat?post=111650"},{"taxonomy":"product_tag","embeddable":true,"href":"https:\/\/www.3p-gmbh.de\/da\/wp-json\/wp\/v2\/product_tag?post=111650"}],"curies":[{"name":"wp","href":"https:\/\/api.w.org\/{rel}","templated":true}]}}