{"id":111535,"date":"2019-12-10T13:50:22","date_gmt":"2019-12-10T13:50:22","guid":{"rendered":"https:\/\/www.3p-gmbh.de\/produkt\/grieser-kunzmann-guk-ks-235-3-mobilt-hoejdejusterbart-opretstaaende-display-i-lille-format\/"},"modified":"2019-12-10T13:50:22","modified_gmt":"2019-12-10T13:50:22","slug":"grieser-kunzmann-guk-ks-235-3-mobilt-hoejdejusterbart-opretstaaende-display-i-lille-format","status":"publish","type":"product","link":"https:\/\/www.3p-gmbh.de\/da\/produkt\/grieser-kunzmann-guk-ks-235-3-mobilt-hoejdejusterbart-opretstaaende-display-i-lille-format\/","title":{"rendered":"Grieser &amp; Kunzmann GUK KS 235 \/ 3 mobilt, h\u00f8jdejusterbart opretst\u00e5ende display i lille format"},"content":{"rendered":"<p>med frekvensomformer og forudindstillet t\u00e6ller<\/p>\n<p>Maskine nr. 55661<\/p>\n","protected":false},"excerpt":{"rendered":"<p>med frekvensomformer og forudindstillet t\u00e6ller Maskine nr. 55661<\/p>\n","protected":false},"featured_media":111541,"template":"","meta":[],"product_brand":[],"product_cat":[3333],"product_tag":[],"class_list":{"0":"post-111535","1":"product","2":"type-product","3":"status-publish","4":"has-post-thumbnail","6":"product_cat-udgifter","7":"pa_hersteller-grieser-kunzmann-guk","8":"pa_typ-ks-235-3","10":"first","11":"instock","12":"taxable","13":"shipping-taxable","14":"purchasable","15":"product-type-simple"},"jetpack_sharing_enabled":true,"_links":{"self":[{"href":"https:\/\/www.3p-gmbh.de\/da\/wp-json\/wp\/v2\/product\/111535","targetHints":{"allow":["GET"]}}],"collection":[{"href":"https:\/\/www.3p-gmbh.de\/da\/wp-json\/wp\/v2\/product"}],"about":[{"href":"https:\/\/www.3p-gmbh.de\/da\/wp-json\/wp\/v2\/types\/product"}],"wp:featuredmedia":[{"embeddable":true,"href":"https:\/\/www.3p-gmbh.de\/da\/wp-json\/wp\/v2\/media\/111541"}],"wp:attachment":[{"href":"https:\/\/www.3p-gmbh.de\/da\/wp-json\/wp\/v2\/media?parent=111535"}],"wp:term":[{"taxonomy":"product_brand","embeddable":true,"href":"https:\/\/www.3p-gmbh.de\/da\/wp-json\/wp\/v2\/product_brand?post=111535"},{"taxonomy":"product_cat","embeddable":true,"href":"https:\/\/www.3p-gmbh.de\/da\/wp-json\/wp\/v2\/product_cat?post=111535"},{"taxonomy":"product_tag","embeddable":true,"href":"https:\/\/www.3p-gmbh.de\/da\/wp-json\/wp\/v2\/product_tag?post=111535"}],"curies":[{"name":"wp","href":"https:\/\/api.w.org\/{rel}","templated":true}]}}