{"id":110762,"date":"2020-01-13T11:26:34","date_gmt":"2020-01-13T11:26:34","guid":{"rendered":"https:\/\/www.3p-gmbh.de\/produkt\/korrex-max-simmel-hoejtryks-pastapresse-nurnberg-model\/"},"modified":"2020-01-13T11:26:34","modified_gmt":"2020-01-13T11:26:34","slug":"korrex-max-simmel-hoejtryks-pastapresse-nurnberg-model","status":"publish","type":"product","link":"https:\/\/www.3p-gmbh.de\/da\/produkt\/korrex-max-simmel-hoejtryks-pastapresse-nurnberg-model\/","title":{"rendered":"Korrex Max Simmel H\u00f8jtryks-pastapresse N\u00fcrnberg-model"},"content":{"rendered":"<p>De blev oprindeligt fremstillet som korrekturpresser til typografer, og de er nemme at betjene og leverer rene og skarpkantede tryk via trykcylinderen med arkgriber.<br \/>\nSt\u00f8rre, flade linoleumssnit eller tr\u00e6snit trykkes i fuld st\u00f8rrelse, ligesom plakatbogstaver!<\/p>\n<p>&#8211; Grundst\u00f8rrelse ca. 40&#215;50 cm<br \/>\n&#8211; med arkfremf\u00f8ringsbord format 38x50cm<br \/>\n&#8211; Trykcylinder med l\u00f8ft og gribere<br \/>\n&#8211; Elektrisk drevet farveapparat med 1 fordelervalse, 2 gummifarvevalser (nye ved levering) og 2 st\u00e5lfordelere, hvoraf den ene er iriserende<\/p>\n","protected":false},"excerpt":{"rendered":"<p>De blev oprindeligt fremstillet som korrekturpresser til typografer, og de er nemme at betjene og leverer rene og skarpkantede tryk via trykcylinderen med arkgriber. St\u00f8rre, flade linoleumssnit eller tr\u00e6snit trykkes i fuld st\u00f8rrelse, ligesom plakatbogstaver! &#8211; Grundst\u00f8rrelse ca. 40&#215;50 cm &#8211; med arkfremf\u00f8ringsbord format 38x50cm &#8211; Trykcylinder med l\u00f8ft og gribere &#8211; Elektrisk drevet farveapparat [&hellip;]<\/p>\n","protected":false},"featured_media":110763,"template":"","meta":[],"product_brand":[],"product_cat":[3314],"product_tag":[],"class_list":{"0":"post-110762","1":"product","2":"type-product","3":"status-publish","4":"has-post-thumbnail","6":"product_cat-bogtryk","7":"pa_hersteller-korrex","8":"pa_typ-nuernberg","10":"first","11":"instock","12":"taxable","13":"shipping-taxable","14":"purchasable","15":"product-type-simple"},"jetpack_sharing_enabled":true,"_links":{"self":[{"href":"https:\/\/www.3p-gmbh.de\/da\/wp-json\/wp\/v2\/product\/110762","targetHints":{"allow":["GET"]}}],"collection":[{"href":"https:\/\/www.3p-gmbh.de\/da\/wp-json\/wp\/v2\/product"}],"about":[{"href":"https:\/\/www.3p-gmbh.de\/da\/wp-json\/wp\/v2\/types\/product"}],"wp:featuredmedia":[{"embeddable":true,"href":"https:\/\/www.3p-gmbh.de\/da\/wp-json\/wp\/v2\/media\/110763"}],"wp:attachment":[{"href":"https:\/\/www.3p-gmbh.de\/da\/wp-json\/wp\/v2\/media?parent=110762"}],"wp:term":[{"taxonomy":"product_brand","embeddable":true,"href":"https:\/\/www.3p-gmbh.de\/da\/wp-json\/wp\/v2\/product_brand?post=110762"},{"taxonomy":"product_cat","embeddable":true,"href":"https:\/\/www.3p-gmbh.de\/da\/wp-json\/wp\/v2\/product_cat?post=110762"},{"taxonomy":"product_tag","embeddable":true,"href":"https:\/\/www.3p-gmbh.de\/da\/wp-json\/wp\/v2\/product_tag?post=110762"}],"curies":[{"name":"wp","href":"https:\/\/api.w.org\/{rel}","templated":true}]}}