{"id":110690,"date":"2020-02-03T15:37:40","date_gmt":"2020-02-03T15:37:40","guid":{"rendered":"https:\/\/www.3p-gmbh.de\/produkt\/4-lommer-lille-format-farmaceutisk-foldemaskine-guk-fa-35-4-sva-35-var-hook-in-lille-format-opretstaaende-udlevering-guk-ks-310\/"},"modified":"2020-02-03T15:37:40","modified_gmt":"2020-02-03T15:37:40","slug":"4-lommer-lille-format-farmaceutisk-foldemaskine-guk-fa-35-4-sva-35-var-hook-in-lille-format-opretstaaende-udlevering-guk-ks-310","status":"publish","type":"product","link":"https:\/\/www.3p-gmbh.de\/da\/produkt\/4-lommer-lille-format-farmaceutisk-foldemaskine-guk-fa-35-4-sva-35-var-hook-in-lille-format-opretstaaende-udlevering-guk-ks-310\/","title":{"rendered":"4 lommer lille format farmaceutisk foldemaskine GUK FA 35-4-SVA 35 VAR hook-in lille format opretst\u00e5ende udlevering GUK KS 310"},"content":{"rendered":"<p>4-lommers farmaceutisk foldemaskine i lille format GUK FA 35-4-SVA 35 VAR<br \/>\nNye foldevalser i 2015<br \/>\nMaskine efterset i god stand<\/p>\n<p>&#8211; SVA automatisk tromlef\u00f8der til papir fra 30 &#8211; 180 g\/m\u00b2.<br \/>\n&#8211; T\u00e6ller IZVA 366 T<br \/>\n&#8211; Foldeenhed 1 med 4 lommer 35 cm indf\u00f8ringsbredde og 4 blindlommer<br \/>\n&#8211; Indhakning af lille format opretst\u00e5ende levering GUK KS 310<\/p>\n<p>-MA\u00e1chine manual<\/p>\n<p>maks. format Station I: 32 x 65 cm<br \/>\nmin Format Station I: 6 x 9 cm<br \/>\nMindste fold: 15 mm<\/p>\n","protected":false},"excerpt":{"rendered":"<p>4-lommers farmaceutisk foldemaskine i lille format GUK FA 35-4-SVA 35 VAR Nye foldevalser i 2015 Maskine efterset i god stand &#8211; SVA automatisk tromlef\u00f8der til papir fra 30 &#8211; 180 g\/m\u00b2. &#8211; T\u00e6ller IZVA 366 T &#8211; Foldeenhed 1 med 4 lommer 35 cm indf\u00f8ringsbredde og 4 blindlommer &#8211; Indhakning af lille format opretst\u00e5ende levering [&hellip;]<\/p>\n","protected":false},"featured_media":110692,"template":"","meta":[],"product_brand":[],"product_cat":[3389],"product_tag":[],"class_list":{"0":"post-110690","1":"product","2":"type-product","3":"status-publish","4":"has-post-thumbnail","6":"product_cat-foldemaskiner","7":"pa_hersteller-grieser-kunzmann-guk","8":"pa_typ-guk-fa-35-4-sva-35-var","10":"first","11":"outofstock","12":"sold-individually","13":"taxable","14":"shipping-taxable","15":"purchasable","16":"product-type-simple"},"jetpack_sharing_enabled":true,"_links":{"self":[{"href":"https:\/\/www.3p-gmbh.de\/da\/wp-json\/wp\/v2\/product\/110690","targetHints":{"allow":["GET"]}}],"collection":[{"href":"https:\/\/www.3p-gmbh.de\/da\/wp-json\/wp\/v2\/product"}],"about":[{"href":"https:\/\/www.3p-gmbh.de\/da\/wp-json\/wp\/v2\/types\/product"}],"wp:featuredmedia":[{"embeddable":true,"href":"https:\/\/www.3p-gmbh.de\/da\/wp-json\/wp\/v2\/media\/110692"}],"wp:attachment":[{"href":"https:\/\/www.3p-gmbh.de\/da\/wp-json\/wp\/v2\/media?parent=110690"}],"wp:term":[{"taxonomy":"product_brand","embeddable":true,"href":"https:\/\/www.3p-gmbh.de\/da\/wp-json\/wp\/v2\/product_brand?post=110690"},{"taxonomy":"product_cat","embeddable":true,"href":"https:\/\/www.3p-gmbh.de\/da\/wp-json\/wp\/v2\/product_cat?post=110690"},{"taxonomy":"product_tag","embeddable":true,"href":"https:\/\/www.3p-gmbh.de\/da\/wp-json\/wp\/v2\/product_tag?post=110690"}],"curies":[{"name":"wp","href":"https:\/\/api.w.org\/{rel}","templated":true}]}}