{"id":110627,"date":"2020-02-06T11:05:33","date_gmt":"2020-02-06T11:05:33","guid":{"rendered":"https:\/\/www.3p-gmbh.de\/produkt\/mbo-t-700-4-r-perfection-spaendeplademappe\/"},"modified":"2020-02-06T11:05:33","modified_gmt":"2020-02-06T11:05:33","slug":"mbo-t-700-4-r-perfection-spaendeplademappe","status":"publish","type":"product","link":"https:\/\/www.3p-gmbh.de\/da\/produkt\/mbo-t-700-4-r-perfection-spaendeplademappe\/","title":{"rendered":"MBO T 700-4-R Perfection sp\u00e6ndeplademappe"},"content":{"rendered":"<ul>\n<li>Dualfeed rundbuef\u00f8der med MC Kontrol og Vivas arkindf\u00f8ringssystem med sugeb\u00e6lter<\/li>\n<li>Sammenklappelig enhed 1 med 4 Combiplates 68 cm<\/li>\n<li>Enkle aksler til fr\u00e6serblokke<\/li>\n<li>uden display<\/li>\n<\/ul>\n<p>som en mulighed:<\/p>\n<ul>\n<li>2. foldeenhed T 700-2-68-4<\/li>\n<li>med high-speed rullebord og 4 kombiplader 68 cm<\/li>\n<li>med nedstr\u00f8ms enkelt sk\u00e6reblokaksel<\/li>\n<\/ul>\n","protected":false},"excerpt":{"rendered":"<p>Dualfeed rundbuef\u00f8der med MC Kontrol og Vivas arkindf\u00f8ringssystem med sugeb\u00e6lter Sammenklappelig enhed 1 med 4 Combiplates 68 cm Enkle aksler til fr\u00e6serblokke uden display som en mulighed: 2. foldeenhed T 700-2-68-4 med high-speed rullebord og 4 kombiplader 68 cm med nedstr\u00f8ms enkelt sk\u00e6reblokaksel<\/p>\n","protected":false},"featured_media":110629,"template":"","meta":[],"product_brand":[],"product_cat":[3389],"product_tag":[],"class_list":{"0":"post-110627","1":"product","2":"type-product","3":"status-publish","4":"has-post-thumbnail","6":"product_cat-foldemaskiner","7":"pa_bezeichnung_typ-t-700-4-r","8":"pa_hersteller-mbo-maschinenbau-oppenweiler-binder-gmbh","10":"first","11":"instock","12":"taxable","13":"shipping-taxable","14":"purchasable","15":"product-type-simple"},"jetpack_sharing_enabled":true,"_links":{"self":[{"href":"https:\/\/www.3p-gmbh.de\/da\/wp-json\/wp\/v2\/product\/110627","targetHints":{"allow":["GET"]}}],"collection":[{"href":"https:\/\/www.3p-gmbh.de\/da\/wp-json\/wp\/v2\/product"}],"about":[{"href":"https:\/\/www.3p-gmbh.de\/da\/wp-json\/wp\/v2\/types\/product"}],"wp:featuredmedia":[{"embeddable":true,"href":"https:\/\/www.3p-gmbh.de\/da\/wp-json\/wp\/v2\/media\/110629"}],"wp:attachment":[{"href":"https:\/\/www.3p-gmbh.de\/da\/wp-json\/wp\/v2\/media?parent=110627"}],"wp:term":[{"taxonomy":"product_brand","embeddable":true,"href":"https:\/\/www.3p-gmbh.de\/da\/wp-json\/wp\/v2\/product_brand?post=110627"},{"taxonomy":"product_cat","embeddable":true,"href":"https:\/\/www.3p-gmbh.de\/da\/wp-json\/wp\/v2\/product_cat?post=110627"},{"taxonomy":"product_tag","embeddable":true,"href":"https:\/\/www.3p-gmbh.de\/da\/wp-json\/wp\/v2\/product_tag?post=110627"}],"curies":[{"name":"wp","href":"https:\/\/api.w.org\/{rel}","templated":true}]}}