{"id":110583,"date":"2020-02-10T12:58:11","date_gmt":"2020-02-10T12:58:11","guid":{"rendered":"https:\/\/www.3p-gmbh.de\/produkt\/firelommefaldemaskine-med-rundbunkefoeder-i-staal-td-52-4-rd-med-afskallet-levering\/"},"modified":"2020-02-10T12:58:11","modified_gmt":"2020-02-10T12:58:11","slug":"firelommefaldemaskine-med-rundbunkefoeder-i-staal-td-52-4-rd-med-afskallet-levering","status":"publish","type":"product","link":"https:\/\/www.3p-gmbh.de\/da\/produkt\/firelommefaldemaskine-med-rundbunkefoeder-i-staal-td-52-4-rd-med-afskallet-levering\/","title":{"rendered":"Firelommefaldemaskine med rundbunkef\u00f8der i st\u00e5l TD 52-4-RD med afskallet levering"},"content":{"rendered":"<p>Sp\u00e6ndeplademappe i st\u00e5l TD 52-4-RD med skindbelagt levering<br \/>\nRundbuef\u00f8der med DCT-styring<br \/>\n4 lommer 52 cm, nedstr\u00f8ms sk\u00e6rehoved<br \/>\nUdstilling af krog i skur<\/p>\n","protected":false},"excerpt":{"rendered":"<p>Sp\u00e6ndeplademappe i st\u00e5l TD 52-4-RD med skindbelagt levering Rundbuef\u00f8der med DCT-styring 4 lommer 52 cm, nedstr\u00f8ms sk\u00e6rehoved Udstilling af krog i skur<\/p>\n","protected":false},"featured_media":110585,"template":"","meta":[],"product_brand":[],"product_cat":[3389],"product_tag":[],"class_list":{"0":"post-110583","1":"product","2":"type-product","3":"status-publish","4":"has-post-thumbnail","6":"product_cat-foldemaskiner","7":"pa_hersteller-stahl","8":"pa_typ-td-52-4-rd","10":"first","11":"instock","12":"taxable","13":"shipping-taxable","14":"purchasable","15":"product-type-simple"},"jetpack_sharing_enabled":true,"_links":{"self":[{"href":"https:\/\/www.3p-gmbh.de\/da\/wp-json\/wp\/v2\/product\/110583","targetHints":{"allow":["GET"]}}],"collection":[{"href":"https:\/\/www.3p-gmbh.de\/da\/wp-json\/wp\/v2\/product"}],"about":[{"href":"https:\/\/www.3p-gmbh.de\/da\/wp-json\/wp\/v2\/types\/product"}],"wp:featuredmedia":[{"embeddable":true,"href":"https:\/\/www.3p-gmbh.de\/da\/wp-json\/wp\/v2\/media\/110585"}],"wp:attachment":[{"href":"https:\/\/www.3p-gmbh.de\/da\/wp-json\/wp\/v2\/media?parent=110583"}],"wp:term":[{"taxonomy":"product_brand","embeddable":true,"href":"https:\/\/www.3p-gmbh.de\/da\/wp-json\/wp\/v2\/product_brand?post=110583"},{"taxonomy":"product_cat","embeddable":true,"href":"https:\/\/www.3p-gmbh.de\/da\/wp-json\/wp\/v2\/product_cat?post=110583"},{"taxonomy":"product_tag","embeddable":true,"href":"https:\/\/www.3p-gmbh.de\/da\/wp-json\/wp\/v2\/product_tag?post=110583"}],"curies":[{"name":"wp","href":"https:\/\/api.w.org\/{rel}","templated":true}]}}