{"id":110434,"date":"2020-02-19T15:17:13","date_gmt":"2020-02-19T15:17:13","guid":{"rendered":"https:\/\/www.3p-gmbh.de\/produkt\/heidelberg-qm-46-2-tofarvet-offsetpresse\/"},"modified":"2020-02-19T15:17:13","modified_gmt":"2020-02-19T15:17:13","slug":"heidelberg-qm-46-2-tofarvet-offsetpresse","status":"publish","type":"product","link":"https:\/\/www.3p-gmbh.de\/da\/produkt\/heidelberg-qm-46-2-tofarvet-offsetpresse\/","title":{"rendered":"Heidelberg QM 46-2 tofarvet offsetpresse"},"content":{"rendered":"<div>\n<div class=\"userEdit\" style=\"font-size: 10pt; font-family: arial, helvetica, sans-serif; color: #000000;\">\n<div><span style=\"font-size: 10pt; font-family: arial, helvetica, sans-serif; color: #000000;\"><span style=\"font-family: Arial;\">Heidelberg QM 46-2 tofarvet offsetpresse med pulverenhed<\/span><\/span><\/div>\n<div><span style=\"font-size: 10pt; font-family: arial, helvetica, sans-serif; color: #000000;\"><span style=\"font-family: Arial;\">M\u00e5lerafl\u00e6sning ca. 19 mio. kr. <\/span><\/span><\/div>\n<div><span style=\"font-size: 10pt; font-family: arial, helvetica, sans-serif; color: #000000;\"><span style=\"font-family: Arial;\">Maskin nummer 955751<\/span><\/span><\/div>\n<div><span style=\"font-size: 10pt; font-family: arial, helvetica, sans-serif; color: #000000;\"><span style=\"font-family: Arial;\">inkl. Standardv\u00e6rkt\u00f8j\/tilbeh\u00f8r til r\u00e5dighed<\/span><\/span><\/div>\n<\/div>\n<\/div>\n","protected":false},"excerpt":{"rendered":"<p>Heidelberg QM 46-2 tofarvet offsetpresse med pulverenhed M\u00e5lerafl\u00e6sning ca. 19 mio. kr. Maskin nummer 955751 inkl. Standardv\u00e6rkt\u00f8j\/tilbeh\u00f8r til r\u00e5dighed<\/p>\n","protected":false},"featured_media":110436,"template":"","meta":[],"product_brand":[],"product_cat":[3507],"product_tag":[],"class_list":{"0":"post-110434","1":"product","2":"type-product","3":"status-publish","4":"has-post-thumbnail","6":"product_cat-arkoffset-2-farver","7":"pa_hersteller-heidelberg","8":"pa_typ-qm-46-2","10":"first","11":"instock","12":"taxable","13":"shipping-taxable","14":"purchasable","15":"product-type-simple"},"jetpack_sharing_enabled":true,"_links":{"self":[{"href":"https:\/\/www.3p-gmbh.de\/da\/wp-json\/wp\/v2\/product\/110434","targetHints":{"allow":["GET"]}}],"collection":[{"href":"https:\/\/www.3p-gmbh.de\/da\/wp-json\/wp\/v2\/product"}],"about":[{"href":"https:\/\/www.3p-gmbh.de\/da\/wp-json\/wp\/v2\/types\/product"}],"wp:featuredmedia":[{"embeddable":true,"href":"https:\/\/www.3p-gmbh.de\/da\/wp-json\/wp\/v2\/media\/110436"}],"wp:attachment":[{"href":"https:\/\/www.3p-gmbh.de\/da\/wp-json\/wp\/v2\/media?parent=110434"}],"wp:term":[{"taxonomy":"product_brand","embeddable":true,"href":"https:\/\/www.3p-gmbh.de\/da\/wp-json\/wp\/v2\/product_brand?post=110434"},{"taxonomy":"product_cat","embeddable":true,"href":"https:\/\/www.3p-gmbh.de\/da\/wp-json\/wp\/v2\/product_cat?post=110434"},{"taxonomy":"product_tag","embeddable":true,"href":"https:\/\/www.3p-gmbh.de\/da\/wp-json\/wp\/v2\/product_tag?post=110434"}],"curies":[{"name":"wp","href":"https:\/\/api.w.org\/{rel}","templated":true}]}}